{"id":1061,"date":"2016-08-22T14:30:31","date_gmt":"2016-08-22T12:30:31","guid":{"rendered":"http:\/\/power-and-elegance.de\/?page_id=1061"},"modified":"2022-04-12T14:24:37","modified_gmt":"2022-04-12T12:24:37","slug":"power-elegance-bentley-famous-spear","status":"publish","type":"page","link":"https:\/\/power-and-elegance.de\/de\/irish-wolfhounds\/male\/power-elegance-bentley-famous-spear\/","title":{"rendered":"C.I.B. DJCh.MCh. Power &#038; Elegance Bentley Famous Spear"},"content":{"rendered":"<p><a href=\"http:\/\/power-and-elegance.de\/wp-content\/uploads\/2019\/06\/Ben-rCACIB-Zwolle.jpg\"><img loading=\"lazy\" decoding=\"async\" class=\"alignright size-large wp-image-1998\" src=\"http:\/\/power-and-elegance.de\/wp-content\/uploads\/2019\/06\/Ben-rCACIB-Zwolle-1024x783.jpg\" alt=\"\" width=\"660\" height=\"505\" srcset=\"https:\/\/power-and-elegance.de\/wp-content\/uploads\/2019\/06\/Ben-rCACIB-Zwolle-1024x783.jpg 1024w, https:\/\/power-and-elegance.de\/wp-content\/uploads\/2019\/06\/Ben-rCACIB-Zwolle-300x230.jpg 300w, https:\/\/power-and-elegance.de\/wp-content\/uploads\/2019\/06\/Ben-rCACIB-Zwolle-768x588.jpg 768w, https:\/\/power-and-elegance.de\/wp-content\/uploads\/2019\/06\/Ben-rCACIB-Zwolle-700x536.jpg 700w\" sizes=\"auto, (max-width: 660px) 100vw, 660px\" \/><\/a>geb: 26.07.2015<br \/>\nFarbe: sand gestromt<br \/>\nRufname: &#8222;Ben&#8220;<br \/>\n<strong>steht als Deckr\u00fcde zur Verf\u00fcgung<\/strong><br \/>\n<a href=\"https:\/\/www.iwdb.org\/cD0yMjQ0MzAmZz01.html\">Stammbaum<\/a><\/p>\n<p>Ausstellungstitel:<\/p>\n<ul>\n<li>German junior winner &#8217;16<\/li>\n<li>Deutscher Jugendchampion (DWZRV)<\/li>\n<li>Deutscher Jugendchampion (VDH)<\/li>\n<li>Landessieger Hessen-Th\u00fcringen &#8217;19<\/li>\n<li>Deutscher Champion (DWZRV) (seit 2019)<\/li>\n<li>Deutscher Champion (VDH) (Best\u00e4tigung ausstehend)<\/li>\n<li>Luxemburger Champion (Best\u00e4tigung ausstehend)<\/li>\n<li>Verbandssieger 2021<\/li>\n<li>FCI Internationaler Sch\u00f6nheits-Champion C.I.B. (Best\u00e4tigung ausstehend)<\/li>\n<\/ul>\n<figure id=\"attachment_2120\" aria-describedby=\"caption-attachment-2120\" style=\"width: 660px\" class=\"wp-caption alignright\"><a href=\"http:\/\/power-and-elegance.de\/wp-content\/uploads\/2020\/01\/movement.jpg\"><img loading=\"lazy\" decoding=\"async\" class=\"size-large wp-image-2120\" src=\"http:\/\/power-and-elegance.de\/wp-content\/uploads\/2020\/01\/movement-1024x886.jpg\" alt=\"\" width=\"660\" height=\"571\" srcset=\"https:\/\/power-and-elegance.de\/wp-content\/uploads\/2020\/01\/movement-1024x886.jpg 1024w, https:\/\/power-and-elegance.de\/wp-content\/uploads\/2020\/01\/movement-300x260.jpg 300w, https:\/\/power-and-elegance.de\/wp-content\/uploads\/2020\/01\/movement-768x664.jpg 768w, https:\/\/power-and-elegance.de\/wp-content\/uploads\/2020\/01\/movement-700x606.jpg 700w, https:\/\/power-and-elegance.de\/wp-content\/uploads\/2020\/01\/movement.jpg 1156w\" sizes=\"auto, (max-width: 660px) 100vw, 660px\" \/><\/a><figcaption id=\"caption-attachment-2120\" class=\"wp-caption-text\">Ben @ 4y<br \/>movement\/ Gangwerk<\/figcaption><\/figure>\n<p><span style=\"color: #ff0000;\">Leistungstitel:<\/span><\/p>\n<ul>\n<li><span style=\"color: #ff0000;\">Renn-Lizenz<\/span><\/li>\n<li><span style=\"color: #ff0000;\">Coursing-Lizenz<\/span><\/li>\n<li><span style=\"color: #800000;\">Pr\u00e4dikatsk\u00f6rung f\u00fcr Sch\u00f6nheit &amp; Leistung<br \/>\n<\/span><\/li>\n<\/ul>\n<p>Erfolge:<\/p>\n<ul>\n<li>3 x J\u00fcngsten BOB<\/li>\n<li>Jugendsieger Karlsruhe<\/li>\n<li>Jugend BOB<\/li>\n<li>BOG-2<\/li>\n<li>3 x BOB (\/15, \/9, \/12)<\/li>\n<li>2 x BOS<\/li>\n<li>4 x CACIB<\/li>\n<li><span style=\"color: #ff0000;\">Kurzstreckenmeister &#8217;17 (Schweiz)<\/span><\/li>\n<li><span style=\"color: #ff0000;\">Finalist FCI Europa-Meisterschaft Rennen 2017<\/span><\/li>\n<\/ul>\n<p>begonnene Titel:<\/p>\n<ul>\n<li>Belgischer Champion<\/li>\n<li>Ungarischer Champion<\/li>\n<li>Internationaler Champion<\/li>\n<li><span style=\"color: #ff0000;\">Renn-Leistungs-Urkunde (RLU)<\/span><\/li>\n<li><span style=\"color: #ff0000;\">Coursing-Leistungs-Urkunde (CLU)<\/span><\/li>\n<\/ul>\n<figure id=\"attachment_1432\" aria-describedby=\"caption-attachment-1432\" style=\"width: 300px\" class=\"wp-caption alignright\"><a href=\"http:\/\/power-and-elegance.de\/wp-content\/uploads\/2016\/08\/18010497_826182970869768_8849777965688673543_n.jpg\"><img loading=\"lazy\" decoding=\"async\" class=\"wp-image-1432 size-medium\" src=\"http:\/\/power-and-elegance.de\/wp-content\/uploads\/2016\/08\/18010497_826182970869768_8849777965688673543_n-300x269.jpg\" alt=\"\" width=\"300\" height=\"269\" srcset=\"https:\/\/power-and-elegance.de\/wp-content\/uploads\/2016\/08\/18010497_826182970869768_8849777965688673543_n-300x269.jpg 300w, https:\/\/power-and-elegance.de\/wp-content\/uploads\/2016\/08\/18010497_826182970869768_8849777965688673543_n-768x689.jpg 768w, https:\/\/power-and-elegance.de\/wp-content\/uploads\/2016\/08\/18010497_826182970869768_8849777965688673543_n-700x628.jpg 700w, https:\/\/power-and-elegance.de\/wp-content\/uploads\/2016\/08\/18010497_826182970869768_8849777965688673543_n.jpg 960w\" sizes=\"auto, (max-width: 300px) 100vw, 300px\" \/><\/a><figcaption id=\"caption-attachment-1432\" class=\"wp-caption-text\">Ben auf der Rennbahn<\/figcaption><\/figure>\n<figure id=\"attachment_1506\" aria-describedby=\"caption-attachment-1506\" style=\"width: 660px\" class=\"wp-caption alignright\"><a href=\"http:\/\/power-and-elegance.de\/wp-content\/uploads\/2016\/08\/Ben-A04.jpg\"><img loading=\"lazy\" decoding=\"async\" class=\"wp-image-1506 size-large\" src=\"http:\/\/power-and-elegance.de\/wp-content\/uploads\/2016\/08\/Ben-A04-1024x682.jpg\" alt=\"\" width=\"660\" height=\"440\" srcset=\"https:\/\/power-and-elegance.de\/wp-content\/uploads\/2016\/08\/Ben-A04-1024x682.jpg 1024w, https:\/\/power-and-elegance.de\/wp-content\/uploads\/2016\/08\/Ben-A04-300x200.jpg 300w, https:\/\/power-and-elegance.de\/wp-content\/uploads\/2016\/08\/Ben-A04-768x511.jpg 768w, https:\/\/power-and-elegance.de\/wp-content\/uploads\/2016\/08\/Ben-A04-700x466.jpg 700w, https:\/\/power-and-elegance.de\/wp-content\/uploads\/2016\/08\/Ben-A04.jpg 2048w\" sizes=\"auto, (max-width: 660px) 100vw, 660px\" \/><\/a><figcaption id=\"caption-attachment-1506\" class=\"wp-caption-text\">@ the race track \/ auf der Rennbahn<\/figcaption><\/figure>\n<p><div id='gallery-2' class='gallery galleryid-1061 gallery-columns-3 gallery-size-medium'><figure class='gallery-item'>\n\t\t\t<div class='gallery-icon landscape'>\n\t\t\t\t<a rel='attachment' href='https:\/\/power-and-elegance.de\/de\/irish-wolfhounds\/male\/power-elegance-bentley-famous-spear\/ben-9-5\/'><img loading=\"lazy\" decoding=\"async\" width=\"300\" height=\"200\" src=\"https:\/\/power-and-elegance.de\/wp-content\/uploads\/2016\/08\/Ben-9.5.-300x200.jpg\" class=\"attachment-medium size-medium\" alt=\"\" aria-describedby=\"gallery-2-1429\" srcset=\"https:\/\/power-and-elegance.de\/wp-content\/uploads\/2016\/08\/Ben-9.5.-300x200.jpg 300w, https:\/\/power-and-elegance.de\/wp-content\/uploads\/2016\/08\/Ben-9.5.-768x512.jpg 768w, https:\/\/power-and-elegance.de\/wp-content\/uploads\/2016\/08\/Ben-9.5.-1024x683.jpg 1024w, https:\/\/power-and-elegance.de\/wp-content\/uploads\/2016\/08\/Ben-9.5.-700x467.jpg 700w\" sizes=\"auto, (max-width: 300px) 100vw, 300px\" \/><\/a>\n\t\t\t<\/div>\n\t\t\t\t<figcaption class='wp-caption-text gallery-caption' id='gallery-2-1429'>\n\t\t\t\tBen exc1 rCAC @ 21m\n\t\t\t\t<\/figcaption><\/figure><figure class='gallery-item'>\n\t\t\t<div class='gallery-icon landscape'>\n\t\t\t\t<a rel='attachment' href='https:\/\/power-and-elegance.de\/de\/irish-wolfhounds\/male\/power-elegance-bentley-famous-spear\/ben-16-mon-mittel\/'><img loading=\"lazy\" decoding=\"async\" width=\"300\" height=\"285\" src=\"https:\/\/power-and-elegance.de\/wp-content\/uploads\/2016\/08\/Ben-16-mon-mittel-300x285.jpg\" class=\"attachment-medium size-medium\" alt=\"\" aria-describedby=\"gallery-2-1223\" srcset=\"https:\/\/power-and-elegance.de\/wp-content\/uploads\/2016\/08\/Ben-16-mon-mittel-300x285.jpg 300w, https:\/\/power-and-elegance.de\/wp-content\/uploads\/2016\/08\/Ben-16-mon-mittel-768x729.jpg 768w, https:\/\/power-and-elegance.de\/wp-content\/uploads\/2016\/08\/Ben-16-mon-mittel-1024x972.jpg 1024w, https:\/\/power-and-elegance.de\/wp-content\/uploads\/2016\/08\/Ben-16-mon-mittel-700x665.jpg 700w, https:\/\/power-and-elegance.de\/wp-content\/uploads\/2016\/08\/Ben-16-mon-mittel.jpg 2000w\" sizes=\"auto, (max-width: 300px) 100vw, 300px\" \/><\/a>\n\t\t\t<\/div>\n\t\t\t\t<figcaption class='wp-caption-text gallery-caption' id='gallery-2-1223'>\n\t\t\t\tBen @ 16 mon\n\t\t\t\t<\/figcaption><\/figure><figure class='gallery-item'>\n\t\t\t<div class='gallery-icon landscape'>\n\t\t\t\t<a rel='attachment' href='https:\/\/power-and-elegance.de\/de\/irish-wolfhounds\/male\/power-elegance-bentley-famous-spear\/ben-2\/'><img loading=\"lazy\" decoding=\"async\" width=\"300\" height=\"263\" src=\"https:\/\/power-and-elegance.de\/wp-content\/uploads\/2016\/08\/Ben-1-300x263.jpg\" class=\"attachment-medium size-medium\" alt=\"\" aria-describedby=\"gallery-2-1063\" srcset=\"https:\/\/power-and-elegance.de\/wp-content\/uploads\/2016\/08\/Ben-1-300x263.jpg 300w, https:\/\/power-and-elegance.de\/wp-content\/uploads\/2016\/08\/Ben-1-768x673.jpg 768w, https:\/\/power-and-elegance.de\/wp-content\/uploads\/2016\/08\/Ben-1-700x613.jpg 700w, https:\/\/power-and-elegance.de\/wp-content\/uploads\/2016\/08\/Ben-1.jpg 960w\" sizes=\"auto, (max-width: 300px) 100vw, 300px\" \/><\/a>\n\t\t\t<\/div>\n\t\t\t\t<figcaption class='wp-caption-text gallery-caption' id='gallery-2-1063'>\n\t\t\t\tBen @ 9 mon\n\t\t\t\t<\/figcaption><\/figure><figure class='gallery-item'>\n\t\t\t<div class='gallery-icon landscape'>\n\t\t\t\t<a rel='attachment' href='https:\/\/power-and-elegance.de\/de\/irish-wolfhounds\/male\/power-elegance-bentley-famous-spear\/ben\/'><img loading=\"lazy\" decoding=\"async\" width=\"300\" height=\"205\" src=\"https:\/\/power-and-elegance.de\/wp-content\/uploads\/2016\/08\/Ben-300x205.jpg\" class=\"attachment-medium size-medium\" alt=\"\" aria-describedby=\"gallery-2-1062\" srcset=\"https:\/\/power-and-elegance.de\/wp-content\/uploads\/2016\/08\/Ben-300x205.jpg 300w, https:\/\/power-and-elegance.de\/wp-content\/uploads\/2016\/08\/Ben-768x525.jpg 768w, https:\/\/power-and-elegance.de\/wp-content\/uploads\/2016\/08\/Ben-1024x701.jpg 1024w, https:\/\/power-and-elegance.de\/wp-content\/uploads\/2016\/08\/Ben-700x479.jpg 700w, https:\/\/power-and-elegance.de\/wp-content\/uploads\/2016\/08\/Ben.jpg 2048w\" sizes=\"auto, (max-width: 300px) 100vw, 300px\" \/><\/a>\n\t\t\t<\/div>\n\t\t\t\t<figcaption class='wp-caption-text gallery-caption' id='gallery-2-1062'>\n\t\t\t\tBen @ 8 mon\n\t\t\t\t<\/figcaption><\/figure>\n\t\t<\/div>\n<\/p>","protected":false},"excerpt":{"rendered":"<p>geb: 26.07.2015 Farbe: sand gestromt Rufname: &#8222;Ben&#8220; steht als Deckr\u00fcde zur Verf\u00fcgung Stammbaum Ausstellungstitel: German junior winner &#8217;16 Deutscher Jugendchampion (DWZRV) Deutscher Jugendchampion (VDH) Landessieger Hessen-Th\u00fcringen &#8217;19 Deutscher Champion (DWZRV) (seit 2019) Deutscher Champion (VDH) (Best\u00e4tigung ausstehend) Luxemburger Champion (Best\u00e4tigung ausstehend) Verbandssieger 2021 FCI Internationaler Sch\u00f6nheits-Champion C.I.B. (Best\u00e4tigung ausstehend) Leistungstitel: &#8230;<\/p>\n","protected":false},"author":2,"featured_media":0,"parent":19,"menu_order":0,"comment_status":"closed","ping_status":"closed","template":"","meta":{"ngg_post_thumbnail":0,"footnotes":""},"class_list":["post-1061","page","type-page","status-publish","hentry","column","twocol"],"_links":{"self":[{"href":"https:\/\/power-and-elegance.de\/de\/wp-json\/wp\/v2\/pages\/1061","targetHints":{"allow":["GET"]}}],"collection":[{"href":"https:\/\/power-and-elegance.de\/de\/wp-json\/wp\/v2\/pages"}],"about":[{"href":"https:\/\/power-and-elegance.de\/de\/wp-json\/wp\/v2\/types\/page"}],"author":[{"embeddable":true,"href":"https:\/\/power-and-elegance.de\/de\/wp-json\/wp\/v2\/users\/2"}],"replies":[{"embeddable":true,"href":"https:\/\/power-and-elegance.de\/de\/wp-json\/wp\/v2\/comments?post=1061"}],"version-history":[{"count":52,"href":"https:\/\/power-and-elegance.de\/de\/wp-json\/wp\/v2\/pages\/1061\/revisions"}],"predecessor-version":[{"id":2717,"href":"https:\/\/power-and-elegance.de\/de\/wp-json\/wp\/v2\/pages\/1061\/revisions\/2717"}],"up":[{"embeddable":true,"href":"https:\/\/power-and-elegance.de\/de\/wp-json\/wp\/v2\/pages\/19"}],"wp:attachment":[{"href":"https:\/\/power-and-elegance.de\/de\/wp-json\/wp\/v2\/media?parent=1061"}],"curies":[{"name":"wp","href":"https:\/\/api.w.org\/{rel}","templated":true}]}}