{"id":1078,"date":"2016-09-12T23:23:39","date_gmt":"2016-09-12T21:23:39","guid":{"rendered":"http:\/\/power-and-elegance.de\/?page_id=1078"},"modified":"2022-11-18T17:03:24","modified_gmt":"2022-11-18T16:03:24","slug":"power-elegance-blizzard-butterfly","status":"publish","type":"page","link":"https:\/\/power-and-elegance.de\/de\/irish-wolfhounds\/female\/power-elegance-blizzard-butterfly\/","title":{"rendered":"JCh.MCh. Power &#038; Elegance Blizzard Butterfly"},"content":{"rendered":"<p><figure id=\"attachment_2125\" aria-describedby=\"caption-attachment-2125\" style=\"width: 654px\" class=\"wp-caption alignright\"><a href=\"http:\/\/power-and-elegance.de\/wp-content\/uploads\/2020\/01\/Blizz-Mouscron-2020.jpg\"><img loading=\"lazy\" decoding=\"async\" class=\"wp-image-2125 size-full\" src=\"http:\/\/power-and-elegance.de\/wp-content\/uploads\/2020\/01\/Blizz-Mouscron-2020.jpg\" alt=\"\" width=\"654\" height=\"832\" srcset=\"https:\/\/power-and-elegance.de\/wp-content\/uploads\/2020\/01\/Blizz-Mouscron-2020.jpg 654w, https:\/\/power-and-elegance.de\/wp-content\/uploads\/2020\/01\/Blizz-Mouscron-2020-236x300.jpg 236w\" sizes=\"auto, (max-width: 654px) 100vw, 654px\" \/><\/a><figcaption id=\"caption-attachment-2125\" class=\"wp-caption-text\">Blizz @ 4.5y<br \/>CAC, CACIB, BOS in Mouscron\/BE (pic by Bianca Bekers)<\/figcaption><\/figure><\/p>\n<p>geb.: 26.07.2016<br \/>\nFarbe: sandfarben gestromt<br \/>\nRufname: &#8222;Blizz&#8220; oder &#8222;Miss Blizz&#8220;<br \/>\n<a href=\"https:\/\/www.iwdb.org\/cD0xMTc1MzQmZz01.html\" target=\"_blank\" rel=\"noopener\">Stammbaum<\/a><\/p>\n<p>Gesundheit und Zucht:<\/p>\n<ul>\n<li>Herzuntersuchung in 11\/20 \u2013 ohne Befund, 0 Punkte<\/li>\n<li>sie ist die Mama unseres Power &amp; Elegance Sch\u00f6nheits- und Leistungs- <a href=\"http:\/\/power-and-elegance.de\/we-are-expecting-our-beauty-and-performance-f-litter\/\" rel=\"noopener\">F-Wurfes, <\/a>der am 12.M\u00e4rz 2021 geboren wurde<\/li>\n<li><a href=\"https:\/\/iwdb.org\/cD0xMDAwMDI2NzA3Jmc9NQ%3D%3D.html\" target=\"_blank\" rel=\"noopener\">Stammbaum F-Wurf<\/a><\/li>\n<\/ul>\n<p>Ausstellungs-Titel:<\/p>\n<ul>\n<li>Landesjugendsieger &#8222;Rheinland&#8220; &#8217;16<\/li>\n<li>Deutscher Jugendchampion (DWZRV)<\/li>\n<li>Deutscher Champion (VDH)<\/li>\n<li>Deutscher Champion (DWZRV)<\/li>\n<li>Luxemburger Champion (Best\u00e4tigung ausstehend)<\/li>\n<\/ul>\n<p><span style=\"color: #800000;\">Sch\u00f6nheits- und Leistungs-Titel:<\/span><\/p>\n<ul>\n<li><span style=\"color: #800000;\">Pr\u00e4dikatsk\u00f6rung f\u00fcr Sch\u00f6nheit und Leistung<\/span><\/li>\n<li><span style=\"color: #800000;\">Deutscher Champion f\u00fcr Sch\u00f6nheit und Leistung (seit 2021)<\/span><\/li>\n<li><span style=\"color: #800000;\">Internationaler Champion f\u00fcr Sch\u00f6nheit und Leistung (Best\u00e4tigung ausstehend)<\/span><\/li>\n<li><span style=\"color: #ff0000;\">Renn-Lizenz<\/span><\/li>\n<li><span style=\"color: #ff0000;\">Coursing-Lizenz<\/span><\/li>\n<li><span style=\"color: #ff0000;\">Deutscher Derby Sieger &#8217;18<\/span><\/li>\n<li><span style=\"color: #ff0000;\">Landesrennsieger &#8222;Hessen-Th\u00fcringen&#8220; &#8217;18<\/span><\/li>\n<li><span style=\"color: #ff0000;\">Leistungsurkunde Rennen (seit 2020)<\/span><\/li>\n<li><span style=\"color: #ff0000;\">CACIL-Pr\u00fcfung (seit 2021)<\/span><\/li>\n<li><span style=\"color: #ff0000;\">Belgischer Renn-Champion<\/span><\/li>\n<\/ul>\n<figure id=\"attachment_2415\" aria-describedby=\"caption-attachment-2415\" style=\"width: 660px\" class=\"wp-caption alignright\"><a href=\"http:\/\/power-and-elegance.de\/wp-content\/uploads\/2020\/11\/Blizz-movement.jpg\"><img loading=\"lazy\" decoding=\"async\" class=\"wp-image-2415 size-large\" src=\"http:\/\/power-and-elegance.de\/wp-content\/uploads\/2020\/11\/Blizz-movement-1024x647.jpg\" alt=\"\" width=\"660\" height=\"417\" srcset=\"https:\/\/power-and-elegance.de\/wp-content\/uploads\/2020\/11\/Blizz-movement-1024x647.jpg 1024w, https:\/\/power-and-elegance.de\/wp-content\/uploads\/2020\/11\/Blizz-movement-300x189.jpg 300w, https:\/\/power-and-elegance.de\/wp-content\/uploads\/2020\/11\/Blizz-movement-768x485.jpg 768w, https:\/\/power-and-elegance.de\/wp-content\/uploads\/2020\/11\/Blizz-movement-700x442.jpg 700w\" sizes=\"auto, (max-width: 660px) 100vw, 660px\" \/><\/a><figcaption id=\"caption-attachment-2415\" class=\"wp-caption-text\">Blizz movement<\/figcaption><\/figure>\n<p>Erfolge:<\/p>\n<ul>\n<li>J\u00fcngsten BOB (von 4)<\/li>\n<li>Jugend BOB (von 3)<\/li>\n<li>BOB<\/li>\n<li>BOS<\/li>\n<li>2 x CACIB (+rCACIB aufgewertet)<\/li>\n<li><span style=\"color: #ff0000;\">CACIL<\/span><\/li>\n<li><span style=\"color: #ff0000;\">1 x Bahnrekord<\/span><\/li>\n<\/ul>\n<figure id=\"attachment_2412\" aria-describedby=\"caption-attachment-2412\" style=\"width: 660px\" class=\"wp-caption alignright\"><a href=\"http:\/\/power-and-elegance.de\/wp-content\/uploads\/2020\/11\/b2-Viper-Tomaso-Blizz.jpg\"><img loading=\"lazy\" decoding=\"async\" class=\"wp-image-2412 size-large\" src=\"http:\/\/power-and-elegance.de\/wp-content\/uploads\/2020\/11\/b2-Viper-Tomaso-Blizz-1024x683.jpg\" alt=\"\" width=\"660\" height=\"440\" srcset=\"https:\/\/power-and-elegance.de\/wp-content\/uploads\/2020\/11\/b2-Viper-Tomaso-Blizz.jpg 1024w, https:\/\/power-and-elegance.de\/wp-content\/uploads\/2020\/11\/b2-Viper-Tomaso-Blizz-300x200.jpg 300w, https:\/\/power-and-elegance.de\/wp-content\/uploads\/2020\/11\/b2-Viper-Tomaso-Blizz-768x512.jpg 768w, https:\/\/power-and-elegance.de\/wp-content\/uploads\/2020\/11\/b2-Viper-Tomaso-Blizz-700x467.jpg 700w\" sizes=\"auto, (max-width: 660px) 100vw, 660px\" \/><\/a><figcaption id=\"caption-attachment-2412\" class=\"wp-caption-text\">Blizz in yellow racing on the racetrack on her way to victory<\/figcaption><\/figure>\n<p>Begonnene Titel:<\/p>\n<ul>\n<li>Belgischer Champion<\/li>\n<li>Internationaler Sch\u00f6nheits-Champion<\/li>\n<li><span style=\"color: #ff0000;\">Internationaler Renn-Champion<\/span><\/li>\n<li><span style=\"color: #ff0000;\">Coursing Leistungs-Urkunde CLU<\/span><\/li>\n<\/ul>\n<p><div id='gallery-2' class='gallery galleryid-1078 gallery-columns-3 gallery-size-medium'><figure class='gallery-item'>\n\t\t\t<div class='gallery-icon portrait'>\n\t\t\t\t<a rel='attachment' href='https:\/\/power-and-elegance.de\/de\/irish-wolfhounds\/female\/power-elegance-blizzard-butterfly\/1-blizz\/'><img loading=\"lazy\" decoding=\"async\" width=\"200\" height=\"300\" src=\"https:\/\/power-and-elegance.de\/wp-content\/uploads\/2020\/11\/1-Blizz-200x300.jpg\" class=\"attachment-medium size-medium\" alt=\"\" aria-describedby=\"gallery-2-2413\" srcset=\"https:\/\/power-and-elegance.de\/wp-content\/uploads\/2020\/11\/1-Blizz-200x300.jpg 200w, https:\/\/power-and-elegance.de\/wp-content\/uploads\/2020\/11\/1-Blizz.jpg 683w\" sizes=\"auto, (max-width: 200px) 100vw, 200px\" \/><\/a>\n\t\t\t<\/div>\n\t\t\t\t<figcaption class='wp-caption-text gallery-caption' id='gallery-2-2413'>\n\t\t\t\tBlizz 1st place @ 5y\n\t\t\t\t<\/figcaption><\/figure><figure class='gallery-item'>\n\t\t\t<div class='gallery-icon landscape'>\n\t\t\t\t<a rel='attachment' href='https:\/\/power-and-elegance.de\/de\/irish-wolfhounds\/female\/power-elegance-blizzard-butterfly\/b1-viper-tomaso-blizz\/'><img loading=\"lazy\" decoding=\"async\" width=\"300\" height=\"200\" src=\"https:\/\/power-and-elegance.de\/wp-content\/uploads\/2020\/11\/b1-Viper-Tomaso-Blizz-300x200.jpg\" class=\"attachment-medium size-medium\" alt=\"\" aria-describedby=\"gallery-2-2411\" srcset=\"https:\/\/power-and-elegance.de\/wp-content\/uploads\/2020\/11\/b1-Viper-Tomaso-Blizz-300x200.jpg 300w, https:\/\/power-and-elegance.de\/wp-content\/uploads\/2020\/11\/b1-Viper-Tomaso-Blizz-768x512.jpg 768w, https:\/\/power-and-elegance.de\/wp-content\/uploads\/2020\/11\/b1-Viper-Tomaso-Blizz.jpg 1024w, https:\/\/power-and-elegance.de\/wp-content\/uploads\/2020\/11\/b1-Viper-Tomaso-Blizz-700x467.jpg 700w\" sizes=\"auto, (max-width: 300px) 100vw, 300px\" \/><\/a>\n\t\t\t<\/div>\n\t\t\t\t<figcaption class='wp-caption-text gallery-caption' id='gallery-2-2411'>\n\t\t\t\tBlizz in yellow\n\t\t\t\t<\/figcaption><\/figure><figure class='gallery-item'>\n\t\t\t<div class='gallery-icon landscape'>\n\t\t\t\t<a rel='attachment' href='https:\/\/power-and-elegance.de\/de\/irish-wolfhounds\/female\/power-elegance-blizzard-butterfly\/iw-siegerehrung\/'><img loading=\"lazy\" decoding=\"async\" width=\"300\" height=\"200\" src=\"https:\/\/power-and-elegance.de\/wp-content\/uploads\/2020\/11\/IW-Siegerehrung-300x200.jpg\" class=\"attachment-medium size-medium\" alt=\"\" aria-describedby=\"gallery-2-2414\" srcset=\"https:\/\/power-and-elegance.de\/wp-content\/uploads\/2020\/11\/IW-Siegerehrung-300x200.jpg 300w, https:\/\/power-and-elegance.de\/wp-content\/uploads\/2020\/11\/IW-Siegerehrung-768x512.jpg 768w, https:\/\/power-and-elegance.de\/wp-content\/uploads\/2020\/11\/IW-Siegerehrung-1024x683.jpg 1024w, https:\/\/power-and-elegance.de\/wp-content\/uploads\/2020\/11\/IW-Siegerehrung-700x467.jpg 700w, https:\/\/power-and-elegance.de\/wp-content\/uploads\/2020\/11\/IW-Siegerehrung.jpg 1951w\" sizes=\"auto, (max-width: 300px) 100vw, 300px\" \/><\/a>\n\t\t\t<\/div>\n\t\t\t\t<figcaption class='wp-caption-text gallery-caption' id='gallery-2-2414'>\n\t\t\t\tBlizz 1st place @ 5y\n\t\t\t\t<\/figcaption><\/figure><figure class='gallery-item'>\n\t\t\t<div class='gallery-icon landscape'>\n\t\t\t\t<a rel='attachment' href='https:\/\/power-and-elegance.de\/de\/irish-wolfhounds\/female\/power-elegance-blizzard-butterfly\/blizz-fb\/'><img loading=\"lazy\" decoding=\"async\" width=\"300\" height=\"271\" src=\"https:\/\/power-and-elegance.de\/wp-content\/uploads\/2020\/11\/Blizz-FB-300x271.jpg\" class=\"attachment-medium size-medium\" alt=\"\" aria-describedby=\"gallery-2-2418\" srcset=\"https:\/\/power-and-elegance.de\/wp-content\/uploads\/2020\/11\/Blizz-FB-300x271.jpg 300w, https:\/\/power-and-elegance.de\/wp-content\/uploads\/2020\/11\/Blizz-FB-768x694.jpg 768w, https:\/\/power-and-elegance.de\/wp-content\/uploads\/2020\/11\/Blizz-FB-1024x925.jpg 1024w, https:\/\/power-and-elegance.de\/wp-content\/uploads\/2020\/11\/Blizz-FB-700x632.jpg 700w, https:\/\/power-and-elegance.de\/wp-content\/uploads\/2020\/11\/Blizz-FB.jpg 1780w\" sizes=\"auto, (max-width: 300px) 100vw, 300px\" \/><\/a>\n\t\t\t<\/div>\n\t\t\t\t<figcaption class='wp-caption-text gallery-caption' id='gallery-2-2418'>\n\t\t\t\tBlizz @ 4y\n\t\t\t\t<\/figcaption><\/figure><figure class='gallery-item'>\n\t\t\t<div class='gallery-icon landscape'>\n\t\t\t\t<a rel='attachment' href='https:\/\/power-and-elegance.de\/de\/irish-wolfhounds\/female\/power-elegance-blizzard-butterfly\/44522709_2005721719688371_6595687062064594944_n\/'><img loading=\"lazy\" decoding=\"async\" width=\"300\" height=\"225\" src=\"https:\/\/power-and-elegance.de\/wp-content\/uploads\/2020\/11\/44522709_2005721719688371_6595687062064594944_n-300x225.jpg\" class=\"attachment-medium size-medium\" alt=\"\" aria-describedby=\"gallery-2-2417\" srcset=\"https:\/\/power-and-elegance.de\/wp-content\/uploads\/2020\/11\/44522709_2005721719688371_6595687062064594944_n-300x225.jpg 300w, https:\/\/power-and-elegance.de\/wp-content\/uploads\/2020\/11\/44522709_2005721719688371_6595687062064594944_n-768x576.jpg 768w, https:\/\/power-and-elegance.de\/wp-content\/uploads\/2020\/11\/44522709_2005721719688371_6595687062064594944_n-1024x768.jpg 1024w, https:\/\/power-and-elegance.de\/wp-content\/uploads\/2020\/11\/44522709_2005721719688371_6595687062064594944_n-700x525.jpg 700w, https:\/\/power-and-elegance.de\/wp-content\/uploads\/2020\/11\/44522709_2005721719688371_6595687062064594944_n.jpg 1764w\" sizes=\"auto, (max-width: 300px) 100vw, 300px\" \/><\/a>\n\t\t\t<\/div>\n\t\t\t\t<figcaption class='wp-caption-text gallery-caption' id='gallery-2-2417'>\n\t\t\t\tBlizz County Racing Winner &#8217;18\n\t\t\t\t<\/figcaption><\/figure><figure class='gallery-item'>\n\t\t\t<div class='gallery-icon landscape'>\n\t\t\t\t<a rel='attachment' href='https:\/\/power-and-elegance.de\/de\/irish-wolfhounds\/female\/power-elegance-blizzard-butterfly\/blizz-3\/'><img loading=\"lazy\" decoding=\"async\" width=\"300\" height=\"241\" src=\"https:\/\/power-and-elegance.de\/wp-content\/uploads\/2020\/11\/Blizz-300x241.jpg\" class=\"attachment-medium size-medium\" alt=\"\" aria-describedby=\"gallery-2-2416\" srcset=\"https:\/\/power-and-elegance.de\/wp-content\/uploads\/2020\/11\/Blizz-300x241.jpg 300w, https:\/\/power-and-elegance.de\/wp-content\/uploads\/2020\/11\/Blizz-768x616.jpg 768w, https:\/\/power-and-elegance.de\/wp-content\/uploads\/2020\/11\/Blizz-1024x821.jpg 1024w, https:\/\/power-and-elegance.de\/wp-content\/uploads\/2020\/11\/Blizz-700x561.jpg 700w, https:\/\/power-and-elegance.de\/wp-content\/uploads\/2020\/11\/Blizz.jpg 1982w\" sizes=\"auto, (max-width: 300px) 100vw, 300px\" \/><\/a>\n\t\t\t<\/div>\n\t\t\t\t<figcaption class='wp-caption-text gallery-caption' id='gallery-2-2416'>\n\t\t\t\tBlizz German Derby Winner &#8217;18\n\t\t\t\t<\/figcaption><\/figure><figure class='gallery-item'>\n\t\t\t<div class='gallery-icon landscape'>\n\t\t\t\t<a rel='attachment' href='https:\/\/power-and-elegance.de\/de\/irish-wolfhounds\/female\/power-elegance-blizzard-butterfly\/blizz-5\/'><img loading=\"lazy\" decoding=\"async\" width=\"300\" height=\"169\" src=\"https:\/\/power-and-elegance.de\/wp-content\/uploads\/2016\/09\/Blizz-5-300x169.jpg\" class=\"attachment-medium size-medium\" alt=\"\" aria-describedby=\"gallery-2-1638\" srcset=\"https:\/\/power-and-elegance.de\/wp-content\/uploads\/2016\/09\/Blizz-5-300x169.jpg 300w, https:\/\/power-and-elegance.de\/wp-content\/uploads\/2016\/09\/Blizz-5-768x432.jpg 768w, https:\/\/power-and-elegance.de\/wp-content\/uploads\/2016\/09\/Blizz-5-1024x576.jpg 1024w, https:\/\/power-and-elegance.de\/wp-content\/uploads\/2016\/09\/Blizz-5-700x393.jpg 700w, https:\/\/power-and-elegance.de\/wp-content\/uploads\/2016\/09\/Blizz-5.jpg 2048w\" sizes=\"auto, (max-width: 300px) 100vw, 300px\" \/><\/a>\n\t\t\t<\/div>\n\t\t\t\t<figcaption class='wp-caption-text gallery-caption' id='gallery-2-1638'>\n\t\t\t\tBlizz on the sand track\n\t\t\t\t<\/figcaption><\/figure><figure class='gallery-item'>\n\t\t\t<div class='gallery-icon landscape'>\n\t\t\t\t<a rel='attachment' href='https:\/\/power-and-elegance.de\/de\/irish-wolfhounds\/female\/power-elegance-blizzard-butterfly\/ljs-rheinland-2016-jbob\/'><img loading=\"lazy\" decoding=\"async\" width=\"300\" height=\"275\" src=\"https:\/\/power-and-elegance.de\/wp-content\/uploads\/2016\/09\/LJS-Rheinland-2016-JBOB-300x275.jpg\" class=\"attachment-medium size-medium\" alt=\"\" aria-describedby=\"gallery-2-1091\" srcset=\"https:\/\/power-and-elegance.de\/wp-content\/uploads\/2016\/09\/LJS-Rheinland-2016-JBOB-300x275.jpg 300w, https:\/\/power-and-elegance.de\/wp-content\/uploads\/2016\/09\/LJS-Rheinland-2016-JBOB-768x705.jpg 768w, https:\/\/power-and-elegance.de\/wp-content\/uploads\/2016\/09\/LJS-Rheinland-2016-JBOB-1024x940.jpg 1024w, https:\/\/power-and-elegance.de\/wp-content\/uploads\/2016\/09\/LJS-Rheinland-2016-JBOB-700x643.jpg 700w\" sizes=\"auto, (max-width: 300px) 100vw, 300px\" \/><\/a>\n\t\t\t<\/div>\n\t\t\t\t<figcaption class='wp-caption-text gallery-caption' id='gallery-2-1091'>\n\t\t\t\tLandesjugendsieger &#8222;Rheinland&#8220; &#8217;16 + Jugend BOB mit 13 Monaten\n\t\t\t\t<\/figcaption><\/figure>\n\t\t<\/div>\n<\/p>","protected":false},"excerpt":{"rendered":"<p>geb.: 26.07.2016 Farbe: sandfarben gestromt Rufname: &#8222;Blizz&#8220; oder &#8222;Miss Blizz&#8220; Stammbaum Gesundheit und Zucht: Herzuntersuchung in 11\/20 \u2013 ohne Befund, 0 Punkte sie ist die Mama unseres Power &amp; Elegance Sch\u00f6nheits- und Leistungs- F-Wurfes, der am 12.M\u00e4rz 2021 geboren wurde Stammbaum F-Wurf Ausstellungs-Titel: Landesjugendsieger &#8222;Rheinland&#8220; &#8217;16 Deutscher Jugendchampion (DWZRV) Deutscher &#8230;<\/p>\n","protected":false},"author":2,"featured_media":0,"parent":21,"menu_order":0,"comment_status":"closed","ping_status":"closed","template":"","meta":{"ngg_post_thumbnail":0,"footnotes":""},"class_list":["post-1078","page","type-page","status-publish","hentry","column","twocol"],"_links":{"self":[{"href":"https:\/\/power-and-elegance.de\/de\/wp-json\/wp\/v2\/pages\/1078","targetHints":{"allow":["GET"]}}],"collection":[{"href":"https:\/\/power-and-elegance.de\/de\/wp-json\/wp\/v2\/pages"}],"about":[{"href":"https:\/\/power-and-elegance.de\/de\/wp-json\/wp\/v2\/types\/page"}],"author":[{"embeddable":true,"href":"https:\/\/power-and-elegance.de\/de\/wp-json\/wp\/v2\/users\/2"}],"replies":[{"embeddable":true,"href":"https:\/\/power-and-elegance.de\/de\/wp-json\/wp\/v2\/comments?post=1078"}],"version-history":[{"count":53,"href":"https:\/\/power-and-elegance.de\/de\/wp-json\/wp\/v2\/pages\/1078\/revisions"}],"predecessor-version":[{"id":2743,"href":"https:\/\/power-and-elegance.de\/de\/wp-json\/wp\/v2\/pages\/1078\/revisions\/2743"}],"up":[{"embeddable":true,"href":"https:\/\/power-and-elegance.de\/de\/wp-json\/wp\/v2\/pages\/21"}],"wp:attachment":[{"href":"https:\/\/power-and-elegance.de\/de\/wp-json\/wp\/v2\/media?parent=1078"}],"curies":[{"name":"wp","href":"https:\/\/api.w.org\/{rel}","templated":true}]}}