{"id":1141,"date":"2016-11-07T22:36:47","date_gmt":"2016-11-07T21:36:47","guid":{"rendered":"http:\/\/power-and-elegance.de\/?page_id=1141"},"modified":"2023-03-19T09:42:32","modified_gmt":"2023-03-19T08:42:32","slug":"power-elegance-callme-chanel","status":"publish","type":"page","link":"https:\/\/power-and-elegance.de\/de\/borzois\/female\/power-elegance-callme-chanel\/","title":{"rendered":"MCh. Power &#038; Elegance Callme Chanel"},"content":{"rendered":"<p><figure id=\"attachment_2146\" aria-describedby=\"caption-attachment-2146\" style=\"width: 600px\" class=\"wp-caption alignright\"><a href=\"http:\/\/power-and-elegance.de\/wp-content\/uploads\/2020\/02\/BEST_OF_BREED_763_LR_DOGSHOW_EINDHOVEN_2020_KYNOWEB_KY3_1887_20200208_12_33_17.jpg\"><img loading=\"lazy\" decoding=\"async\" class=\"wp-image-2146\" src=\"http:\/\/power-and-elegance.de\/wp-content\/uploads\/2020\/02\/BEST_OF_BREED_763_LR_DOGSHOW_EINDHOVEN_2020_KYNOWEB_KY3_1887_20200208_12_33_17-300x300.jpg\" alt=\"\" width=\"600\" height=\"600\" srcset=\"https:\/\/power-and-elegance.de\/wp-content\/uploads\/2020\/02\/BEST_OF_BREED_763_LR_DOGSHOW_EINDHOVEN_2020_KYNOWEB_KY3_1887_20200208_12_33_17-300x300.jpg 300w, https:\/\/power-and-elegance.de\/wp-content\/uploads\/2020\/02\/BEST_OF_BREED_763_LR_DOGSHOW_EINDHOVEN_2020_KYNOWEB_KY3_1887_20200208_12_33_17-150x150.jpg 150w, https:\/\/power-and-elegance.de\/wp-content\/uploads\/2020\/02\/BEST_OF_BREED_763_LR_DOGSHOW_EINDHOVEN_2020_KYNOWEB_KY3_1887_20200208_12_33_17-768x768.jpg 768w, https:\/\/power-and-elegance.de\/wp-content\/uploads\/2020\/02\/BEST_OF_BREED_763_LR_DOGSHOW_EINDHOVEN_2020_KYNOWEB_KY3_1887_20200208_12_33_17-432x432.jpg 432w, https:\/\/power-and-elegance.de\/wp-content\/uploads\/2020\/02\/BEST_OF_BREED_763_LR_DOGSHOW_EINDHOVEN_2020_KYNOWEB_KY3_1887_20200208_12_33_17-268x268.jpg 268w, https:\/\/power-and-elegance.de\/wp-content\/uploads\/2020\/02\/BEST_OF_BREED_763_LR_DOGSHOW_EINDHOVEN_2020_KYNOWEB_KY3_1887_20200208_12_33_17-700x700.jpg 700w, https:\/\/power-and-elegance.de\/wp-content\/uploads\/2020\/02\/BEST_OF_BREED_763_LR_DOGSHOW_EINDHOVEN_2020_KYNOWEB_KY3_1887_20200208_12_33_17.jpg 900w\" sizes=\"auto, (max-width: 600px) 100vw, 600px\" \/><\/a><figcaption id=\"caption-attachment-2146\" class=\"wp-caption-text\">3.5y<\/figcaption><\/figure><\/p>\n<p>geb 14.06.2016<br \/>\nFarbe: wei\u00df mit silber<br \/>\nRufname: \u201cChanel\u201d<\/p>\n<p><a href=\"https:\/\/borzoi.breedarchive.com\/animal\/view\/power-elegance-callme-chanel-378614ee-f5a9-4064-9a0d-e4149ee77b39\" target=\"_blank\" rel=\"noopener\">pedigree von Chanel<\/a><\/p>\n<p>Zucht:<\/p>\n<ul>\n<li>Mutter des Ischyma J2-Wurfes<\/li>\n<\/ul>\n<p>Ausstellungs-Titel:<\/p>\n<ul>\n<li>Schweizer Ausstellungs-Champion (seit 2019)<\/li>\n<li>Schweizer Sch\u00f6nheits-Champion (seit 2019)<\/li>\n<li>Deutscher Champion<\/li>\n<li>Luxemburger Champion<\/li>\n<li>Landessieger Nordbayern &#8217;22<\/li>\n<li>German Winner &#8217;22<\/li>\n<\/ul>\n<figure id=\"attachment_2106\" aria-describedby=\"caption-attachment-2106\" style=\"width: 660px\" class=\"wp-caption alignright\"><a href=\"http:\/\/power-and-elegance.de\/wp-content\/uploads\/2020\/01\/b-05.jpg\"><img loading=\"lazy\" decoding=\"async\" class=\"size-large wp-image-2106\" src=\"http:\/\/power-and-elegance.de\/wp-content\/uploads\/2020\/01\/b-05-1024x683.jpg\" alt=\"\" width=\"660\" height=\"440\" srcset=\"https:\/\/power-and-elegance.de\/wp-content\/uploads\/2020\/01\/b-05-1024x683.jpg 1024w, https:\/\/power-and-elegance.de\/wp-content\/uploads\/2020\/01\/b-05-300x200.jpg 300w, https:\/\/power-and-elegance.de\/wp-content\/uploads\/2020\/01\/b-05-768x512.jpg 768w, https:\/\/power-and-elegance.de\/wp-content\/uploads\/2020\/01\/b-05-700x467.jpg 700w, https:\/\/power-and-elegance.de\/wp-content\/uploads\/2020\/01\/b-05.jpg 2048w\" sizes=\"auto, (max-width: 660px) 100vw, 660px\" \/><\/a><figcaption id=\"caption-attachment-2106\" class=\"wp-caption-text\">3y<\/figcaption><\/figure>\n<p><span style=\"color: #ff0000;\">Leistungs-Titel:<\/span><\/p>\n<ul>\n<li><span style=\"color: #800000;\">Pr\u00e4dikatsk\u00f6rung f\u00fcr Sch\u00f6nheit und Leistung<\/span><\/li>\n<li><span style=\"color: #ff0000;\">Renn-Lizenz<\/span><\/li>\n<li><span style=\"color: #ff0000;\">Coursing-Lizenz<\/span><\/li>\n<li><span style=\"color: #ff0000;\">Deutscher Derby Sieger &#8217;18<\/span><\/li>\n<li><span style=\"color: #ff0000;\">Landesrennsieger Rheinland &#8217;18<\/span><\/li>\n<li><span style=\"color: #ff0000;\">Leistungs-Urkunde Rennen (=RLU)<br \/>\n<\/span><\/li>\n<li><span style=\"color: #ff0000;\">Gebrauchshunde-Zertifikat<\/span><\/li>\n<\/ul>\n<p>Erfolge:<\/p>\n<ul>\n<li>3 x CACIB<\/li>\n<li>4 x res CACIB<\/li>\n<li>BOB<\/li>\n<li>BOS<\/li>\n<li>Gebrauchshunde BISS<\/li>\n<li><span style=\"color: #ff0000;\">Vize Deutscher Kurzstreckenmeister &#8217;19<\/span><\/li>\n<li><span style=\"color: #ff0000;\">Vize Bundesrennsieger &#8217;19<\/span><\/li>\n<li><span style=\"color: #ff0000;\">Vize Verbandsrennsieger &#8217;19<\/span><\/li>\n<li><span style=\"color: #ff0000;\">Platz 3 von 7 bei der FCI REM &#8217;19<\/span><\/li>\n<\/ul>\n<p>begonnene Titel:<\/p>\n<ul>\n<li>Niederl\u00e4ndischer Champion<\/li>\n<li>Internationaler Sch\u00f6nheits-Champion<\/li>\n<li><span style=\"color: #800000;\">Deutscher Champion f\u00fcr Sch\u00f6nheit und Leistung<\/span><\/li>\n<li><span style=\"color: #800000;\">Internationaler Champion f\u00fcr Sch\u00f6nheit und Leistung<\/span><\/li>\n<li><span style=\"color: #ff0000;\">Belgischer Renn-Champion<\/span><\/li>\n<li><span style=\"color: #ff0000;\">Coursing-Leistungs-Urkunde (=CLU)<\/span><\/li>\n<\/ul>\n<p><div id='gallery-2' class='gallery galleryid-1141 gallery-columns-3 gallery-size-medium'><figure class='gallery-item'>\n\t\t\t<div class='gallery-icon portrait'>\n\t\t\t\t<a rel='attachment' href='https:\/\/power-and-elegance.de\/de\/borzois\/female\/power-elegance-callme-chanel\/1-2\/'><img loading=\"lazy\" decoding=\"async\" width=\"232\" height=\"300\" src=\"https:\/\/power-and-elegance.de\/wp-content\/uploads\/2023\/01\/1-1-232x300.jpg\" class=\"attachment-medium size-medium\" alt=\"\" aria-describedby=\"gallery-2-2792\" srcset=\"https:\/\/power-and-elegance.de\/wp-content\/uploads\/2023\/01\/1-1-232x300.jpg 232w, https:\/\/power-and-elegance.de\/wp-content\/uploads\/2023\/01\/1-1-792x1024.jpg 792w, https:\/\/power-and-elegance.de\/wp-content\/uploads\/2023\/01\/1-1-768x994.jpg 768w, https:\/\/power-and-elegance.de\/wp-content\/uploads\/2023\/01\/1-1-1187x1536.jpg 1187w, https:\/\/power-and-elegance.de\/wp-content\/uploads\/2023\/01\/1-1-700x906.jpg 700w, https:\/\/power-and-elegance.de\/wp-content\/uploads\/2023\/01\/1-1.jpg 1583w\" sizes=\"auto, (max-width: 232px) 100vw, 232px\" \/><\/a>\n\t\t\t<\/div>\n\t\t\t\t<figcaption class='wp-caption-text gallery-caption' id='gallery-2-2792'>\n\t\t\t\t6y\n\t\t\t\t<\/figcaption><\/figure><figure class='gallery-item'>\n\t\t\t<div class='gallery-icon landscape'>\n\t\t\t\t<a rel='attachment' href='https:\/\/power-and-elegance.de\/de\/borzois\/female\/power-elegance-callme-chanel\/2-bob-bos-2\/'><img loading=\"lazy\" decoding=\"async\" width=\"300\" height=\"225\" src=\"https:\/\/power-and-elegance.de\/wp-content\/uploads\/2023\/01\/2-BOB-BOS-1-300x225.jpg\" class=\"attachment-medium size-medium\" alt=\"\" aria-describedby=\"gallery-2-2791\" srcset=\"https:\/\/power-and-elegance.de\/wp-content\/uploads\/2023\/01\/2-BOB-BOS-1-300x225.jpg 300w, https:\/\/power-and-elegance.de\/wp-content\/uploads\/2023\/01\/2-BOB-BOS-1-768x576.jpg 768w, https:\/\/power-and-elegance.de\/wp-content\/uploads\/2023\/01\/2-BOB-BOS-1-700x525.jpg 700w, https:\/\/power-and-elegance.de\/wp-content\/uploads\/2023\/01\/2-BOB-BOS-1.jpg 960w\" sizes=\"auto, (max-width: 300px) 100vw, 300px\" \/><\/a>\n\t\t\t<\/div>\n\t\t\t\t<figcaption class='wp-caption-text gallery-caption' id='gallery-2-2791'>\n\t\t\t\tChanel BOB von 25 @ 6y\n\t\t\t\t<\/figcaption><\/figure><figure class='gallery-item'>\n\t\t\t<div class='gallery-icon landscape'>\n\t\t\t\t<a rel='attachment' href='https:\/\/power-and-elegance.de\/de\/borzois\/female\/power-elegance-callme-chanel\/chanel-ischyma-j2-litter-2\/'><img loading=\"lazy\" decoding=\"async\" width=\"300\" height=\"216\" src=\"https:\/\/power-and-elegance.de\/wp-content\/uploads\/2021\/01\/Chanel-Ischyma-J2-litter-1-300x216.jpg\" class=\"attachment-medium size-medium\" alt=\"\" aria-describedby=\"gallery-2-2521\" srcset=\"https:\/\/power-and-elegance.de\/wp-content\/uploads\/2021\/01\/Chanel-Ischyma-J2-litter-1-300x216.jpg 300w, https:\/\/power-and-elegance.de\/wp-content\/uploads\/2021\/01\/Chanel-Ischyma-J2-litter-1-768x553.jpg 768w, https:\/\/power-and-elegance.de\/wp-content\/uploads\/2021\/01\/Chanel-Ischyma-J2-litter-1-700x504.jpg 700w, https:\/\/power-and-elegance.de\/wp-content\/uploads\/2021\/01\/Chanel-Ischyma-J2-litter-1.jpg 850w\" sizes=\"auto, (max-width: 300px) 100vw, 300px\" \/><\/a>\n\t\t\t<\/div>\n\t\t\t\t<figcaption class='wp-caption-text gallery-caption' id='gallery-2-2521'>\n\t\t\t\tIschyma J2-Wurf 2020\n\t\t\t\t<\/figcaption><\/figure><figure class='gallery-item'>\n\t\t\t<div class='gallery-icon landscape'>\n\t\t\t\t<a rel='attachment' href='https:\/\/power-and-elegance.de\/de\/borzois\/female\/power-elegance-callme-chanel\/brace_2_copyrightfree_dogshow_eindhoven_2020_kynoweb_ky3_2158_20200208_15_50_56\/'><img loading=\"lazy\" decoding=\"async\" width=\"300\" height=\"300\" src=\"https:\/\/power-and-elegance.de\/wp-content\/uploads\/2020\/02\/BRACE_2_COPYRIGHTFREE_DOGSHOW_EINDHOVEN_2020_KYNOWEB_KY3_2158_20200208_15_50_56-300x300.jpg\" class=\"attachment-medium size-medium\" alt=\"\" aria-describedby=\"gallery-2-2147\" srcset=\"https:\/\/power-and-elegance.de\/wp-content\/uploads\/2020\/02\/BRACE_2_COPYRIGHTFREE_DOGSHOW_EINDHOVEN_2020_KYNOWEB_KY3_2158_20200208_15_50_56-300x300.jpg 300w, https:\/\/power-and-elegance.de\/wp-content\/uploads\/2020\/02\/BRACE_2_COPYRIGHTFREE_DOGSHOW_EINDHOVEN_2020_KYNOWEB_KY3_2158_20200208_15_50_56-150x150.jpg 150w, https:\/\/power-and-elegance.de\/wp-content\/uploads\/2020\/02\/BRACE_2_COPYRIGHTFREE_DOGSHOW_EINDHOVEN_2020_KYNOWEB_KY3_2158_20200208_15_50_56-768x768.jpg 768w, https:\/\/power-and-elegance.de\/wp-content\/uploads\/2020\/02\/BRACE_2_COPYRIGHTFREE_DOGSHOW_EINDHOVEN_2020_KYNOWEB_KY3_2158_20200208_15_50_56-1024x1024.jpg 1024w, https:\/\/power-and-elegance.de\/wp-content\/uploads\/2020\/02\/BRACE_2_COPYRIGHTFREE_DOGSHOW_EINDHOVEN_2020_KYNOWEB_KY3_2158_20200208_15_50_56-432x432.jpg 432w, https:\/\/power-and-elegance.de\/wp-content\/uploads\/2020\/02\/BRACE_2_COPYRIGHTFREE_DOGSHOW_EINDHOVEN_2020_KYNOWEB_KY3_2158_20200208_15_50_56-268x268.jpg 268w, https:\/\/power-and-elegance.de\/wp-content\/uploads\/2020\/02\/BRACE_2_COPYRIGHTFREE_DOGSHOW_EINDHOVEN_2020_KYNOWEB_KY3_2158_20200208_15_50_56-700x700.jpg 700w\" sizes=\"auto, (max-width: 300px) 100vw, 300px\" \/><\/a>\n\t\t\t<\/div>\n\t\t\t\t<figcaption class='wp-caption-text gallery-caption' id='gallery-2-2147'>\n\t\t\t\t3.5y\n\t\t\t\t<\/figcaption><\/figure><figure class='gallery-item'>\n\t\t\t<div class='gallery-icon portrait'>\n\t\t\t\t<a rel='attachment' href='https:\/\/power-and-elegance.de\/de\/borzois\/female\/power-elegance-callme-chanel\/chanel-new-swiss-ch\/'><img loading=\"lazy\" decoding=\"async\" width=\"284\" height=\"300\" src=\"https:\/\/power-and-elegance.de\/wp-content\/uploads\/2020\/01\/Chanel-new-Swiss-Ch-284x300.jpg\" class=\"attachment-medium size-medium\" alt=\"\" aria-describedby=\"gallery-2-2103\" srcset=\"https:\/\/power-and-elegance.de\/wp-content\/uploads\/2020\/01\/Chanel-new-Swiss-Ch-284x300.jpg 284w, https:\/\/power-and-elegance.de\/wp-content\/uploads\/2020\/01\/Chanel-new-Swiss-Ch-768x811.jpg 768w, https:\/\/power-and-elegance.de\/wp-content\/uploads\/2020\/01\/Chanel-new-Swiss-Ch-969x1024.jpg 969w, https:\/\/power-and-elegance.de\/wp-content\/uploads\/2020\/01\/Chanel-new-Swiss-Ch-700x739.jpg 700w, https:\/\/power-and-elegance.de\/wp-content\/uploads\/2020\/01\/Chanel-new-Swiss-Ch.jpg 1420w\" sizes=\"auto, (max-width: 284px) 100vw, 284px\" \/><\/a>\n\t\t\t<\/div>\n\t\t\t\t<figcaption class='wp-caption-text gallery-caption' id='gallery-2-2103'>\n\t\t\t\t3y\n\t\t\t\t<\/figcaption><\/figure>\n\t\t<\/div>\n<\/p>","protected":false},"excerpt":{"rendered":"<p>geb 14.06.2016 Farbe: wei\u00df mit silber Rufname: \u201cChanel\u201d pedigree von Chanel Zucht: Mutter des Ischyma J2-Wurfes Ausstellungs-Titel: Schweizer Ausstellungs-Champion (seit 2019) Schweizer Sch\u00f6nheits-Champion (seit 2019) Deutscher Champion Luxemburger Champion Landessieger Nordbayern &#8217;22 German Winner &#8217;22 Leistungs-Titel: Pr\u00e4dikatsk\u00f6rung f\u00fcr Sch\u00f6nheit und Leistung Renn-Lizenz Coursing-Lizenz Deutscher Derby Sieger &#8217;18 Landesrennsieger Rheinland &#8217;18 &#8230;<\/p>\n","protected":false},"author":2,"featured_media":2103,"parent":27,"menu_order":0,"comment_status":"closed","ping_status":"closed","template":"","meta":{"ngg_post_thumbnail":0,"footnotes":""},"class_list":["post-1141","page","type-page","status-publish","has-post-thumbnail","hentry","column","twocol","has-thumbnail"],"_links":{"self":[{"href":"https:\/\/power-and-elegance.de\/de\/wp-json\/wp\/v2\/pages\/1141","targetHints":{"allow":["GET"]}}],"collection":[{"href":"https:\/\/power-and-elegance.de\/de\/wp-json\/wp\/v2\/pages"}],"about":[{"href":"https:\/\/power-and-elegance.de\/de\/wp-json\/wp\/v2\/types\/page"}],"author":[{"embeddable":true,"href":"https:\/\/power-and-elegance.de\/de\/wp-json\/wp\/v2\/users\/2"}],"replies":[{"embeddable":true,"href":"https:\/\/power-and-elegance.de\/de\/wp-json\/wp\/v2\/comments?post=1141"}],"version-history":[{"count":30,"href":"https:\/\/power-and-elegance.de\/de\/wp-json\/wp\/v2\/pages\/1141\/revisions"}],"predecessor-version":[{"id":2850,"href":"https:\/\/power-and-elegance.de\/de\/wp-json\/wp\/v2\/pages\/1141\/revisions\/2850"}],"up":[{"embeddable":true,"href":"https:\/\/power-and-elegance.de\/de\/wp-json\/wp\/v2\/pages\/27"}],"wp:featuredmedia":[{"embeddable":true,"href":"https:\/\/power-and-elegance.de\/de\/wp-json\/wp\/v2\/media\/2103"}],"wp:attachment":[{"href":"https:\/\/power-and-elegance.de\/de\/wp-json\/wp\/v2\/media?parent=1141"}],"curies":[{"name":"wp","href":"https:\/\/api.w.org\/{rel}","templated":true}]}}