{"id":1186,"date":"2016-11-23T20:07:29","date_gmt":"2016-11-23T19:07:29","guid":{"rendered":"http:\/\/power-and-elegance.de\/?page_id=1186"},"modified":"2023-01-12T17:16:10","modified_gmt":"2023-01-12T16:16:10","slug":"power-elegance-comtesse-charisma","status":"publish","type":"page","link":"https:\/\/power-and-elegance.de\/de\/borzois\/female\/power-elegance-comtesse-charisma\/","title":{"rendered":"C.I.C. DCh. Power &#038; Elegance Comtesse Charisma"},"content":{"rendered":"<p><figure id=\"attachment_2771\" aria-describedby=\"caption-attachment-2771\" style=\"width: 700px\" class=\"wp-caption alignright\"><a href=\"http:\/\/power-and-elegance.de\/wp-content\/uploads\/2022\/12\/Tessa-stand-CACIB-BE-22-07-e1672340022504.jpg\"><img loading=\"lazy\" decoding=\"async\" class=\"size-full wp-image-2771\" src=\"http:\/\/power-and-elegance.de\/wp-content\/uploads\/2022\/12\/Tessa-stand-CACIB-BE-22-07-e1672340022504.jpg\" alt=\"\" width=\"700\" height=\"606\" srcset=\"https:\/\/power-and-elegance.de\/wp-content\/uploads\/2022\/12\/Tessa-stand-CACIB-BE-22-07-e1672340022504.jpg 700w, https:\/\/power-and-elegance.de\/wp-content\/uploads\/2022\/12\/Tessa-stand-CACIB-BE-22-07-e1672340022504-300x260.jpg 300w\" sizes=\"auto, (max-width: 700px) 100vw, 700px\" \/><\/a><figcaption id=\"caption-attachment-2771\" class=\"wp-caption-text\">6y \/ 6 Jahre<\/figcaption><\/figure><\/p>\n<p>geb: 14.06.2016<br \/>\nFarbe: wei\u00df mit silber<br \/>\nRufname: &#8222;Tessa&#8220;<\/p>\n<p><a href=\"http:\/\/www.theborzoifiles.net\/details.php?id=135001\" target=\"_blank\" rel=\"noopener noreferrer\">pedigree von Tessa<\/a><\/p>\n<figure id=\"attachment_2432\" aria-describedby=\"caption-attachment-2432\" style=\"width: 660px\" class=\"wp-caption alignright\"><a href=\"http:\/\/power-and-elegance.de\/wp-content\/uploads\/2020\/11\/36844819_954615854709711_1706483372483674112_o.jpg\"><img loading=\"lazy\" decoding=\"async\" class=\"size-large wp-image-2432\" src=\"http:\/\/power-and-elegance.de\/wp-content\/uploads\/2020\/11\/36844819_954615854709711_1706483372483674112_o-1024x681.jpg\" alt=\"\" width=\"660\" height=\"439\" srcset=\"https:\/\/power-and-elegance.de\/wp-content\/uploads\/2020\/11\/36844819_954615854709711_1706483372483674112_o-1024x681.jpg 1024w, https:\/\/power-and-elegance.de\/wp-content\/uploads\/2020\/11\/36844819_954615854709711_1706483372483674112_o-300x199.jpg 300w, https:\/\/power-and-elegance.de\/wp-content\/uploads\/2020\/11\/36844819_954615854709711_1706483372483674112_o-768x510.jpg 768w, https:\/\/power-and-elegance.de\/wp-content\/uploads\/2020\/11\/36844819_954615854709711_1706483372483674112_o-700x465.jpg 700w, https:\/\/power-and-elegance.de\/wp-content\/uploads\/2020\/11\/36844819_954615854709711_1706483372483674112_o.jpg 2048w\" sizes=\"auto, (max-width: 660px) 100vw, 660px\" \/><\/a><figcaption id=\"caption-attachment-2432\" class=\"wp-caption-text\">Tessa &#8211; movement @ 2y<\/figcaption><\/figure>\n<p>Ausstellungs- und Sch\u00f6nheit-und-Leistungs-Titel:<\/p>\n<ul>\n<li>Deutscher Champion (VDH) (Best\u00e4tigung ausstehend)<\/li>\n<li>Luxembourger Champion (Best\u00e4tigung ausstehend)<\/li>\n<li><span style=\"color: #800000;\">Pr\u00e4dikatsk\u00f6rung f\u00fcr Sch\u00f6nheit und Leistung<br \/>\n<\/span><\/li>\n<li><span style=\"color: #800000;\">Deutscher Champion f\u00fcr Sch\u00f6nheit und Leistung (Best\u00e4tigung ausstehend)<\/span><\/li>\n<\/ul>\n<p><span style=\"color: #ff0000;\">Renn- und Coursing-Titel:<\/span><\/p>\n<ul>\n<li><span style=\"color: #ff0000;\">Renn-Lizenz<\/span><\/li>\n<li><span style=\"color: #ff0000;\">Coursing-Lizenz<\/span><\/li>\n<li><span style=\"color: #ff0000;\">Bundes-Renn-Siegerin &#8217;18<\/span><\/li>\n<li><span style=\"color: #ff0000;\">Landes-Renn-Sieger Nord &#8217;18<\/span><\/li>\n<li><span style=\"color: #ff0000;\">Landes-Coursing-Sieger Weser-Ems &#8217;20<\/span><\/li>\n<li><span style=\"color: #ff0000;\">CACIL-Pr\u00fcfung (seit 2021)<\/span><\/li>\n<li><span style=\"color: #ff0000;\">Renn-Leistungs-Urkunde (RLU) (Best\u00e4tigung ausstehend)<\/span><\/li>\n<li><span style=\"color: #ff0000;\">Coursing-Leistungs-Urkunde (CLU) (Best\u00e4tigung ausstehend)<\/span><\/li>\n<li><span style=\"color: #ff0000;\">Belgischer Coursing-Champion (Best\u00e4tigung ausstehend)<\/span><\/li>\n<li><span style=\"color: #ff0000;\">C.I.C. = FCI Internationaler Leistungs-Champion&nbsp; (Best\u00e4tigung ausstehend)<\/span><\/li>\n<\/ul>\n<figure id=\"attachment_1840\" aria-describedby=\"caption-attachment-1840\" style=\"width: 660px\" class=\"wp-caption alignright\"><a href=\"http:\/\/power-and-elegance.de\/wp-content\/uploads\/2018\/06\/35162275_2048027695456112_1981320855195484160_o.jpg\"><img loading=\"lazy\" decoding=\"async\" class=\"size-large wp-image-1840\" src=\"http:\/\/power-and-elegance.de\/wp-content\/uploads\/2018\/06\/35162275_2048027695456112_1981320855195484160_o-1024x599.jpg\" alt=\"\" width=\"660\" height=\"386\" srcset=\"https:\/\/power-and-elegance.de\/wp-content\/uploads\/2018\/06\/35162275_2048027695456112_1981320855195484160_o-1024x599.jpg 1024w, https:\/\/power-and-elegance.de\/wp-content\/uploads\/2018\/06\/35162275_2048027695456112_1981320855195484160_o-300x175.jpg 300w, https:\/\/power-and-elegance.de\/wp-content\/uploads\/2018\/06\/35162275_2048027695456112_1981320855195484160_o-768x449.jpg 768w, https:\/\/power-and-elegance.de\/wp-content\/uploads\/2018\/06\/35162275_2048027695456112_1981320855195484160_o-700x409.jpg 700w, https:\/\/power-and-elegance.de\/wp-content\/uploads\/2018\/06\/35162275_2048027695456112_1981320855195484160_o.jpg 1202w\" sizes=\"auto, (max-width: 660px) 100vw, 660px\" \/><\/a><figcaption id=\"caption-attachment-1840\" class=\"wp-caption-text\">Tessa &#8211; Federal race winner \/ Bundes-Renn-Sieger @ 2y<\/figcaption><\/figure>\n<p>Erfolge:<\/p>\n<ul>\n<li>2 x CACIL<\/li>\n<li>2 x resCACIL<\/li>\n<li>2 x Sieger f\u00fcr Sch\u00f6nheit und Leistung<\/li>\n<\/ul>\n<figure id=\"attachment_2426\" aria-describedby=\"caption-attachment-2426\" style=\"width: 660px\" class=\"wp-caption alignright\"><a href=\"http:\/\/power-and-elegance.de\/wp-content\/uploads\/2020\/11\/page342-1323-full.jpg\"><img loading=\"lazy\" decoding=\"async\" class=\"wp-image-2426 size-large\" src=\"http:\/\/power-and-elegance.de\/wp-content\/uploads\/2020\/11\/page342-1323-full-1024x576.jpg\" alt=\"\" width=\"660\" height=\"371\" srcset=\"https:\/\/power-and-elegance.de\/wp-content\/uploads\/2020\/11\/page342-1323-full-1024x576.jpg 1024w, https:\/\/power-and-elegance.de\/wp-content\/uploads\/2020\/11\/page342-1323-full-300x169.jpg 300w, https:\/\/power-and-elegance.de\/wp-content\/uploads\/2020\/11\/page342-1323-full-768x432.jpg 768w, https:\/\/power-and-elegance.de\/wp-content\/uploads\/2020\/11\/page342-1323-full-700x393.jpg 700w, https:\/\/power-and-elegance.de\/wp-content\/uploads\/2020\/11\/page342-1323-full.jpg 1280w\" sizes=\"auto, (max-width: 660px) 100vw, 660px\" \/><\/a><figcaption id=\"caption-attachment-2426\" class=\"wp-caption-text\">Tessa &#8211; County coursing winner \/ Landes-Coursing-Sieger @ 4y<\/figcaption><\/figure>\n<p>Begonnene Titel:<\/p>\n<ul>\n<li>Deutscher Champion (DWZRV)<\/li>\n<li>Schweizer Champion<\/li>\n<li>C.I.B. (Internationaler Sch\u00f6nheits-Champion)<\/li>\n<li><span style=\"color: #800000;\">C.I.B.P. (Internationaler Champion f\u00fcr Sch\u00f6nheit und Leistung) (in der Wartezeit bis Feb 2023)<\/span><\/li>\n<li><span style=\"color: #ff0000;\">Deutscher Coursing-Champion<\/span><\/li>\n<li><span style=\"color: #ff0000;\">Belgischer Renn-Champion<\/span><\/li>\n<li><span style=\"color: #ff0000;\">Deutscher Leistungs-Champion (VDH)<\/span><\/li>\n<\/ul>\n<p><div id='gallery-2' class='gallery galleryid-1186 gallery-columns-3 gallery-size-medium'><figure class='gallery-item'>\n\t\t\t<div class='gallery-icon landscape'>\n\t\t\t\t<a rel='attachment' href='https:\/\/power-and-elegance.de\/de\/borzois\/female\/power-elegance-comtesse-charisma\/tessa-podest\/'><img loading=\"lazy\" decoding=\"async\" width=\"300\" height=\"225\" src=\"https:\/\/power-and-elegance.de\/wp-content\/uploads\/2020\/11\/Tessa-Podest-300x225.jpg\" class=\"attachment-medium size-medium\" alt=\"\" aria-describedby=\"gallery-2-2437\" srcset=\"https:\/\/power-and-elegance.de\/wp-content\/uploads\/2020\/11\/Tessa-Podest-300x225.jpg 300w, https:\/\/power-and-elegance.de\/wp-content\/uploads\/2020\/11\/Tessa-Podest-768x576.jpg 768w, https:\/\/power-and-elegance.de\/wp-content\/uploads\/2020\/11\/Tessa-Podest-1024x768.jpg 1024w, https:\/\/power-and-elegance.de\/wp-content\/uploads\/2020\/11\/Tessa-Podest-700x525.jpg 700w\" sizes=\"auto, (max-width: 300px) 100vw, 300px\" \/><\/a>\n\t\t\t<\/div>\n\t\t\t\t<figcaption class='wp-caption-text gallery-caption' id='gallery-2-2437'>\n\t\t\t\tTessa &#8211; County coursing winner \/ LCS\n\t\t\t\t<\/figcaption><\/figure><figure class='gallery-item'>\n\t\t\t<div class='gallery-icon landscape'>\n\t\t\t\t<a rel='attachment' href='https:\/\/power-and-elegance.de\/de\/borzois\/female\/power-elegance-comtesse-charisma\/tessa-b5\/'><img loading=\"lazy\" decoding=\"async\" width=\"300\" height=\"200\" src=\"https:\/\/power-and-elegance.de\/wp-content\/uploads\/2020\/11\/Tessa-b5-300x200.jpg\" class=\"attachment-medium size-medium\" alt=\"\" aria-describedby=\"gallery-2-2441\" srcset=\"https:\/\/power-and-elegance.de\/wp-content\/uploads\/2020\/11\/Tessa-b5-300x200.jpg 300w, https:\/\/power-and-elegance.de\/wp-content\/uploads\/2020\/11\/Tessa-b5-768x512.jpg 768w, https:\/\/power-and-elegance.de\/wp-content\/uploads\/2020\/11\/Tessa-b5.jpg 1024w, https:\/\/power-and-elegance.de\/wp-content\/uploads\/2020\/11\/Tessa-b5-700x467.jpg 700w\" sizes=\"auto, (max-width: 300px) 100vw, 300px\" \/><\/a>\n\t\t\t<\/div>\n\t\t\t\t<figcaption class='wp-caption-text gallery-caption' id='gallery-2-2441'>\n\t\t\t\tTessa &#8211; CACBL @ 4y\n\t\t\t\t<\/figcaption><\/figure><figure class='gallery-item'>\n\t\t\t<div class='gallery-icon landscape'>\n\t\t\t\t<a rel='attachment' href='https:\/\/power-and-elegance.de\/de\/borzois\/female\/power-elegance-comtesse-charisma\/35_img_5027_new\/'><img loading=\"lazy\" decoding=\"async\" width=\"300\" height=\"200\" src=\"https:\/\/power-and-elegance.de\/wp-content\/uploads\/2020\/11\/35_IMG_5027_new-300x200.jpg\" class=\"attachment-medium size-medium\" alt=\"\" aria-describedby=\"gallery-2-2440\" srcset=\"https:\/\/power-and-elegance.de\/wp-content\/uploads\/2020\/11\/35_IMG_5027_new-300x200.jpg 300w, https:\/\/power-and-elegance.de\/wp-content\/uploads\/2020\/11\/35_IMG_5027_new.jpg 639w\" sizes=\"auto, (max-width: 300px) 100vw, 300px\" \/><\/a>\n\t\t\t<\/div>\n\t\t\t\t<figcaption class='wp-caption-text gallery-caption' id='gallery-2-2440'>\n\t\t\t\tTessa &#8211; winner beauty and performance \/ Sieger Sch\u00f6nheit und Leistung\n\t\t\t\t<\/figcaption><\/figure><figure class='gallery-item'>\n\t\t\t<div class='gallery-icon portrait'>\n\t\t\t\t<a rel='attachment' href='https:\/\/power-and-elegance.de\/de\/borzois\/female\/power-elegance-comtesse-charisma\/09_img_4549_new\/'><img loading=\"lazy\" decoding=\"async\" width=\"200\" height=\"300\" src=\"https:\/\/power-and-elegance.de\/wp-content\/uploads\/2020\/11\/09_IMG_4549_new-200x300.jpg\" class=\"attachment-medium size-medium\" alt=\"\" aria-describedby=\"gallery-2-2436\" srcset=\"https:\/\/power-and-elegance.de\/wp-content\/uploads\/2020\/11\/09_IMG_4549_new-200x300.jpg 200w, https:\/\/power-and-elegance.de\/wp-content\/uploads\/2020\/11\/09_IMG_4549_new.jpg 426w\" sizes=\"auto, (max-width: 200px) 100vw, 200px\" \/><\/a>\n\t\t\t<\/div>\n\t\t\t\t<figcaption class='wp-caption-text gallery-caption' id='gallery-2-2436'>\n\t\t\t\tTessa &#8211; County racing winner \/ LRS\n\t\t\t\t<\/figcaption><\/figure><figure class='gallery-item'>\n\t\t\t<div class='gallery-icon landscape'>\n\t\t\t\t<a rel='attachment' href='https:\/\/power-and-elegance.de\/de\/borzois\/female\/power-elegance-comtesse-charisma\/34984586_2048008652124683_6599055317152038912_o\/'><img loading=\"lazy\" decoding=\"async\" width=\"300\" height=\"196\" src=\"https:\/\/power-and-elegance.de\/wp-content\/uploads\/2018\/06\/34984586_2048008652124683_6599055317152038912_o-300x196.jpg\" class=\"attachment-medium size-medium\" alt=\"\" aria-describedby=\"gallery-2-1839\" srcset=\"https:\/\/power-and-elegance.de\/wp-content\/uploads\/2018\/06\/34984586_2048008652124683_6599055317152038912_o-300x196.jpg 300w, https:\/\/power-and-elegance.de\/wp-content\/uploads\/2018\/06\/34984586_2048008652124683_6599055317152038912_o-768x502.jpg 768w, https:\/\/power-and-elegance.de\/wp-content\/uploads\/2018\/06\/34984586_2048008652124683_6599055317152038912_o-1024x669.jpg 1024w, https:\/\/power-and-elegance.de\/wp-content\/uploads\/2018\/06\/34984586_2048008652124683_6599055317152038912_o-700x457.jpg 700w, https:\/\/power-and-elegance.de\/wp-content\/uploads\/2018\/06\/34984586_2048008652124683_6599055317152038912_o.jpg 1029w\" sizes=\"auto, (max-width: 300px) 100vw, 300px\" \/><\/a>\n\t\t\t<\/div>\n\t\t\t\t<figcaption class='wp-caption-text gallery-caption' id='gallery-2-1839'>\n\t\t\t\tTessa &#8211; Federal race winner \/ BRS\n\t\t\t\t<\/figcaption><\/figure>\n\t\t<\/div>\n<\/p>","protected":false},"excerpt":{"rendered":"<p>geb: 14.06.2016 Farbe: wei\u00df mit silber Rufname: &#8222;Tessa&#8220; pedigree von Tessa Ausstellungs- und Sch\u00f6nheit-und-Leistungs-Titel: Deutscher Champion (VDH) (Best\u00e4tigung ausstehend) Luxembourger Champion (Best\u00e4tigung ausstehend) Pr\u00e4dikatsk\u00f6rung f\u00fcr Sch\u00f6nheit und Leistung Deutscher Champion f\u00fcr Sch\u00f6nheit und Leistung (Best\u00e4tigung ausstehend) Renn- und Coursing-Titel: Renn-Lizenz Coursing-Lizenz Bundes-Renn-Siegerin &#8217;18 Landes-Renn-Sieger Nord &#8217;18 Landes-Coursing-Sieger Weser-Ems &#8217;20 CACIL-Pr\u00fcfung &#8230;<\/p>\n","protected":false},"author":2,"featured_media":0,"parent":27,"menu_order":0,"comment_status":"closed","ping_status":"closed","template":"","meta":{"ngg_post_thumbnail":0,"footnotes":""},"class_list":["post-1186","page","type-page","status-publish","hentry","column","twocol"],"_links":{"self":[{"href":"https:\/\/power-and-elegance.de\/de\/wp-json\/wp\/v2\/pages\/1186","targetHints":{"allow":["GET"]}}],"collection":[{"href":"https:\/\/power-and-elegance.de\/de\/wp-json\/wp\/v2\/pages"}],"about":[{"href":"https:\/\/power-and-elegance.de\/de\/wp-json\/wp\/v2\/types\/page"}],"author":[{"embeddable":true,"href":"https:\/\/power-and-elegance.de\/de\/wp-json\/wp\/v2\/users\/2"}],"replies":[{"embeddable":true,"href":"https:\/\/power-and-elegance.de\/de\/wp-json\/wp\/v2\/comments?post=1186"}],"version-history":[{"count":40,"href":"https:\/\/power-and-elegance.de\/de\/wp-json\/wp\/v2\/pages\/1186\/revisions"}],"predecessor-version":[{"id":2787,"href":"https:\/\/power-and-elegance.de\/de\/wp-json\/wp\/v2\/pages\/1186\/revisions\/2787"}],"up":[{"embeddable":true,"href":"https:\/\/power-and-elegance.de\/de\/wp-json\/wp\/v2\/pages\/27"}],"wp:attachment":[{"href":"https:\/\/power-and-elegance.de\/de\/wp-json\/wp\/v2\/media?parent=1186"}],"curies":[{"name":"wp","href":"https:\/\/api.w.org\/{rel}","templated":true}]}}