{"id":1248,"date":"2016-12-20T15:57:49","date_gmt":"2016-12-20T14:57:49","guid":{"rendered":"http:\/\/power-and-elegance.de\/?page_id=1248"},"modified":"2023-01-13T16:46:34","modified_gmt":"2023-01-13T15:46:34","slug":"power-elegance-cadillac-fleetwood","status":"publish","type":"page","link":"https:\/\/power-and-elegance.de\/de\/borzois\/male\/power-elegance-cadillac-fleetwood\/","title":{"rendered":"DJCh.MCh. Power &#038; Elegance Cadillac Fleetwood"},"content":{"rendered":"<p><a href=\"http:\/\/power-and-elegance.de\/wp-content\/uploads\/2021\/02\/SM-stand-HP.jpg\"><img loading=\"lazy\" decoding=\"async\" class=\"alignright wp-image-2593\" src=\"http:\/\/power-and-elegance.de\/wp-content\/uploads\/2021\/02\/SM-stand-HP-297x300.jpg\" alt=\"\" width=\"500\" height=\"506\" srcset=\"https:\/\/power-and-elegance.de\/wp-content\/uploads\/2021\/02\/SM-stand-HP-297x300.jpg 297w, https:\/\/power-and-elegance.de\/wp-content\/uploads\/2021\/02\/SM-stand-HP-768x777.jpg 768w, https:\/\/power-and-elegance.de\/wp-content\/uploads\/2021\/02\/SM-stand-HP-700x708.jpg 700w, https:\/\/power-and-elegance.de\/wp-content\/uploads\/2021\/02\/SM-stand-HP.jpg 884w\" sizes=\"auto, (max-width: 500px) 100vw, 500px\" \/><\/a><\/p>\n<p>geb: 14-06-2016<br \/>\nFarbe: wei\u00df mit cremefarbenen Platten<br \/>\nRufname: &#8222;Snowman&#8220;<br \/>\n<a href=\"http:\/\/www.theborzoifiles.net\/details.php?id=134508\">pedigree von Snowman<\/a><br \/>\nSteht als Deckr\u00fcde zur Verf\u00fcgung<\/p>\n<p><a href=\"http:\/\/power-and-elegance.de\/wp-content\/uploads\/2021\/02\/IMG_6355_new.jpg\"><img loading=\"lazy\" decoding=\"async\" class=\"alignright wp-image-2595 size-large\" src=\"http:\/\/power-and-elegance.de\/wp-content\/uploads\/2021\/02\/IMG_6355_new-1024x683.jpg\" alt=\"\" width=\"660\" height=\"440\" srcset=\"https:\/\/power-and-elegance.de\/wp-content\/uploads\/2021\/02\/IMG_6355_new-1024x683.jpg 1024w, https:\/\/power-and-elegance.de\/wp-content\/uploads\/2021\/02\/IMG_6355_new-300x200.jpg 300w, https:\/\/power-and-elegance.de\/wp-content\/uploads\/2021\/02\/IMG_6355_new-768x512.jpg 768w, https:\/\/power-and-elegance.de\/wp-content\/uploads\/2021\/02\/IMG_6355_new-700x467.jpg 700w\" sizes=\"auto, (max-width: 660px) 100vw, 660px\" \/><\/a><\/p>\n<p>Titel:<\/p>\n<ul>\n<li>Luxemburger Jugend-Champion<\/li>\n<li>Deutscher Jugend-Champion<\/li>\n<li>Junior Benelux Winner LU &#8217;17<\/li>\n<li>Landesjugendsieger Rheinland &#8217;17<\/li>\n<li>Deutscher Champion (VDH)<\/li>\n<li>Luxemburger Champion (Best\u00e4tigung ausstehend)<\/li>\n<li>Schweizer Ausstellungs-Champion (Best\u00e4tigung ausstehend)<\/li>\n<li>Schweizer Sch\u00f6nheits-Champion (Best\u00e4tigung ausstehend)<\/li>\n<\/ul>\n<figure id=\"attachment_2596\" aria-describedby=\"caption-attachment-2596\" style=\"width: 660px\" class=\"wp-caption alignright\"><a href=\"http:\/\/power-and-elegance.de\/wp-content\/uploads\/2021\/02\/35049644_2048011282124420_8963153484652216320_o.jpg\"><img loading=\"lazy\" decoding=\"async\" class=\"size-large wp-image-2596\" src=\"http:\/\/power-and-elegance.de\/wp-content\/uploads\/2021\/02\/35049644_2048011282124420_8963153484652216320_o-1024x627.jpg\" alt=\"\" width=\"660\" height=\"404\" srcset=\"https:\/\/power-and-elegance.de\/wp-content\/uploads\/2021\/02\/35049644_2048011282124420_8963153484652216320_o-1024x627.jpg 1024w, https:\/\/power-and-elegance.de\/wp-content\/uploads\/2021\/02\/35049644_2048011282124420_8963153484652216320_o-300x184.jpg 300w, https:\/\/power-and-elegance.de\/wp-content\/uploads\/2021\/02\/35049644_2048011282124420_8963153484652216320_o-768x470.jpg 768w, https:\/\/power-and-elegance.de\/wp-content\/uploads\/2021\/02\/35049644_2048011282124420_8963153484652216320_o-268x164.jpg 268w, https:\/\/power-and-elegance.de\/wp-content\/uploads\/2021\/02\/35049644_2048011282124420_8963153484652216320_o-700x429.jpg 700w, https:\/\/power-and-elegance.de\/wp-content\/uploads\/2021\/02\/35049644_2048011282124420_8963153484652216320_o.jpg 1290w\" sizes=\"auto, (max-width: 660px) 100vw, 660px\" \/><\/a><figcaption id=\"caption-attachment-2596\" class=\"wp-caption-text\">&#8222;P&amp;E Cadillac Fleetwood&#8220; Vice Federal Race Winner \/ Vize Bundes-Renn-Sieger 2018<\/figcaption><\/figure>\n<p><span style=\"color: #800000;\">Titel Sch\u00f6nheit und Leistung:<\/span><\/p>\n<ul>\n<li><span style=\"color: #800000;\">Pr\u00e4dikatsk\u00f6rung<\/span><\/li>\n<li><span style=\"color: #800000;\">Deutscher Champion f\u00fcr Sch\u00f6nheit und Leistung (Best\u00e4tigung ausstehend)<\/span><\/li>\n<\/ul>\n<figure id=\"attachment_2597\" aria-describedby=\"caption-attachment-2597\" style=\"width: 660px\" class=\"wp-caption alignright\"><a href=\"http:\/\/power-and-elegance.de\/wp-content\/uploads\/2021\/02\/page342-1209-full.jpg\"><img loading=\"lazy\" decoding=\"async\" class=\"size-large wp-image-2597\" src=\"http:\/\/power-and-elegance.de\/wp-content\/uploads\/2021\/02\/page342-1209-full-1024x576.jpg\" alt=\"\" width=\"660\" height=\"371\" srcset=\"https:\/\/power-and-elegance.de\/wp-content\/uploads\/2021\/02\/page342-1209-full-1024x576.jpg 1024w, https:\/\/power-and-elegance.de\/wp-content\/uploads\/2021\/02\/page342-1209-full-300x169.jpg 300w, https:\/\/power-and-elegance.de\/wp-content\/uploads\/2021\/02\/page342-1209-full-768x432.jpg 768w, https:\/\/power-and-elegance.de\/wp-content\/uploads\/2021\/02\/page342-1209-full-700x393.jpg 700w, https:\/\/power-and-elegance.de\/wp-content\/uploads\/2021\/02\/page342-1209-full.jpg 1280w\" sizes=\"auto, (max-width: 660px) 100vw, 660px\" \/><\/a><figcaption id=\"caption-attachment-2597\" class=\"wp-caption-text\">&#8222;P&amp;E Cadillac Fleetwood&#8220; Vice County Coursing Winner \/ Vize Landes-Coursing Sieger Weser-Ems 2020<\/figcaption><\/figure>\n<p><span style=\"color: #ff0000;\">Leistungs-Titel:<\/span><\/p>\n<ul>\n<li><span style=\"color: #ff0000;\">Renn-Lizenz<\/span><\/li>\n<li><span style=\"color: #ff0000;\">Coursing-Lizenz<\/span><\/li>\n<li><span style=\"color: #ff0000;\">CACIL-Pr\u00fcfung (erf\u00fclllt 2020)<\/span><\/li>\n<li><span style=\"color: #ff0000;\">LU (Leistungs-Urkunde Rennen)<\/span><\/li>\n<li><span style=\"color: #ff0000;\">CLU (Leistungs-Urkunde Coursing)<\/span><\/li>\n<\/ul>\n<p><a href=\"http:\/\/power-and-elegance.de\/wp-content\/uploads\/2016\/12\/kopf.jpg\"><img loading=\"lazy\" decoding=\"async\" class=\"alignright wp-image-1250 size-large\" src=\"http:\/\/power-and-elegance.de\/wp-content\/uploads\/2016\/12\/kopf-1024x683.jpg\" alt=\"Snowman head @ 6 mon\" width=\"660\" height=\"440\" srcset=\"https:\/\/power-and-elegance.de\/wp-content\/uploads\/2016\/12\/kopf-1024x683.jpg 1024w, https:\/\/power-and-elegance.de\/wp-content\/uploads\/2016\/12\/kopf-300x200.jpg 300w, https:\/\/power-and-elegance.de\/wp-content\/uploads\/2016\/12\/kopf-768x512.jpg 768w, https:\/\/power-and-elegance.de\/wp-content\/uploads\/2016\/12\/kopf-700x467.jpg 700w, https:\/\/power-and-elegance.de\/wp-content\/uploads\/2016\/12\/kopf.jpg 1800w\" sizes=\"auto, (max-width: 660px) 100vw, 660px\" \/><\/a><\/p>\n<p>Erfolge:<\/p>\n<ul>\n<li>J\u00fcngsten BOB<\/li>\n<li>Jugend BOB<\/li>\n<li>VDH Herbst-Jugendsieger 2017<\/li>\n<li>Crufts Qualifikation for 2018 (mit 14 Monaten)<\/li>\n<li>Vize Bundes-Renn-Sieger 2018<\/li>\n<li>Vize Landes-Coursing-Sieger Weser-Ems 2020<\/li>\n<li>2 x BOB<\/li>\n<\/ul>\n<figure id=\"attachment_2599\" aria-describedby=\"caption-attachment-2599\" style=\"width: 660px\" class=\"wp-caption alignright\"><a href=\"http:\/\/power-and-elegance.de\/wp-content\/uploads\/2021\/02\/IMG_20191209_090249.jpg\"><img loading=\"lazy\" decoding=\"async\" class=\"size-large wp-image-2599\" src=\"http:\/\/power-and-elegance.de\/wp-content\/uploads\/2021\/02\/IMG_20191209_090249-760x1024.jpg\" alt=\"\" width=\"660\" height=\"889\" srcset=\"https:\/\/power-and-elegance.de\/wp-content\/uploads\/2021\/02\/IMG_20191209_090249-760x1024.jpg 760w, https:\/\/power-and-elegance.de\/wp-content\/uploads\/2021\/02\/IMG_20191209_090249-223x300.jpg 223w, https:\/\/power-and-elegance.de\/wp-content\/uploads\/2021\/02\/IMG_20191209_090249-768x1034.jpg 768w, https:\/\/power-and-elegance.de\/wp-content\/uploads\/2021\/02\/IMG_20191209_090249-700x943.jpg 700w\" sizes=\"auto, (max-width: 660px) 100vw, 660px\" \/><\/a><figcaption id=\"caption-attachment-2599\" class=\"wp-caption-text\">Snowman &#8211; <span class=\"VIiyi\" lang=\"en\"><span class=\"JLqJ4b ChMk0b C1N51c\" data-language-for-alternatives=\"en\" data-language-to-translate-into=\"de\" data-phrase-index=\"0\">an all-rounder<\/span><\/span> with great cuddling qualities \/ ein Allrounder mit gro\u00dfen Schmusequalit\u00e4ten<\/figcaption><\/figure>\n<p>Begonnene Titel:<\/p>\n<ul>\n<li>Deutscher Champion (DWZRV)<\/li>\n<li>Belgischer Champion<\/li>\n<li>Niederl\u00e4ndischer Champion<\/li>\n<li><span style=\"color: #800000;\">C.I.B.P. &#8211; Internationaler Champion f\u00fcr Sch\u00f6nheit und Leistung<\/span><\/li>\n<li><span style=\"color: #ff0000;\">Deutscher Coursing Champion<\/span><\/li>\n<\/ul>\n<p><\/p>","protected":false},"excerpt":{"rendered":"<p>geb: 14-06-2016 Farbe: wei\u00df mit cremefarbenen Platten Rufname: &#8222;Snowman&#8220; pedigree von Snowman Steht als Deckr\u00fcde zur Verf\u00fcgung Titel: Luxemburger Jugend-Champion Deutscher Jugend-Champion Junior Benelux Winner LU &#8217;17 Landesjugendsieger Rheinland &#8217;17 Deutscher Champion (VDH) Luxemburger Champion (Best\u00e4tigung ausstehend) Schweizer Ausstellungs-Champion (Best\u00e4tigung ausstehend) Schweizer Sch\u00f6nheits-Champion (Best\u00e4tigung ausstehend) Titel Sch\u00f6nheit und Leistung: Pr\u00e4dikatsk\u00f6rung &#8230;<\/p>\n","protected":false},"author":2,"featured_media":0,"parent":25,"menu_order":0,"comment_status":"closed","ping_status":"closed","template":"","meta":{"ngg_post_thumbnail":0,"footnotes":""},"class_list":["post-1248","page","type-page","status-publish","hentry","column","twocol"],"_links":{"self":[{"href":"https:\/\/power-and-elegance.de\/de\/wp-json\/wp\/v2\/pages\/1248","targetHints":{"allow":["GET"]}}],"collection":[{"href":"https:\/\/power-and-elegance.de\/de\/wp-json\/wp\/v2\/pages"}],"about":[{"href":"https:\/\/power-and-elegance.de\/de\/wp-json\/wp\/v2\/types\/page"}],"author":[{"embeddable":true,"href":"https:\/\/power-and-elegance.de\/de\/wp-json\/wp\/v2\/users\/2"}],"replies":[{"embeddable":true,"href":"https:\/\/power-and-elegance.de\/de\/wp-json\/wp\/v2\/comments?post=1248"}],"version-history":[{"count":33,"href":"https:\/\/power-and-elegance.de\/de\/wp-json\/wp\/v2\/pages\/1248\/revisions"}],"predecessor-version":[{"id":2800,"href":"https:\/\/power-and-elegance.de\/de\/wp-json\/wp\/v2\/pages\/1248\/revisions\/2800"}],"up":[{"embeddable":true,"href":"https:\/\/power-and-elegance.de\/de\/wp-json\/wp\/v2\/pages\/25"}],"wp:attachment":[{"href":"https:\/\/power-and-elegance.de\/de\/wp-json\/wp\/v2\/media?parent=1248"}],"curies":[{"name":"wp","href":"https:\/\/api.w.org\/{rel}","templated":true}]}}