{"id":1282,"date":"2017-01-21T22:08:04","date_gmt":"2017-01-21T21:08:04","guid":{"rendered":"http:\/\/power-and-elegance.de\/?page_id=1282"},"modified":"2021-04-03T11:24:58","modified_gmt":"2021-04-03T09:24:58","slug":"litter-plans","status":"publish","type":"page","link":"https:\/\/power-and-elegance.de\/de\/irish-wolfhounds\/litter-plans\/","title":{"rendered":"IW-D-Wurf"},"content":{"rendered":"<p><figure id=\"attachment_1827\" aria-describedby=\"caption-attachment-1827\" style=\"width: 660px\" class=\"wp-caption alignright\"><a href=\"http:\/\/power-and-elegance.de\/wp-content\/uploads\/2018\/06\/Availables-5-mon.jpg\"><img loading=\"lazy\" decoding=\"async\" class=\"wp-image-1827 size-large\" src=\"http:\/\/power-and-elegance.de\/wp-content\/uploads\/2018\/06\/Availables-5-mon-1024x532.jpg\" alt=\"\" width=\"660\" height=\"343\" srcset=\"https:\/\/power-and-elegance.de\/wp-content\/uploads\/2018\/06\/Availables-5-mon-1024x532.jpg 1024w, https:\/\/power-and-elegance.de\/wp-content\/uploads\/2018\/06\/Availables-5-mon-300x156.jpg 300w, https:\/\/power-and-elegance.de\/wp-content\/uploads\/2018\/06\/Availables-5-mon-768x399.jpg 768w, https:\/\/power-and-elegance.de\/wp-content\/uploads\/2018\/06\/Availables-5-mon-700x364.jpg 700w\" sizes=\"auto, (max-width: 660px) 100vw, 660px\" \/><\/a><figcaption id=\"caption-attachment-1827\" class=\"wp-caption-text\">@ 5 mon\/ mit 5 Monaten<\/figcaption><\/figure><\/p>\n<figure id=\"attachment_1669\" aria-describedby=\"caption-attachment-1669\" style=\"width: 300px\" class=\"wp-caption alignright\"><a href=\"http:\/\/power-and-elegance.de\/wp-content\/uploads\/2017\/01\/US-Lancia1-002.jpg\"><img loading=\"lazy\" decoding=\"async\" class=\"size-medium wp-image-1669\" src=\"http:\/\/power-and-elegance.de\/wp-content\/uploads\/2017\/01\/US-Lancia1-002-300x208.jpg\" alt=\"\" width=\"300\" height=\"208\" srcset=\"https:\/\/power-and-elegance.de\/wp-content\/uploads\/2017\/01\/US-Lancia1-002-300x208.jpg 300w, https:\/\/power-and-elegance.de\/wp-content\/uploads\/2017\/01\/US-Lancia1-002-768x533.jpg 768w, https:\/\/power-and-elegance.de\/wp-content\/uploads\/2017\/01\/US-Lancia1-002-1024x711.jpg 1024w, https:\/\/power-and-elegance.de\/wp-content\/uploads\/2017\/01\/US-Lancia1-002-700x486.jpg 700w, https:\/\/power-and-elegance.de\/wp-content\/uploads\/2017\/01\/US-Lancia1-002.jpg 1296w\" sizes=\"auto, (max-width: 300px) 100vw, 300px\" \/><\/a><figcaption id=\"caption-attachment-1669\" class=\"wp-caption-text\">US day 28<\/figcaption><\/figure>\n<figure id=\"attachment_1670\" aria-describedby=\"caption-attachment-1670\" style=\"width: 300px\" class=\"wp-caption alignright\"><a href=\"http:\/\/power-and-elegance.de\/wp-content\/uploads\/2017\/01\/US-Lancia1-001.jpg\"><img loading=\"lazy\" decoding=\"async\" class=\"size-medium wp-image-1670\" src=\"http:\/\/power-and-elegance.de\/wp-content\/uploads\/2017\/01\/US-Lancia1-001-300x216.jpg\" alt=\"\" width=\"300\" height=\"216\" srcset=\"https:\/\/power-and-elegance.de\/wp-content\/uploads\/2017\/01\/US-Lancia1-001-300x216.jpg 300w, https:\/\/power-and-elegance.de\/wp-content\/uploads\/2017\/01\/US-Lancia1-001-768x553.jpg 768w, https:\/\/power-and-elegance.de\/wp-content\/uploads\/2017\/01\/US-Lancia1-001-1024x737.jpg 1024w, https:\/\/power-and-elegance.de\/wp-content\/uploads\/2017\/01\/US-Lancia1-001-700x504.jpg 700w, https:\/\/power-and-elegance.de\/wp-content\/uploads\/2017\/01\/US-Lancia1-001.jpg 1272w\" sizes=\"auto, (max-width: 300px) 100vw, 300px\" \/><\/a><figcaption id=\"caption-attachment-1670\" class=\"wp-caption-text\">US day 28<\/figcaption><\/figure>\n<p>&nbsp;<\/p>\n<p>Unser IW-Wurf -Power &amp; Elegance D-Wurf &#8211; 6 R\u00fcden und 1 H\u00fcndin &#8211; wurde geboren am 20.12.2017 von unserer Multi Jugend-Champion H\u00fcndin <a href=\"http:\/\/power-and-elegance.de\/irish-wolfhounds\/female\/power-elegance-bugatti-famosa-lancia\/\">Power &amp; Elegance Bugatti Famosa Lancia<\/a> und dem R\u00fcden IMCh. Jamiroquai Roan Inish. Die Hochzeit fand am 19. und 20.10.2017 statt.<\/p>\n<p><a href=\"https:\/\/www.facebook.com\/media\/set\/?set=a.723592524495925.1073741850.100005355529197&amp;type=1&amp;l=5da6a029ec\" target=\"_blank\" rel=\"noopener noreferrer\">Fotos unseres D-Wurfes<\/a><br \/>\n<a href=\"http:\/\/power-and-elegance.de\/wp-content\/uploads\/2017\/11\/lancia-wurf-2017-v5.jpg\"><img loading=\"lazy\" decoding=\"async\" class=\"alignright wp-image-1676 size-large\" src=\"http:\/\/power-and-elegance.de\/wp-content\/uploads\/2017\/11\/lancia-wurf-2017-v5-1024x1024.jpg\" alt=\"\" width=\"660\" height=\"660\" srcset=\"https:\/\/power-and-elegance.de\/wp-content\/uploads\/2017\/11\/lancia-wurf-2017-v5-1024x1024.jpg 1024w, https:\/\/power-and-elegance.de\/wp-content\/uploads\/2017\/11\/lancia-wurf-2017-v5-150x150.jpg 150w, https:\/\/power-and-elegance.de\/wp-content\/uploads\/2017\/11\/lancia-wurf-2017-v5-300x300.jpg 300w, https:\/\/power-and-elegance.de\/wp-content\/uploads\/2017\/11\/lancia-wurf-2017-v5-768x768.jpg 768w, https:\/\/power-and-elegance.de\/wp-content\/uploads\/2017\/11\/lancia-wurf-2017-v5-432x432.jpg 432w, https:\/\/power-and-elegance.de\/wp-content\/uploads\/2017\/11\/lancia-wurf-2017-v5-268x268.jpg 268w, https:\/\/power-and-elegance.de\/wp-content\/uploads\/2017\/11\/lancia-wurf-2017-v5-700x700.jpg 700w, https:\/\/power-and-elegance.de\/wp-content\/uploads\/2017\/11\/lancia-wurf-2017-v5.jpg 1417w\" sizes=\"auto, (max-width: 660px) 100vw, 660px\" \/><\/a><br \/>\n<a href=\"https:\/\/www.iwdb.org\/cD0xMDAwMDA4NjczJmc9Jmc9NQ%3D%3D.html\" target=\"_blank\" rel=\"noopener noreferrer\">Stammbaum des Wurfes<\/a><\/p>","protected":false},"excerpt":{"rendered":"<p>&nbsp; Unser IW-Wurf -Power &amp; Elegance D-Wurf &#8211; 6 R\u00fcden und 1 H\u00fcndin &#8211; wurde geboren am 20.12.2017 von unserer Multi Jugend-Champion H\u00fcndin Power &amp; Elegance Bugatti Famosa Lancia und dem R\u00fcden IMCh. Jamiroquai Roan Inish. Die Hochzeit fand am 19. und 20.10.2017 statt. Fotos unseres D-Wurfes Stammbaum des Wurfes<\/p>\n","protected":false},"author":2,"featured_media":0,"parent":9,"menu_order":0,"comment_status":"closed","ping_status":"closed","template":"","meta":{"ngg_post_thumbnail":0,"footnotes":""},"class_list":["post-1282","page","type-page","status-publish","hentry","column","twocol"],"_links":{"self":[{"href":"https:\/\/power-and-elegance.de\/de\/wp-json\/wp\/v2\/pages\/1282","targetHints":{"allow":["GET"]}}],"collection":[{"href":"https:\/\/power-and-elegance.de\/de\/wp-json\/wp\/v2\/pages"}],"about":[{"href":"https:\/\/power-and-elegance.de\/de\/wp-json\/wp\/v2\/types\/page"}],"author":[{"embeddable":true,"href":"https:\/\/power-and-elegance.de\/de\/wp-json\/wp\/v2\/users\/2"}],"replies":[{"embeddable":true,"href":"https:\/\/power-and-elegance.de\/de\/wp-json\/wp\/v2\/comments?post=1282"}],"version-history":[{"count":31,"href":"https:\/\/power-and-elegance.de\/de\/wp-json\/wp\/v2\/pages\/1282\/revisions"}],"predecessor-version":[{"id":2634,"href":"https:\/\/power-and-elegance.de\/de\/wp-json\/wp\/v2\/pages\/1282\/revisions\/2634"}],"up":[{"embeddable":true,"href":"https:\/\/power-and-elegance.de\/de\/wp-json\/wp\/v2\/pages\/9"}],"wp:attachment":[{"href":"https:\/\/power-and-elegance.de\/de\/wp-json\/wp\/v2\/media?parent=1282"}],"curies":[{"name":"wp","href":"https:\/\/api.w.org\/{rel}","templated":true}]}}