{"id":13,"date":"2014-12-26T20:20:55","date_gmt":"2014-12-26T19:20:55","guid":{"rendered":"http:\/\/power-and-elegance.de\/?page_id=13"},"modified":"2024-04-04T14:10:10","modified_gmt":"2024-04-04T12:10:10","slug":"about-us","status":"publish","type":"page","link":"https:\/\/power-and-elegance.de\/de\/about-us\/","title":{"rendered":"\u00dcber uns"},"content":{"rendered":"<p>Wir sind spezialisiert auf Training und Sport mit Wolfshunden &#8211; dem Irischen Wolfshund und dem Barsoi (Barzoi, Borzoi &#8211; Russischer Wolfshund). Beide Windhundrassen sind eine wundervolle Kombination aus Kraft und Eleganz.<\/p>\n<figure id=\"attachment_2294\" aria-describedby=\"caption-attachment-2294\" style=\"width: 660px\" class=\"wp-caption alignright\"><a href=\"http:\/\/power-and-elegance.de\/wp-content\/uploads\/2020\/06\/a-01.jpg\"><img loading=\"lazy\" decoding=\"async\" class=\"size-large wp-image-2294\" title=\"\" src=\"http:\/\/power-and-elegance.de\/wp-content\/uploads\/2020\/06\/a-01-1024x682.jpg\" alt=\"\" width=\"660\" height=\"440\" srcset=\"https:\/\/power-and-elegance.de\/wp-content\/uploads\/2020\/06\/a-01-1024x682.jpg 1024w, https:\/\/power-and-elegance.de\/wp-content\/uploads\/2020\/06\/a-01-300x200.jpg 300w, https:\/\/power-and-elegance.de\/wp-content\/uploads\/2020\/06\/a-01-768x512.jpg 768w, https:\/\/power-and-elegance.de\/wp-content\/uploads\/2020\/06\/a-01-700x466.jpg 700w, https:\/\/power-and-elegance.de\/wp-content\/uploads\/2020\/06\/a-01.jpg 1280w\" sizes=\"auto, (max-width: 660px) 100vw, 660px\" \/><\/a><figcaption id=\"caption-attachment-2294\" class=\"wp-caption-text\">Unsere Barsois beim Bundessieger-Rennen 2019<\/figcaption><\/figure>\n<p>Als Liebhaber dieser Rassen legen wir in der Erziehung und im Training Wert auf gesunde, aktive und langlebige Windhunde, die artgerecht gehalten werden.<\/p>\n<figure id=\"attachment_2089\" aria-describedby=\"caption-attachment-2089\" style=\"width: 660px\" class=\"wp-caption alignright\"><a href=\"http:\/\/power-and-elegance.de\/wp-content\/uploads\/2020\/01\/a-01.jpg\"><img loading=\"lazy\" decoding=\"async\" class=\"size-large wp-image-2089\" title=\"\" src=\"http:\/\/power-and-elegance.de\/wp-content\/uploads\/2020\/01\/a-01-1024x555.jpg\" alt=\"\" width=\"660\" height=\"358\" srcset=\"https:\/\/power-and-elegance.de\/wp-content\/uploads\/2020\/01\/a-01-1024x555.jpg 1024w, https:\/\/power-and-elegance.de\/wp-content\/uploads\/2020\/01\/a-01-300x162.jpg 300w, https:\/\/power-and-elegance.de\/wp-content\/uploads\/2020\/01\/a-01-768x416.jpg 768w, https:\/\/power-and-elegance.de\/wp-content\/uploads\/2020\/01\/a-01-700x379.jpg 700w, https:\/\/power-and-elegance.de\/wp-content\/uploads\/2020\/01\/a-01.jpg 2048w\" sizes=\"auto, (max-width: 660px) 100vw, 660px\" \/><\/a><figcaption id=\"caption-attachment-2089\" class=\"wp-caption-text\">Unsere Irish Wolfhounds des D-Wurfes bei ihrem Debut-Rennen<\/figcaption><\/figure>\n<p>Wir streben nach dem Ideal, Sch\u00f6nheit und Leistung auf h\u00f6chstem Niveau zu kombinieren. Daf\u00fcr stellen wir unsere Hunde auf internationalen Hundeshows aus und nehmen au\u00dferdem aktiv am Windhundsport (Rennen und Coursing) teil. Das dient dazu die F\u00e4higkeiten zu erhalten und zu bewahren, f\u00fcr die diese Rassen urspr\u00fcnglich gez\u00fcchtet wurden und den Hunden die M\u00f6glichkeit zu geben, diese angez\u00fcchteten F\u00e4higkeiten auszuleben.<\/p>\n<p>Wir sind Mitglied in den deutschen und internationalen Verb\u00e4nden DWZRV, VDH und FCI.<\/p>","protected":false},"excerpt":{"rendered":"<p>Wir sind spezialisiert auf Training und Sport mit Wolfshunden &#8211; dem Irischen Wolfshund und dem Barsoi (Barzoi, Borzoi &#8211; Russischer Wolfshund). Beide Windhundrassen sind eine wundervolle Kombination aus Kraft und Eleganz. Als Liebhaber dieser Rassen legen wir in der Erziehung und im Training Wert auf gesunde, aktive und langlebige Windhunde, &#8230;<\/p>\n","protected":false},"author":1,"featured_media":0,"parent":0,"menu_order":4,"comment_status":"closed","ping_status":"open","template":"","meta":{"ngg_post_thumbnail":0,"footnotes":""},"class_list":["post-13","page","type-page","status-publish","hentry","column","twocol"],"_links":{"self":[{"href":"https:\/\/power-and-elegance.de\/de\/wp-json\/wp\/v2\/pages\/13","targetHints":{"allow":["GET"]}}],"collection":[{"href":"https:\/\/power-and-elegance.de\/de\/wp-json\/wp\/v2\/pages"}],"about":[{"href":"https:\/\/power-and-elegance.de\/de\/wp-json\/wp\/v2\/types\/page"}],"author":[{"embeddable":true,"href":"https:\/\/power-and-elegance.de\/de\/wp-json\/wp\/v2\/users\/1"}],"replies":[{"embeddable":true,"href":"https:\/\/power-and-elegance.de\/de\/wp-json\/wp\/v2\/comments?post=13"}],"version-history":[{"count":23,"href":"https:\/\/power-and-elegance.de\/de\/wp-json\/wp\/v2\/pages\/13\/revisions"}],"predecessor-version":[{"id":2938,"href":"https:\/\/power-and-elegance.de\/de\/wp-json\/wp\/v2\/pages\/13\/revisions\/2938"}],"wp:attachment":[{"href":"https:\/\/power-and-elegance.de\/de\/wp-json\/wp\/v2\/media?parent=13"}],"curies":[{"name":"wp","href":"https:\/\/api.w.org\/{rel}","templated":true}]}}