{"id":19,"date":"2014-12-26T20:21:58","date_gmt":"2014-12-26T19:21:58","guid":{"rendered":"http:\/\/power-and-elegance.de\/?page_id=19"},"modified":"2026-01-01T14:56:04","modified_gmt":"2026-01-01T13:56:04","slug":"male","status":"publish","type":"page","link":"https:\/\/power-and-elegance.de\/de\/irish-wolfhounds\/male\/","title":{"rendered":"R\u00fcden"},"content":{"rendered":"<p><a title=\"Mucha Moor\u2019s R\u00fcdiger\" href=\"http:\/\/power-and-elegance.de\/irish-wolfhounds\/male\/mucha-moors-rudiger\/\">Ch.MVCh. Mucha Moor&#8217;s R\u00fcdiger<\/a><\/p>\n<p>Folgende unserer Deckr\u00fcden freuen sich auf ein Rendezvous mit der passenden Partnerin:<\/p>\n<p><a href=\"http:\/\/power-and-elegance.de\/wp-content\/uploads\/2020\/04\/Bram-f\u00fcr-FB.jpg\"><img loading=\"lazy\" decoding=\"async\" class=\"size-medium wp-image-2193 aligncenter\" src=\"http:\/\/power-and-elegance.de\/wp-content\/uploads\/2020\/04\/Bram-f\u00fcr-FB-249x300.jpg\" alt=\"\" width=\"249\" height=\"300\" srcset=\"https:\/\/power-and-elegance.de\/wp-content\/uploads\/2020\/04\/Bram-f\u00fcr-FB-249x300.jpg 249w, https:\/\/power-and-elegance.de\/wp-content\/uploads\/2020\/04\/Bram-f\u00fcr-FB-768x926.jpg 768w, https:\/\/power-and-elegance.de\/wp-content\/uploads\/2020\/04\/Bram-f\u00fcr-FB-700x844.jpg 700w, https:\/\/power-and-elegance.de\/wp-content\/uploads\/2020\/04\/Bram-f\u00fcr-FB.jpg 771w\" sizes=\"auto, (max-width: 249px) 100vw, 249px\" \/><\/a><a href=\"http:\/\/power-and-elegance.de\/irish-wolfhounds\/male\/power-elegance-bram-beamer\/\">C.I.B. MJCh.MCh. Power &amp; Elegance Bram Beamer <\/a><\/p>\n<figure id=\"attachment_2506\" aria-describedby=\"caption-attachment-2506\" style=\"width: 300px\" class=\"wp-caption aligncenter\"><a href=\"http:\/\/power-and-elegance.de\/wp-content\/uploads\/2020\/12\/Ben-Herz.jpg\"><img loading=\"lazy\" decoding=\"async\" class=\"size-medium wp-image-2506\" src=\"http:\/\/power-and-elegance.de\/wp-content\/uploads\/2020\/12\/Ben-Herz-300x298.jpg\" alt=\"\" width=\"300\" height=\"298\" srcset=\"https:\/\/power-and-elegance.de\/wp-content\/uploads\/2020\/12\/Ben-Herz-300x298.jpg 300w, https:\/\/power-and-elegance.de\/wp-content\/uploads\/2020\/12\/Ben-Herz-150x150.jpg 150w, https:\/\/power-and-elegance.de\/wp-content\/uploads\/2020\/12\/Ben-Herz-768x762.jpg 768w, https:\/\/power-and-elegance.de\/wp-content\/uploads\/2020\/12\/Ben-Herz-1024x1016.jpg 1024w, https:\/\/power-and-elegance.de\/wp-content\/uploads\/2020\/12\/Ben-Herz-700x695.jpg 700w\" sizes=\"auto, (max-width: 300px) 100vw, 300px\" \/><\/a><figcaption id=\"caption-attachment-2506\" class=\"wp-caption-text\">Ben<\/figcaption><\/figure>\n<p><a href=\"http:\/\/power-and-elegance.de\/irish-wolfhounds\/male\/power-elegance-bentley-famous-spear\/\">C.I.B. DJCh.MCh. Power &amp; Elegance Bentley Famous Spear&nbsp;<\/a>(letzte Herzuntersuchung Januar 2022)<\/p>\n<p><a href=\"http:\/\/power-and-elegance.de\/wp-content\/uploads\/2020\/04\/Brabus-CACA-Tulln-cut.jpg\"><img loading=\"lazy\" decoding=\"async\" class=\"size-medium wp-image-2186 aligncenter\" src=\"http:\/\/power-and-elegance.de\/wp-content\/uploads\/2020\/04\/Brabus-CACA-Tulln-cut-300x289.jpg\" alt=\"\" width=\"300\" height=\"289\" srcset=\"https:\/\/power-and-elegance.de\/wp-content\/uploads\/2020\/04\/Brabus-CACA-Tulln-cut-300x289.jpg 300w, https:\/\/power-and-elegance.de\/wp-content\/uploads\/2020\/04\/Brabus-CACA-Tulln-cut-768x739.jpg 768w, https:\/\/power-and-elegance.de\/wp-content\/uploads\/2020\/04\/Brabus-CACA-Tulln-cut-700x674.jpg 700w, https:\/\/power-and-elegance.de\/wp-content\/uploads\/2020\/04\/Brabus-CACA-Tulln-cut.jpg 990w\" sizes=\"auto, (max-width: 300px) 100vw, 300px\" \/><\/a><\/p>\n<p><a href=\"http:\/\/power-and-elegance.de\/power-elegance-brabus-benz\/\">C.I.B. MJCh.MCh. Power &amp; Elegance Brabus Benz<\/a> (letzte Herzuntersuchung Januar 2022)<\/p>\n<p><a href=\"http:\/\/power-and-elegance.de\/wp-content\/uploads\/2020\/05\/Ducati-Eindhoven.jpg\"><img loading=\"lazy\" decoding=\"async\" class=\"wp-image-2223 size-medium aligncenter\" src=\"http:\/\/power-and-elegance.de\/wp-content\/uploads\/2020\/05\/Ducati-Eindhoven-300x236.jpg\" alt=\"\" width=\"300\" height=\"236\" srcset=\"https:\/\/power-and-elegance.de\/wp-content\/uploads\/2020\/05\/Ducati-Eindhoven-300x236.jpg 300w, https:\/\/power-and-elegance.de\/wp-content\/uploads\/2020\/05\/Ducati-Eindhoven-768x605.jpg 768w, https:\/\/power-and-elegance.de\/wp-content\/uploads\/2020\/05\/Ducati-Eindhoven-1024x806.jpg 1024w, https:\/\/power-and-elegance.de\/wp-content\/uploads\/2020\/05\/Ducati-Eindhoven-700x551.jpg 700w\" sizes=\"auto, (max-width: 300px) 100vw, 300px\" \/><\/a><a href=\"http:\/\/power-and-elegance.de\/irish-wolfhounds\/male\/jch-power-elegance-ducati-diavel\/\">JCh.MCh. Power &amp; Elegance Ducati Diavel <\/a>(letzte Herzuntersuchung Juli 2022)<\/p>\n<p><a href=\"http:\/\/power-and-elegance.de\/wp-content\/uploads\/2020\/06\/Tomaso-steht-Text.jpg\"><img loading=\"lazy\" decoding=\"async\" class=\"aligncenter wp-image-2269 size-medium\" src=\"http:\/\/power-and-elegance.de\/wp-content\/uploads\/2020\/06\/Tomaso-steht-Text-300x285.jpg\" alt=\"\" width=\"300\" height=\"285\" srcset=\"https:\/\/power-and-elegance.de\/wp-content\/uploads\/2020\/06\/Tomaso-steht-Text-300x285.jpg 300w, https:\/\/power-and-elegance.de\/wp-content\/uploads\/2020\/06\/Tomaso-steht-Text-768x729.jpg 768w, https:\/\/power-and-elegance.de\/wp-content\/uploads\/2020\/06\/Tomaso-steht-Text-1024x973.jpg 1024w, https:\/\/power-and-elegance.de\/wp-content\/uploads\/2020\/06\/Tomaso-steht-Text-700x665.jpg 700w, https:\/\/power-and-elegance.de\/wp-content\/uploads\/2020\/06\/Tomaso-steht-Text.jpg 1652w\" sizes=\"auto, (max-width: 300px) 100vw, 300px\" \/><\/a><a href=\"http:\/\/power-and-elegance.de\/irish-wolfhounds\/male\/jch-power-elegance-de-tomaso-pantera\/\">JCh.MCh. Power &amp; Elegance De Tomaso Pantera <\/a>(letzte Herzuntersuchung Januar 2025)<\/p>\n<p><a href=\"http:\/\/power-and-elegance.de\/wp-content\/uploads\/2022\/01\/LS-Nordbay-21.jpg\"><img loading=\"lazy\" decoding=\"async\" class=\"aligncenter wp-image-2682 size-medium\" src=\"http:\/\/power-and-elegance.de\/wp-content\/uploads\/2022\/01\/LS-Nordbay-21-300x208.jpg\" alt=\"\" width=\"300\" height=\"208\" srcset=\"https:\/\/power-and-elegance.de\/wp-content\/uploads\/2022\/01\/LS-Nordbay-21-300x208.jpg 300w, https:\/\/power-and-elegance.de\/wp-content\/uploads\/2022\/01\/LS-Nordbay-21-768x533.jpg 768w, https:\/\/power-and-elegance.de\/wp-content\/uploads\/2022\/01\/LS-Nordbay-21-1024x710.jpg 1024w, https:\/\/power-and-elegance.de\/wp-content\/uploads\/2022\/01\/LS-Nordbay-21-700x486.jpg 700w\" sizes=\"auto, (max-width: 300px) 100vw, 300px\" \/><\/a><\/p>\n<p><a href=\"http:\/\/power-and-elegance.de\/irish-wolfhounds\/male\/jch-ch-power-elegance-dodge-viper\/\">JCh.MCh. Power &amp; Elegance Dodge Viper <\/a>(letzte Herzuntersuchung Mai 2022)<\/p>\n<p>Sie sind herzlich willkommen, unsere R\u00fcden zun\u00e4chst pers\u00f6nlich kennenzulernen.&nbsp; Wir freuen uns auf ein Treffen mit ihnen auf einer Windhund-Veranstaltung oder einen Besuch.<\/p>\n<p>F\u00fcr Z\u00fcchter:<\/p>\n<p>Sind Sie an einem unserer Deckr\u00fcden interessiert, der keine aktuell g\u00fcltige Herzuntersuchung hat, kontaktieren Sie uns bitte rechtzeitig (min. 2 Monate vor voraussichtlichem Decktermin). Wir werden dann gegebenenfalls eine aktuelle Herzuntersuchung durchf\u00fchren lassen.<\/p>\n<p>Desweiteren haben wir immer wieder Anfragen nach Nachkommen unserer Zuchthunde. Gern stellen wir den Kontakt zu Z\u00fcchtern her, die von unseren R\u00fcden Nachkommen in ihrem Kennel erwarten.<\/p>\n<p>F\u00fcr Welpeninteressenten:<\/p>\n<p>Sind sie an einem Welpen eines unserer R\u00fcden interessiert, stellen wir gern den Kontakt zum jeweiligen Z\u00fcchter her, der einen Wurf mit dem R\u00fcden plant.<\/p>\n<p>&nbsp;<\/p>","protected":false},"excerpt":{"rendered":"<p>Ch.MVCh. Mucha Moor&#8217;s R\u00fcdiger Folgende unserer Deckr\u00fcden freuen sich auf ein Rendezvous mit der passenden Partnerin: C.I.B. MJCh.MCh. Power &amp; Elegance Bram Beamer C.I.B. DJCh.MCh. Power &amp; Elegance Bentley Famous Spear&nbsp;(letzte Herzuntersuchung Januar 2022) C.I.B. MJCh.MCh. Power &amp; Elegance Brabus Benz (letzte Herzuntersuchung Januar 2022) JCh.MCh. Power &amp; Elegance Ducati &#8230;<\/p>\n","protected":false},"author":1,"featured_media":0,"parent":9,"menu_order":0,"comment_status":"closed","ping_status":"open","template":"","meta":{"ngg_post_thumbnail":0,"footnotes":""},"class_list":["post-19","page","type-page","status-publish","hentry","column","twocol"],"_links":{"self":[{"href":"https:\/\/power-and-elegance.de\/de\/wp-json\/wp\/v2\/pages\/19","targetHints":{"allow":["GET"]}}],"collection":[{"href":"https:\/\/power-and-elegance.de\/de\/wp-json\/wp\/v2\/pages"}],"about":[{"href":"https:\/\/power-and-elegance.de\/de\/wp-json\/wp\/v2\/types\/page"}],"author":[{"embeddable":true,"href":"https:\/\/power-and-elegance.de\/de\/wp-json\/wp\/v2\/users\/1"}],"replies":[{"embeddable":true,"href":"https:\/\/power-and-elegance.de\/de\/wp-json\/wp\/v2\/comments?post=19"}],"version-history":[{"count":81,"href":"https:\/\/power-and-elegance.de\/de\/wp-json\/wp\/v2\/pages\/19\/revisions"}],"predecessor-version":[{"id":2944,"href":"https:\/\/power-and-elegance.de\/de\/wp-json\/wp\/v2\/pages\/19\/revisions\/2944"}],"up":[{"embeddable":true,"href":"https:\/\/power-and-elegance.de\/de\/wp-json\/wp\/v2\/pages\/9"}],"wp:attachment":[{"href":"https:\/\/power-and-elegance.de\/de\/wp-json\/wp\/v2\/media?parent=19"}],"curies":[{"name":"wp","href":"https:\/\/api.w.org\/{rel}","templated":true}]}}