{"id":2219,"date":"2020-05-13T17:57:22","date_gmt":"2020-05-13T15:57:22","guid":{"rendered":"http:\/\/power-and-elegance.de\/?page_id=2219"},"modified":"2023-04-16T15:36:09","modified_gmt":"2023-04-16T13:36:09","slug":"jch-power-elegance-ducati-diavel","status":"publish","type":"page","link":"https:\/\/power-and-elegance.de\/de\/irish-wolfhounds\/male\/jch-power-elegance-ducati-diavel\/","title":{"rendered":"JCh.MCh. Power &#038; Elegance Ducati Diavel"},"content":{"rendered":"<p><a href=\"http:\/\/power-and-elegance.de\/wp-content\/uploads\/2020\/05\/Ducati-Eindhoven.jpg\"><img loading=\"lazy\" decoding=\"async\" class=\"alignright wp-image-2223 size-large\" src=\"http:\/\/power-and-elegance.de\/wp-content\/uploads\/2020\/05\/Ducati-Eindhoven-1024x806.jpg\" alt=\"\" width=\"660\" height=\"519\" srcset=\"https:\/\/power-and-elegance.de\/wp-content\/uploads\/2020\/05\/Ducati-Eindhoven-1024x806.jpg 1024w, https:\/\/power-and-elegance.de\/wp-content\/uploads\/2020\/05\/Ducati-Eindhoven-300x236.jpg 300w, https:\/\/power-and-elegance.de\/wp-content\/uploads\/2020\/05\/Ducati-Eindhoven-768x605.jpg 768w, https:\/\/power-and-elegance.de\/wp-content\/uploads\/2020\/05\/Ducati-Eindhoven-700x551.jpg 700w\" sizes=\"auto, (max-width: 660px) 100vw, 660px\" \/><\/a><\/p>\n<p>Vater: IMCh. Jamiroquai Roan Inish<br \/>\nMutter: <a href=\"http:\/\/power-and-elegance.de\/irish-wolfhounds\/female\/power-elegance-bugatti-famosa-lancia\/\">MJCh.MCh. Power &amp; Elegance Bugatti Famosa Lancia<\/a><\/p>\n<p><a href=\"https:\/\/www.iwdb.org\/cD0xMzcxMjMmZz01.html\" target=\"_blank\" rel=\"noopener noreferrer\">Stammbaum<\/a><\/p>\n<p>geb.: 20.12.2017<br \/>\nFarbe: sandfarben gestromt<strong><br \/>\n<\/strong><\/p>\n<p>Gesundheit und Zucht:<\/p>\n<ul>\n<li>Herzuntersuchung in 05\/2020 und 07\/2022: ohne Befund, 0 Punkte<\/li>\n<li>Steht als<strong> Deckr\u00fcde<\/strong> zur Verf\u00fcgung<\/li>\n<\/ul>\n<p><a href=\"http:\/\/power-and-elegance.de\/wp-content\/uploads\/2021\/03\/Ducati-movement-3y.jpg\"><img loading=\"lazy\" decoding=\"async\" class=\"alignright size-large wp-image-2605\" src=\"http:\/\/power-and-elegance.de\/wp-content\/uploads\/2021\/03\/Ducati-movement-3y-1024x700.jpg\" alt=\"\" width=\"660\" height=\"451\" srcset=\"https:\/\/power-and-elegance.de\/wp-content\/uploads\/2021\/03\/Ducati-movement-3y-1024x700.jpg 1024w, https:\/\/power-and-elegance.de\/wp-content\/uploads\/2021\/03\/Ducati-movement-3y-300x205.jpg 300w, https:\/\/power-and-elegance.de\/wp-content\/uploads\/2021\/03\/Ducati-movement-3y-768x525.jpg 768w, https:\/\/power-and-elegance.de\/wp-content\/uploads\/2021\/03\/Ducati-movement-3y-700x478.jpg 700w\" sizes=\"auto, (max-width: 660px) 100vw, 660px\" \/><\/a><\/p>\n<p>Titel:<\/p>\n<ul>\n<li>Niederl\u00e4ndischer Jugendchampion<\/li>\n<li>Benelux Junior Winner NL &#8217;19<\/li>\n<li>Landes-Sieger NRW &#8217;20<\/li>\n<li>Landes-Sieger Hessen\/Th\u00fcringen &#8217;20<\/li>\n<li>Deutscher Champion VDH (seit 2020)<\/li>\n<li>Deutscher Champion DWZRV (Best\u00e4tigung ausstehend)<\/li>\n<li>Luxemburger Champion (Best\u00e4tigung ausstehend)<\/li>\n<\/ul>\n<p><span style=\"color: #ff0000;\">Leistung:<\/span><\/p>\n<ul>\n<li><span style=\"color: #ff0000;\">Renn-Lizenz<\/span><\/li>\n<li><span style=\"color: #ff0000;\">Coursing-Lizenz<\/span><\/li>\n<\/ul>\n<figure id=\"attachment_2380\" aria-describedby=\"caption-attachment-2380\" style=\"width: 660px\" class=\"wp-caption alignright\"><a href=\"http:\/\/power-and-elegance.de\/wp-content\/uploads\/2020\/09\/IWv-11.jpg\"><img loading=\"lazy\" decoding=\"async\" class=\"wp-image-2380 size-large\" src=\"http:\/\/power-and-elegance.de\/wp-content\/uploads\/2020\/09\/IWv-11-1024x683.jpg\" alt=\"\" width=\"660\" height=\"440\" srcset=\"https:\/\/power-and-elegance.de\/wp-content\/uploads\/2020\/09\/IWv-11-1024x683.jpg 1024w, https:\/\/power-and-elegance.de\/wp-content\/uploads\/2020\/09\/IWv-11-300x200.jpg 300w, https:\/\/power-and-elegance.de\/wp-content\/uploads\/2020\/09\/IWv-11-768x512.jpg 768w, https:\/\/power-and-elegance.de\/wp-content\/uploads\/2020\/09\/IWv-11-700x467.jpg 700w, https:\/\/power-and-elegance.de\/wp-content\/uploads\/2020\/09\/IWv-11.jpg 2048w\" sizes=\"auto, (max-width: 660px) 100vw, 660px\" \/><\/a><figcaption id=\"caption-attachment-2380\" class=\"wp-caption-text\">Ducati racing on the race track\/ beim Rennen auf der Renn-Bahn<\/figcaption><\/figure>\n<p>Erfolge:<\/p>\n<ul>\n<li>Baby-BOB<\/li>\n<li>Jugend-BOB<\/li>\n<li>BOB<\/li>\n<li>2 x BOS<\/li>\n<li>CRUFTS-Qualifikation f\u00fcr 2020<\/li>\n<li><span style=\"color: #ff0000;\">Finalist Renn-Europameisterschaft 2019<\/span><\/li>\n<li><span style=\"color: #ff0000;\">1 x Bahnrekord \u00fcber 480 m in Westerlo<br \/>\n<\/span><\/li>\n<\/ul>\n<p>begonnene Titel:<\/p>\n<ul>\n<li>Niederl\u00e4ndischer Champion<\/li>\n<li>Belgischer Champion<\/li>\n<li>C.I.B.<\/li>\n<li><span style=\"color: #ff0000;\">Leistungs-Urkunde Rennen<\/span><\/li>\n<li><span style=\"color: #ff0000;\">Leistungs-Urkunde Coursing<br \/>\n<\/span><\/li>\n<li><span style=\"color: #ff0000;\">Belgischer Renn-Champion<\/span><\/li>\n<li><span style=\"color: #ff0000;\">Belgischer Coursing-Champion<\/span><\/li>\n<li><span style=\"color: #ff0000;\">CACIL-P\u00fcfung<\/span><\/li>\n<\/ul>\n<p>Hinweis: mehr Fotos und Informationen finden Sie in seinem <a href=\"https:\/\/www.facebook.com\/profile.php?id=100005355529197&amp;sk=media_set&amp;set=a.743179452537232&amp;type=3\" target=\"_blank\" rel=\"noopener\">FB-Album<\/a>&nbsp; &#8211; dort bitte &#8222;Feed-Ansicht&#8220; w\u00e4hlen<\/p>","protected":false},"excerpt":{"rendered":"<p>Vater: IMCh. Jamiroquai Roan Inish Mutter: MJCh.MCh. Power &amp; Elegance Bugatti Famosa Lancia Stammbaum geb.: 20.12.2017 Farbe: sandfarben gestromt Gesundheit und Zucht: Herzuntersuchung in 05\/2020 und 07\/2022: ohne Befund, 0 Punkte Steht als Deckr\u00fcde zur Verf\u00fcgung Titel: Niederl\u00e4ndischer Jugendchampion Benelux Junior Winner NL &#8217;19 Landes-Sieger NRW &#8217;20 Landes-Sieger Hessen\/Th\u00fcringen &#8217;20 &#8230;<\/p>\n","protected":false},"author":2,"featured_media":0,"parent":19,"menu_order":0,"comment_status":"closed","ping_status":"closed","template":"","meta":{"ngg_post_thumbnail":0,"footnotes":""},"class_list":["post-2219","page","type-page","status-publish","hentry","column","twocol"],"_links":{"self":[{"href":"https:\/\/power-and-elegance.de\/de\/wp-json\/wp\/v2\/pages\/2219","targetHints":{"allow":["GET"]}}],"collection":[{"href":"https:\/\/power-and-elegance.de\/de\/wp-json\/wp\/v2\/pages"}],"about":[{"href":"https:\/\/power-and-elegance.de\/de\/wp-json\/wp\/v2\/types\/page"}],"author":[{"embeddable":true,"href":"https:\/\/power-and-elegance.de\/de\/wp-json\/wp\/v2\/users\/2"}],"replies":[{"embeddable":true,"href":"https:\/\/power-and-elegance.de\/de\/wp-json\/wp\/v2\/comments?post=2219"}],"version-history":[{"count":38,"href":"https:\/\/power-and-elegance.de\/de\/wp-json\/wp\/v2\/pages\/2219\/revisions"}],"predecessor-version":[{"id":2860,"href":"https:\/\/power-and-elegance.de\/de\/wp-json\/wp\/v2\/pages\/2219\/revisions\/2860"}],"up":[{"embeddable":true,"href":"https:\/\/power-and-elegance.de\/de\/wp-json\/wp\/v2\/pages\/19"}],"wp:attachment":[{"href":"https:\/\/power-and-elegance.de\/de\/wp-json\/wp\/v2\/media?parent=2219"}],"curies":[{"name":"wp","href":"https:\/\/api.w.org\/{rel}","templated":true}]}}