{"id":2268,"date":"2020-06-23T15:18:58","date_gmt":"2020-06-23T13:18:58","guid":{"rendered":"http:\/\/power-and-elegance.de\/?page_id=2268"},"modified":"2026-01-01T15:51:53","modified_gmt":"2026-01-01T14:51:53","slug":"jch-power-elegance-de-tomaso-pantera","status":"publish","type":"page","link":"https:\/\/power-and-elegance.de\/de\/irish-wolfhounds\/male\/jch-power-elegance-de-tomaso-pantera\/","title":{"rendered":"JCh.MCh. Power &#038; Elegance De Tomaso Pantera"},"content":{"rendered":"<p><figure id=\"attachment_2269\" aria-describedby=\"caption-attachment-2269\" style=\"width: 660px\" class=\"wp-caption alignright\"><a href=\"http:\/\/power-and-elegance.de\/wp-content\/uploads\/2020\/06\/Tomaso-steht-Text.jpg\"><img loading=\"lazy\" decoding=\"async\" class=\"wp-image-2269 size-large\" src=\"http:\/\/power-and-elegance.de\/wp-content\/uploads\/2020\/06\/Tomaso-steht-Text-1024x973.jpg\" alt=\"\" width=\"660\" height=\"627\" srcset=\"https:\/\/power-and-elegance.de\/wp-content\/uploads\/2020\/06\/Tomaso-steht-Text-1024x973.jpg 1024w, https:\/\/power-and-elegance.de\/wp-content\/uploads\/2020\/06\/Tomaso-steht-Text-300x285.jpg 300w, https:\/\/power-and-elegance.de\/wp-content\/uploads\/2020\/06\/Tomaso-steht-Text-768x729.jpg 768w, https:\/\/power-and-elegance.de\/wp-content\/uploads\/2020\/06\/Tomaso-steht-Text-700x665.jpg 700w, https:\/\/power-and-elegance.de\/wp-content\/uploads\/2020\/06\/Tomaso-steht-Text.jpg 1652w\" sizes=\"auto, (max-width: 660px) 100vw, 660px\" \/><\/a><figcaption id=\"caption-attachment-2269\" class=\"wp-caption-text\">(Foto by Daria Milkina)<\/figcaption><\/figure><\/p>\n<p>Vater: IMCh. Jamiroquai Roan Inish<br \/>\nMutter: <a href=\"http:\/\/power-and-elegance.de\/irish-wolfhounds\/female\/power-elegance-bugatti-famosa-lancia\/\">MJCh.MCh. Power &amp; Elegance Bugatti Famosa Lancia<\/a><\/p>\n<p><a href=\"https:\/\/www.iwdb.org\/cD0yMzUxMjgmZz01.html\" target=\"_blank\" rel=\"noopener noreferrer\">Stammbaum<\/a><\/p>\n<p>geb.: 20.12.2017<br \/>\nFarbe: rot gestromt<br \/>\nSteht als<strong> Deckr\u00fcde<\/strong> zur Verf\u00fcgung<strong><br \/>\n<\/strong><\/p>\n<figure id=\"attachment_2273\" aria-describedby=\"caption-attachment-2273\" style=\"width: 660px\" class=\"wp-caption alignright\"><a href=\"http:\/\/power-and-elegance.de\/wp-content\/uploads\/2020\/06\/40385894053_0bcf261f8c_o.jpg\"><img loading=\"lazy\" decoding=\"async\" class=\"size-large wp-image-2273\" src=\"http:\/\/power-and-elegance.de\/wp-content\/uploads\/2020\/06\/40385894053_0bcf261f8c_o-1024x683.jpg\" alt=\"\" width=\"660\" height=\"440\" srcset=\"https:\/\/power-and-elegance.de\/wp-content\/uploads\/2020\/06\/40385894053_0bcf261f8c_o-1024x683.jpg 1024w, https:\/\/power-and-elegance.de\/wp-content\/uploads\/2020\/06\/40385894053_0bcf261f8c_o-300x200.jpg 300w, https:\/\/power-and-elegance.de\/wp-content\/uploads\/2020\/06\/40385894053_0bcf261f8c_o-768x512.jpg 768w, https:\/\/power-and-elegance.de\/wp-content\/uploads\/2020\/06\/40385894053_0bcf261f8c_o-700x467.jpg 700w, https:\/\/power-and-elegance.de\/wp-content\/uploads\/2020\/06\/40385894053_0bcf261f8c_o.jpg 1500w\" sizes=\"auto, (max-width: 660px) 100vw, 660px\" \/><\/a><figcaption id=\"caption-attachment-2273\" class=\"wp-caption-text\">Tomaso @ Crufts 2019 junior class<\/figcaption><\/figure>\n<p>Gesundheit und Zucht:<\/p>\n<ul>\n<li>auch Gefriersperma ist verf\u00fcgbar<\/li>\n<li>letzter Herzschall Januar 2025 \u2013 ohne Befund, 0 Punkte<\/li>\n<li>Vater des \u201eConghal Irish Wolfhounds\u201c Panthera-Wurfes (3\/6), geb. 13. August 2025<\/li>\n<\/ul>\n<p>Ausstellungs-Titel:<\/p>\n<ul>\n<li>Belgischer Jugendchampion<\/li>\n<li>Deutscher Champion VDH<\/li>\n<li>Deutscher Champion DWZRV (Best\u00e4tigung ausstehend)<\/li>\n<li>Deutscher Champion IWC (Best\u00e4tigung ausstehend)<\/li>\n<li>Luxemburger Champion (Best\u00e4tigung ausstehend)<\/li>\n<li>Schweizer Ausstellungs-Champion (seit 2023)<\/li>\n<li>Belgischer Champion (Best\u00e4tigung ausstehend)<\/li>\n<\/ul>\n<p><span style=\"color: #800000;\">Titel f\u00fcr Sch\u00f6nheit und Leistung:<\/span><\/p>\n<ul>\n<li><span style=\"color: #800000;\">Pr\u00e4dikatsk\u00f6rung f\u00fcr Sch\u00f6nheit &amp; Leistung<\/span><\/li>\n<\/ul>\n<p><span style=\"color: #ff0000;\">Leistungs-Titel:<\/span><\/p>\n<ul>\n<li><span style=\"color: #ff0000;\">Renn-Lizenz<\/span><\/li>\n<li><span style=\"color: #ff0000;\">Coursing-Lizenz<\/span><\/li>\n<li><span style=\"color: #ff0000;\">CACIL-Pr\u00fcfung (seit 2021)<br \/>\n<\/span><\/li>\n<li>Leistungs-Urkunde Rennen (Best\u00e4tigung ausstehend)<\/li>\n<li>Belgischer Renn-Champion (Best\u00e4tigung ausstehend)<\/li>\n<\/ul>\n<figure id=\"attachment_2270\" aria-describedby=\"caption-attachment-2270\" style=\"width: 660px\" class=\"wp-caption alignright\"><a href=\"http:\/\/power-and-elegance.de\/wp-content\/uploads\/2020\/06\/a-04.jpg\"><img loading=\"lazy\" decoding=\"async\" class=\"wp-image-2270 size-large\" src=\"http:\/\/power-and-elegance.de\/wp-content\/uploads\/2020\/06\/a-04-1024x683.jpg\" alt=\"\" width=\"660\" height=\"440\" srcset=\"https:\/\/power-and-elegance.de\/wp-content\/uploads\/2020\/06\/a-04-1024x683.jpg 1024w, https:\/\/power-and-elegance.de\/wp-content\/uploads\/2020\/06\/a-04-300x200.jpg 300w, https:\/\/power-and-elegance.de\/wp-content\/uploads\/2020\/06\/a-04-768x512.jpg 768w, https:\/\/power-and-elegance.de\/wp-content\/uploads\/2020\/06\/a-04-700x467.jpg 700w, https:\/\/power-and-elegance.de\/wp-content\/uploads\/2020\/06\/a-04.jpg 2048w\" sizes=\"auto, (max-width: 660px) 100vw, 660px\" \/><\/a><figcaption id=\"caption-attachment-2270\" class=\"wp-caption-text\">Tomaso auf der Rennbahn<\/figcaption><\/figure>\n<p>Erfolge:<\/p>\n<ul>\n<li>Baby-BOB<\/li>\n<li>Jugend-BOB<\/li>\n<li>BOB<\/li>\n<li>Veteranen-BOB<\/li>\n<li>CRUFTS-Qualifikation f\u00fcr 2019<\/li>\n<li><span style=\"color: #ff0000;\">2x Bahnrekord<\/span><\/li>\n<\/ul>\n<p>begonnene Titel:<\/p>\n<ul>\n<li>Belgischer Veteranen-Champion<\/li>\n<li>Niederl\u00e4ndischer Veteranen-Champion<\/li>\n<li>FCI Internationaler Veteranen-Champion<\/li>\n<li><span style=\"color: #800000;\">Deutscher Champion f\u00fcr Sch\u00f6nheit und Leistung<\/span><\/li>\n<li><span style=\"color: #800000;\">Internationaler Champion f\u00fcr Sch\u00f6nheit und Leistung (CIBP)<\/span><\/li>\n<li><span style=\"color: #ff0000;\">\u00d6sterreichischer Renn-Champion<\/span><\/li>\n<\/ul>\n<p>Hinweis: Mehr Details \u00fcber TOMASO\u2019s Aktivit\u00e4ten finden Sie unter seinem <a href=\"https:\/\/www.facebook.com\/hashtag\/power_and_elegance_de_tomaso_pantera\" target=\"_blank\" rel=\"noopener\">FB-hashtag<\/a> sowie in seinem <a href=\"https:\/\/www.facebook.com\/media\/set\/?set=a.743082479213596&amp;type=3\" target=\"_blank\" rel=\"noopener\">FB-Album<\/a>&nbsp;(dort bitte \u201eFeed-Ansicht\u201c w\u00e4hlen)<\/p>\n<div id='gallery-2' class='gallery galleryid-2268 gallery-columns-3 gallery-size-medium'><figure class='gallery-item'>\n\t\t\t<div class='gallery-icon landscape'>\n\t\t\t\t<a rel='attachment' href='https:\/\/power-and-elegance.de\/wp-content\/uploads\/2020\/06\/Bahnrekorde-Krenglbach.jpg'><img loading=\"lazy\" decoding=\"async\" width=\"300\" height=\"228\" src=\"https:\/\/power-and-elegance.de\/wp-content\/uploads\/2020\/06\/Bahnrekorde-Krenglbach-300x228.jpg\" class=\"attachment-medium size-medium\" alt=\"\" aria-describedby=\"gallery-2-2284\" srcset=\"https:\/\/power-and-elegance.de\/wp-content\/uploads\/2020\/06\/Bahnrekorde-Krenglbach-300x228.jpg 300w, https:\/\/power-and-elegance.de\/wp-content\/uploads\/2020\/06\/Bahnrekorde-Krenglbach-768x584.jpg 768w, https:\/\/power-and-elegance.de\/wp-content\/uploads\/2020\/06\/Bahnrekorde-Krenglbach-1024x778.jpg 1024w, https:\/\/power-and-elegance.de\/wp-content\/uploads\/2020\/06\/Bahnrekorde-Krenglbach-700x532.jpg 700w\" sizes=\"auto, (max-width: 300px) 100vw, 300px\" \/><\/a>\n\t\t\t<\/div>\n\t\t\t\t<figcaption class='wp-caption-text gallery-caption' id='gallery-2-2284'>\n\t\t\t\tKrenglbach track records \/ Bahnrekorde\n\t\t\t\t<\/figcaption><\/figure><figure class='gallery-item'>\n\t\t\t<div class='gallery-icon landscape'>\n\t\t\t\t<a rel='attachment' href='https:\/\/power-and-elegance.de\/wp-content\/uploads\/2020\/06\/Bahnrekorde-Beringen.jpg'><img loading=\"lazy\" decoding=\"async\" width=\"300\" height=\"146\" src=\"https:\/\/power-and-elegance.de\/wp-content\/uploads\/2020\/06\/Bahnrekorde-Beringen-300x146.jpg\" class=\"attachment-medium size-medium\" alt=\"\" aria-describedby=\"gallery-2-2283\" srcset=\"https:\/\/power-and-elegance.de\/wp-content\/uploads\/2020\/06\/Bahnrekorde-Beringen-300x146.jpg 300w, https:\/\/power-and-elegance.de\/wp-content\/uploads\/2020\/06\/Bahnrekorde-Beringen-768x373.jpg 768w, https:\/\/power-and-elegance.de\/wp-content\/uploads\/2020\/06\/Bahnrekorde-Beringen-1024x498.jpg 1024w, https:\/\/power-and-elegance.de\/wp-content\/uploads\/2020\/06\/Bahnrekorde-Beringen-700x340.jpg 700w, https:\/\/power-and-elegance.de\/wp-content\/uploads\/2020\/06\/Bahnrekorde-Beringen.jpg 1903w\" sizes=\"auto, (max-width: 300px) 100vw, 300px\" \/><\/a>\n\t\t\t<\/div>\n\t\t\t\t<figcaption class='wp-caption-text gallery-caption' id='gallery-2-2283'>\n\t\t\t\tBeringen track records \/Bahnrekorde\n\t\t\t\t<\/figcaption><\/figure>\n\t\t<\/div>\n\n<p>&nbsp;<\/p>","protected":false},"excerpt":{"rendered":"<p>Vater: IMCh. Jamiroquai Roan Inish Mutter: MJCh.MCh. Power &amp; Elegance Bugatti Famosa Lancia Stammbaum geb.: 20.12.2017 Farbe: rot gestromt Steht als Deckr\u00fcde zur Verf\u00fcgung Gesundheit und Zucht: auch Gefriersperma ist verf\u00fcgbar letzter Herzschall Januar 2025 \u2013 ohne Befund, 0 Punkte Vater des \u201eConghal Irish Wolfhounds\u201c Panthera-Wurfes (3\/6), geb. 13. August &#8230;<\/p>\n","protected":false},"author":2,"featured_media":0,"parent":19,"menu_order":0,"comment_status":"closed","ping_status":"closed","template":"","meta":{"ngg_post_thumbnail":0,"footnotes":""},"class_list":["post-2268","page","type-page","status-publish","hentry","column","twocol"],"_links":{"self":[{"href":"https:\/\/power-and-elegance.de\/de\/wp-json\/wp\/v2\/pages\/2268","targetHints":{"allow":["GET"]}}],"collection":[{"href":"https:\/\/power-and-elegance.de\/de\/wp-json\/wp\/v2\/pages"}],"about":[{"href":"https:\/\/power-and-elegance.de\/de\/wp-json\/wp\/v2\/types\/page"}],"author":[{"embeddable":true,"href":"https:\/\/power-and-elegance.de\/de\/wp-json\/wp\/v2\/users\/2"}],"replies":[{"embeddable":true,"href":"https:\/\/power-and-elegance.de\/de\/wp-json\/wp\/v2\/comments?post=2268"}],"version-history":[{"count":31,"href":"https:\/\/power-and-elegance.de\/de\/wp-json\/wp\/v2\/pages\/2268\/revisions"}],"predecessor-version":[{"id":2948,"href":"https:\/\/power-and-elegance.de\/de\/wp-json\/wp\/v2\/pages\/2268\/revisions\/2948"}],"up":[{"embeddable":true,"href":"https:\/\/power-and-elegance.de\/de\/wp-json\/wp\/v2\/pages\/19"}],"wp:attachment":[{"href":"https:\/\/power-and-elegance.de\/de\/wp-json\/wp\/v2\/media?parent=2268"}],"curies":[{"name":"wp","href":"https:\/\/api.w.org\/{rel}","templated":true}]}}