{"id":23,"date":"2014-12-26T20:22:18","date_gmt":"2014-12-26T19:22:18","guid":{"rendered":"http:\/\/power-and-elegance.de\/?page_id=23"},"modified":"2017-12-25T23:36:48","modified_gmt":"2017-12-25T22:36:48","slug":"litter","status":"publish","type":"page","link":"https:\/\/power-and-elegance.de\/de\/irish-wolfhounds\/litter\/","title":{"rendered":"IW-B-Wurf"},"content":{"rendered":"<p>Unseren n\u00e4chsten IW-Wurf haben wir f\u00fcr Herbst 2017 geplant.<\/p>\n<p><img loading=\"lazy\" decoding=\"async\" class=\"alignright size-medium wp-image-154\" src=\"http:\/\/power-and-elegance.de\/wp-content\/uploads\/2014\/12\/sieger-paarwettbewerb-r\u00fcdiger-wilma-back-300x281.jpg\" alt=\"sieger paarwettbewerb r\u00fcdiger wilma back\" width=\"300\" height=\"281\" srcset=\"https:\/\/power-and-elegance.de\/wp-content\/uploads\/2014\/12\/sieger-paarwettbewerb-r\u00fcdiger-wilma-back-300x281.jpg 300w, https:\/\/power-and-elegance.de\/wp-content\/uploads\/2014\/12\/sieger-paarwettbewerb-r\u00fcdiger-wilma-back-700x657.jpg 700w, https:\/\/power-and-elegance.de\/wp-content\/uploads\/2014\/12\/sieger-paarwettbewerb-r\u00fcdiger-wilma-back.jpg 1000w\" sizes=\"auto, (max-width: 300px) 100vw, 300px\" \/><a href=\"http:\/\/power-and-elegance.de\/wp-content\/uploads\/2015\/06\/US-Wilma-1.jpg\"><img loading=\"lazy\" decoding=\"async\" class=\"alignright wp-image-702 size-medium\" src=\"http:\/\/power-and-elegance.de\/wp-content\/uploads\/2015\/06\/US-Wilma-1-201x300.jpg\" alt=\"US Wilma-1\" width=\"201\" height=\"300\" srcset=\"https:\/\/power-and-elegance.de\/wp-content\/uploads\/2015\/06\/US-Wilma-1-201x300.jpg 201w, https:\/\/power-and-elegance.de\/wp-content\/uploads\/2015\/06\/US-Wilma-1-685x1024.jpg 685w, https:\/\/power-and-elegance.de\/wp-content\/uploads\/2015\/06\/US-Wilma-1-700x1046.jpg 700w, https:\/\/power-and-elegance.de\/wp-content\/uploads\/2015\/06\/US-Wilma-1.jpg 1260w\" sizes=\"auto, (max-width: 201px) 100vw, 201px\" \/><\/a><br \/>\nDie Verpaarung von<\/p>\n<p><a title=\"Mucha Moor\u2019s R\u00fcdiger\" href=\"http:\/\/power-and-elegance.de\/irish-wolfhounds\/male\/mucha-moors-rudiger\/\">Mucha Moor&#8217;s R\u00fcdiger<\/a> x MCh. <a title=\"Mucha Moor\u2019s Wilma\" href=\"http:\/\/power-and-elegance.de\/irish-wolfhounds\/female\/mucha-moors-wilma\/\">Mucha Moor&#8217;s Wilma<\/a><\/p>\n<p>erfolgte am 27.05.2015 und war erfolgreich.<\/p>\n<p>Unsere Irish Wolfhound Sonntagskinder sind am 26. Juli geboren. Mutter und allen 3 R\u00fcden und 4 H\u00fcndinnen geht es gut. Wilma ist eine fantastische Mutter und meistert ihre Aufgabe gro\u00dfartig.<\/p>\n<p><a href=\"https:\/\/www.facebook.com\/media\/set\/?set=a.404232449765269.1073741832.100005355529197&amp;type=1&amp;l=34953133d1\">Bilder 1. Monat<\/a><\/p>\n<p><a href=\"https:\/\/www.facebook.com\/media\/set\/?set=a.415644065290774.1073741833.100005355529197&amp;type=1&amp;l=1405e4e18b\">Bilder 2. Monat<\/a><\/p>\n<p><a href=\"https:\/\/www.facebook.com\/media\/set\/?set=a.425274967661017.1073741834.100005355529197&amp;type=1&amp;l=da9368958a\">Bilder 3. Monat<\/a><\/p>\n<p>Gallerie 4. Monat:<\/p>\n<div id='gallery-2' class='gallery galleryid-23 gallery-columns-4 gallery-size-thumbnail'><figure class='gallery-item'>\n\t\t\t<div class='gallery-icon landscape'>\n\t\t\t\t<a rel='attachment' href='https:\/\/power-and-elegance.de\/de\/irish-wolfhounds\/litter\/beauti-kletterqueen\/'><img loading=\"lazy\" decoding=\"async\" width=\"150\" height=\"150\" src=\"https:\/\/power-and-elegance.de\/wp-content\/uploads\/2014\/12\/beauti-kletterqueen-150x150.jpg\" class=\"attachment-thumbnail size-thumbnail\" alt=\"\" srcset=\"https:\/\/power-and-elegance.de\/wp-content\/uploads\/2014\/12\/beauti-kletterqueen-150x150.jpg 150w, https:\/\/power-and-elegance.de\/wp-content\/uploads\/2014\/12\/beauti-kletterqueen-432x432.jpg 432w, https:\/\/power-and-elegance.de\/wp-content\/uploads\/2014\/12\/beauti-kletterqueen-268x268.jpg 268w\" sizes=\"auto, (max-width: 150px) 100vw, 150px\" \/><\/a>\n\t\t\t<\/div><\/figure><figure class='gallery-item'>\n\t\t\t<div class='gallery-icon landscape'>\n\t\t\t\t<a rel='attachment' href='https:\/\/power-and-elegance.de\/de\/irish-wolfhounds\/litter\/beauti\/'><img loading=\"lazy\" decoding=\"async\" width=\"150\" height=\"150\" src=\"https:\/\/power-and-elegance.de\/wp-content\/uploads\/2014\/12\/beauti-150x150.jpg\" class=\"attachment-thumbnail size-thumbnail\" alt=\"\" srcset=\"https:\/\/power-and-elegance.de\/wp-content\/uploads\/2014\/12\/beauti-150x150.jpg 150w, https:\/\/power-and-elegance.de\/wp-content\/uploads\/2014\/12\/beauti-432x432.jpg 432w, https:\/\/power-and-elegance.de\/wp-content\/uploads\/2014\/12\/beauti-268x268.jpg 268w\" sizes=\"auto, (max-width: 150px) 100vw, 150px\" \/><\/a>\n\t\t\t<\/div><\/figure><figure class='gallery-item'>\n\t\t\t<div class='gallery-icon portrait'>\n\t\t\t\t<a rel='attachment' href='https:\/\/power-and-elegance.de\/de\/irish-wolfhounds\/litter\/blizz\/'><img loading=\"lazy\" decoding=\"async\" width=\"150\" height=\"150\" src=\"https:\/\/power-and-elegance.de\/wp-content\/uploads\/2014\/12\/blizz-150x150.jpg\" class=\"attachment-thumbnail size-thumbnail\" alt=\"\" srcset=\"https:\/\/power-and-elegance.de\/wp-content\/uploads\/2014\/12\/blizz-150x150.jpg 150w, https:\/\/power-and-elegance.de\/wp-content\/uploads\/2014\/12\/blizz-432x432.jpg 432w, https:\/\/power-and-elegance.de\/wp-content\/uploads\/2014\/12\/blizz-268x268.jpg 268w\" sizes=\"auto, (max-width: 150px) 100vw, 150px\" \/><\/a>\n\t\t\t<\/div><\/figure><figure class='gallery-item'>\n\t\t\t<div class='gallery-icon landscape'>\n\t\t\t\t<a rel='attachment' href='https:\/\/power-and-elegance.de\/de\/irish-wolfhounds\/litter\/bmw\/'><img loading=\"lazy\" decoding=\"async\" width=\"150\" height=\"150\" src=\"https:\/\/power-and-elegance.de\/wp-content\/uploads\/2014\/12\/bmw-150x150.jpg\" class=\"attachment-thumbnail size-thumbnail\" alt=\"\" aria-describedby=\"gallery-2-807\" srcset=\"https:\/\/power-and-elegance.de\/wp-content\/uploads\/2014\/12\/bmw-150x150.jpg 150w, https:\/\/power-and-elegance.de\/wp-content\/uploads\/2014\/12\/bmw-432x432.jpg 432w, https:\/\/power-and-elegance.de\/wp-content\/uploads\/2014\/12\/bmw-268x268.jpg 268w\" sizes=\"auto, (max-width: 150px) 100vw, 150px\" \/><\/a>\n\t\t\t<\/div>\n\t\t\t\t<figcaption class='wp-caption-text gallery-caption' id='gallery-2-807'>\n\t\t\t\tBM @ 4 mon\n\t\t\t\t<\/figcaption><\/figure><figure class='gallery-item'>\n\t\t\t<div class='gallery-icon portrait'>\n\t\t\t\t<a rel='attachment' href='https:\/\/power-and-elegance.de\/de\/irish-wolfhounds\/litter\/brabus-2\/'><img loading=\"lazy\" decoding=\"async\" width=\"150\" height=\"150\" src=\"https:\/\/power-and-elegance.de\/wp-content\/uploads\/2014\/12\/brabus-2-150x150.jpg\" class=\"attachment-thumbnail size-thumbnail\" alt=\"\" srcset=\"https:\/\/power-and-elegance.de\/wp-content\/uploads\/2014\/12\/brabus-2-150x150.jpg 150w, https:\/\/power-and-elegance.de\/wp-content\/uploads\/2014\/12\/brabus-2-432x432.jpg 432w, https:\/\/power-and-elegance.de\/wp-content\/uploads\/2014\/12\/brabus-2-268x268.jpg 268w\" sizes=\"auto, (max-width: 150px) 100vw, 150px\" \/><\/a>\n\t\t\t<\/div><\/figure><figure class='gallery-item'>\n\t\t\t<div class='gallery-icon landscape'>\n\t\t\t\t<a rel='attachment' href='https:\/\/power-and-elegance.de\/de\/irish-wolfhounds\/litter\/dont-disturb1\/'><img loading=\"lazy\" decoding=\"async\" width=\"150\" height=\"150\" src=\"https:\/\/power-and-elegance.de\/wp-content\/uploads\/2014\/12\/dont-disturb1-150x150.jpg\" class=\"attachment-thumbnail size-thumbnail\" alt=\"\" srcset=\"https:\/\/power-and-elegance.de\/wp-content\/uploads\/2014\/12\/dont-disturb1-150x150.jpg 150w, https:\/\/power-and-elegance.de\/wp-content\/uploads\/2014\/12\/dont-disturb1-432x432.jpg 432w, https:\/\/power-and-elegance.de\/wp-content\/uploads\/2014\/12\/dont-disturb1-268x268.jpg 268w\" sizes=\"auto, (max-width: 150px) 100vw, 150px\" \/><\/a>\n\t\t\t<\/div><\/figure><figure class='gallery-item'>\n\t\t\t<div class='gallery-icon landscape'>\n\t\t\t\t<a rel='attachment' href='https:\/\/power-and-elegance.de\/de\/irish-wolfhounds\/litter\/dreierbande\/'><img loading=\"lazy\" decoding=\"async\" width=\"150\" height=\"150\" src=\"https:\/\/power-and-elegance.de\/wp-content\/uploads\/2014\/12\/dreierbande-150x150.jpg\" class=\"attachment-thumbnail size-thumbnail\" alt=\"\" srcset=\"https:\/\/power-and-elegance.de\/wp-content\/uploads\/2014\/12\/dreierbande-150x150.jpg 150w, https:\/\/power-and-elegance.de\/wp-content\/uploads\/2014\/12\/dreierbande-432x432.jpg 432w, https:\/\/power-and-elegance.de\/wp-content\/uploads\/2014\/12\/dreierbande-268x268.jpg 268w\" sizes=\"auto, (max-width: 150px) 100vw, 150px\" \/><\/a>\n\t\t\t<\/div><\/figure><figure class='gallery-item'>\n\t\t\t<div class='gallery-icon landscape'>\n\t\t\t\t<a rel='attachment' href='https:\/\/power-and-elegance.de\/de\/irish-wolfhounds\/litter\/excursion\/'><img loading=\"lazy\" decoding=\"async\" width=\"150\" height=\"150\" src=\"https:\/\/power-and-elegance.de\/wp-content\/uploads\/2014\/12\/excursion-150x150.jpg\" class=\"attachment-thumbnail size-thumbnail\" alt=\"\" srcset=\"https:\/\/power-and-elegance.de\/wp-content\/uploads\/2014\/12\/excursion-150x150.jpg 150w, https:\/\/power-and-elegance.de\/wp-content\/uploads\/2014\/12\/excursion-432x432.jpg 432w, https:\/\/power-and-elegance.de\/wp-content\/uploads\/2014\/12\/excursion-268x268.jpg 268w\" sizes=\"auto, (max-width: 150px) 100vw, 150px\" \/><\/a>\n\t\t\t<\/div><\/figure><figure class='gallery-item'>\n\t\t\t<div class='gallery-icon landscape'>\n\t\t\t\t<a rel='attachment' href='https:\/\/power-and-elegance.de\/de\/irish-wolfhounds\/litter\/hallole\/'><img loading=\"lazy\" decoding=\"async\" width=\"150\" height=\"150\" src=\"https:\/\/power-and-elegance.de\/wp-content\/uploads\/2014\/12\/hall\u00f6le-150x150.jpg\" class=\"attachment-thumbnail size-thumbnail\" alt=\"\" srcset=\"https:\/\/power-and-elegance.de\/wp-content\/uploads\/2014\/12\/hall\u00f6le-150x150.jpg 150w, https:\/\/power-and-elegance.de\/wp-content\/uploads\/2014\/12\/hall\u00f6le-432x432.jpg 432w, https:\/\/power-and-elegance.de\/wp-content\/uploads\/2014\/12\/hall\u00f6le-268x268.jpg 268w\" sizes=\"auto, (max-width: 150px) 100vw, 150px\" \/><\/a>\n\t\t\t<\/div><\/figure><figure class='gallery-item'>\n\t\t\t<div class='gallery-icon landscape'>\n\t\t\t\t<a rel='attachment' href='https:\/\/power-and-elegance.de\/de\/irish-wolfhounds\/litter\/hohle\/'><img loading=\"lazy\" decoding=\"async\" width=\"150\" height=\"150\" src=\"https:\/\/power-and-elegance.de\/wp-content\/uploads\/2014\/12\/h\u00f6hle-150x150.jpg\" class=\"attachment-thumbnail size-thumbnail\" alt=\"\" srcset=\"https:\/\/power-and-elegance.de\/wp-content\/uploads\/2014\/12\/h\u00f6hle-150x150.jpg 150w, https:\/\/power-and-elegance.de\/wp-content\/uploads\/2014\/12\/h\u00f6hle-432x432.jpg 432w, https:\/\/power-and-elegance.de\/wp-content\/uploads\/2014\/12\/h\u00f6hle-268x268.jpg 268w\" sizes=\"auto, (max-width: 150px) 100vw, 150px\" \/><\/a>\n\t\t\t<\/div><\/figure><figure class='gallery-item'>\n\t\t\t<div class='gallery-icon portrait'>\n\t\t\t\t<a rel='attachment' href='https:\/\/power-and-elegance.de\/de\/irish-wolfhounds\/litter\/hola\/'><img loading=\"lazy\" decoding=\"async\" width=\"150\" height=\"150\" src=\"https:\/\/power-and-elegance.de\/wp-content\/uploads\/2014\/12\/hola-150x150.jpg\" class=\"attachment-thumbnail size-thumbnail\" alt=\"\" srcset=\"https:\/\/power-and-elegance.de\/wp-content\/uploads\/2014\/12\/hola-150x150.jpg 150w, https:\/\/power-and-elegance.de\/wp-content\/uploads\/2014\/12\/hola-432x432.jpg 432w, https:\/\/power-and-elegance.de\/wp-content\/uploads\/2014\/12\/hola-268x268.jpg 268w\" sizes=\"auto, (max-width: 150px) 100vw, 150px\" \/><\/a>\n\t\t\t<\/div><\/figure><figure class='gallery-item'>\n\t\t\t<div class='gallery-icon landscape'>\n\t\t\t\t<a rel='attachment' href='https:\/\/power-and-elegance.de\/de\/irish-wolfhounds\/litter\/kampf-um-den-ball\/'><img loading=\"lazy\" decoding=\"async\" width=\"150\" height=\"150\" src=\"https:\/\/power-and-elegance.de\/wp-content\/uploads\/2014\/12\/kampf-um-den-ball-150x150.jpg\" class=\"attachment-thumbnail size-thumbnail\" alt=\"\" srcset=\"https:\/\/power-and-elegance.de\/wp-content\/uploads\/2014\/12\/kampf-um-den-ball-150x150.jpg 150w, https:\/\/power-and-elegance.de\/wp-content\/uploads\/2014\/12\/kampf-um-den-ball-432x432.jpg 432w, https:\/\/power-and-elegance.de\/wp-content\/uploads\/2014\/12\/kampf-um-den-ball-268x268.jpg 268w\" sizes=\"auto, (max-width: 150px) 100vw, 150px\" \/><\/a>\n\t\t\t<\/div><\/figure><figure class='gallery-item'>\n\t\t\t<div class='gallery-icon portrait'>\n\t\t\t\t<a rel='attachment' href='https:\/\/power-and-elegance.de\/de\/irish-wolfhounds\/litter\/kingfish-crawler\/'><img loading=\"lazy\" decoding=\"async\" width=\"150\" height=\"150\" src=\"https:\/\/power-and-elegance.de\/wp-content\/uploads\/2014\/12\/kingfish-crawler-150x150.jpg\" class=\"attachment-thumbnail size-thumbnail\" alt=\"\" srcset=\"https:\/\/power-and-elegance.de\/wp-content\/uploads\/2014\/12\/kingfish-crawler-150x150.jpg 150w, https:\/\/power-and-elegance.de\/wp-content\/uploads\/2014\/12\/kingfish-crawler-432x432.jpg 432w, https:\/\/power-and-elegance.de\/wp-content\/uploads\/2014\/12\/kingfish-crawler-268x268.jpg 268w\" sizes=\"auto, (max-width: 150px) 100vw, 150px\" \/><\/a>\n\t\t\t<\/div><\/figure><figure class='gallery-item'>\n\t\t\t<div class='gallery-icon portrait'>\n\t\t\t\t<a rel='attachment' href='https:\/\/power-and-elegance.de\/de\/irish-wolfhounds\/litter\/lancia-hunde-blick\/'><img loading=\"lazy\" decoding=\"async\" width=\"150\" height=\"150\" src=\"https:\/\/power-and-elegance.de\/wp-content\/uploads\/2014\/12\/lancia-hunde-blick-150x150.jpg\" class=\"attachment-thumbnail size-thumbnail\" alt=\"\" srcset=\"https:\/\/power-and-elegance.de\/wp-content\/uploads\/2014\/12\/lancia-hunde-blick-150x150.jpg 150w, https:\/\/power-and-elegance.de\/wp-content\/uploads\/2014\/12\/lancia-hunde-blick-432x432.jpg 432w, https:\/\/power-and-elegance.de\/wp-content\/uploads\/2014\/12\/lancia-hunde-blick-268x268.jpg 268w\" sizes=\"auto, (max-width: 150px) 100vw, 150px\" \/><\/a>\n\t\t\t<\/div><\/figure><figure class='gallery-item'>\n\t\t\t<div class='gallery-icon landscape'>\n\t\t\t\t<a rel='attachment' href='https:\/\/power-and-elegance.de\/de\/irish-wolfhounds\/litter\/lancia\/'><img loading=\"lazy\" decoding=\"async\" width=\"150\" height=\"150\" src=\"https:\/\/power-and-elegance.de\/wp-content\/uploads\/2014\/12\/lancia-150x150.jpg\" class=\"attachment-thumbnail size-thumbnail\" alt=\"\" srcset=\"https:\/\/power-and-elegance.de\/wp-content\/uploads\/2014\/12\/lancia-150x150.jpg 150w, https:\/\/power-and-elegance.de\/wp-content\/uploads\/2014\/12\/lancia-432x432.jpg 432w, https:\/\/power-and-elegance.de\/wp-content\/uploads\/2014\/12\/lancia-268x268.jpg 268w\" sizes=\"auto, (max-width: 150px) 100vw, 150px\" \/><\/a>\n\t\t\t<\/div><\/figure><figure class='gallery-item'>\n\t\t\t<div class='gallery-icon landscape'>\n\t\t\t\t<a rel='attachment' href='https:\/\/power-and-elegance.de\/de\/irish-wolfhounds\/litter\/shades-of-grey\/'><img loading=\"lazy\" decoding=\"async\" width=\"150\" height=\"150\" src=\"https:\/\/power-and-elegance.de\/wp-content\/uploads\/2014\/12\/shades-of-grey-150x150.jpg\" class=\"attachment-thumbnail size-thumbnail\" alt=\"\" srcset=\"https:\/\/power-and-elegance.de\/wp-content\/uploads\/2014\/12\/shades-of-grey-150x150.jpg 150w, https:\/\/power-and-elegance.de\/wp-content\/uploads\/2014\/12\/shades-of-grey-432x432.jpg 432w, https:\/\/power-and-elegance.de\/wp-content\/uploads\/2014\/12\/shades-of-grey-268x268.jpg 268w\" sizes=\"auto, (max-width: 150px) 100vw, 150px\" \/><\/a>\n\t\t\t<\/div><\/figure><figure class='gallery-item'>\n\t\t\t<div class='gallery-icon portrait'>\n\t\t\t\t<a rel='attachment' href='https:\/\/power-and-elegance.de\/de\/irish-wolfhounds\/litter\/tolstoi-und-bmw\/'><img loading=\"lazy\" decoding=\"async\" width=\"150\" height=\"150\" src=\"https:\/\/power-and-elegance.de\/wp-content\/uploads\/2014\/12\/tolstoi-und-bmw-150x150.jpg\" class=\"attachment-thumbnail size-thumbnail\" alt=\"\" srcset=\"https:\/\/power-and-elegance.de\/wp-content\/uploads\/2014\/12\/tolstoi-und-bmw-150x150.jpg 150w, https:\/\/power-and-elegance.de\/wp-content\/uploads\/2014\/12\/tolstoi-und-bmw-432x432.jpg 432w, https:\/\/power-and-elegance.de\/wp-content\/uploads\/2014\/12\/tolstoi-und-bmw-268x268.jpg 268w\" sizes=\"auto, (max-width: 150px) 100vw, 150px\" \/><\/a>\n\t\t\t<\/div><\/figure><figure class='gallery-item'>\n\t\t\t<div class='gallery-icon portrait'>\n\t\t\t\t<a rel='attachment' href='https:\/\/power-and-elegance.de\/de\/irish-wolfhounds\/litter\/turwache\/'><img loading=\"lazy\" decoding=\"async\" width=\"150\" height=\"150\" src=\"https:\/\/power-and-elegance.de\/wp-content\/uploads\/2014\/12\/t\u00fcrwache-150x150.jpg\" class=\"attachment-thumbnail size-thumbnail\" alt=\"\" srcset=\"https:\/\/power-and-elegance.de\/wp-content\/uploads\/2014\/12\/t\u00fcrwache-150x150.jpg 150w, https:\/\/power-and-elegance.de\/wp-content\/uploads\/2014\/12\/t\u00fcrwache-432x432.jpg 432w, https:\/\/power-and-elegance.de\/wp-content\/uploads\/2014\/12\/t\u00fcrwache-268x268.jpg 268w\" sizes=\"auto, (max-width: 150px) 100vw, 150px\" \/><\/a>\n\t\t\t<\/div><\/figure><figure class='gallery-item'>\n\t\t\t<div class='gallery-icon portrait'>\n\t\t\t\t<a rel='attachment' href='https:\/\/power-and-elegance.de\/de\/irish-wolfhounds\/litter\/wolfchen1\/'><img loading=\"lazy\" decoding=\"async\" width=\"150\" height=\"150\" src=\"https:\/\/power-and-elegance.de\/wp-content\/uploads\/2014\/12\/w\u00f6lfchen1-150x150.jpg\" class=\"attachment-thumbnail size-thumbnail\" alt=\"\" srcset=\"https:\/\/power-and-elegance.de\/wp-content\/uploads\/2014\/12\/w\u00f6lfchen1-150x150.jpg 150w, https:\/\/power-and-elegance.de\/wp-content\/uploads\/2014\/12\/w\u00f6lfchen1-432x432.jpg 432w, https:\/\/power-and-elegance.de\/wp-content\/uploads\/2014\/12\/w\u00f6lfchen1-268x268.jpg 268w\" sizes=\"auto, (max-width: 150px) 100vw, 150px\" \/><\/a>\n\t\t\t<\/div><\/figure><figure class='gallery-item'>\n\t\t\t<div class='gallery-icon landscape'>\n\t\t\t\t<a rel='attachment' href='https:\/\/power-and-elegance.de\/de\/irish-wolfhounds\/litter\/wolli\/'><img loading=\"lazy\" decoding=\"async\" width=\"150\" height=\"150\" src=\"https:\/\/power-and-elegance.de\/wp-content\/uploads\/2014\/12\/wolli-150x150.jpg\" class=\"attachment-thumbnail size-thumbnail\" alt=\"\" srcset=\"https:\/\/power-and-elegance.de\/wp-content\/uploads\/2014\/12\/wolli-150x150.jpg 150w, https:\/\/power-and-elegance.de\/wp-content\/uploads\/2014\/12\/wolli-432x432.jpg 432w, https:\/\/power-and-elegance.de\/wp-content\/uploads\/2014\/12\/wolli-268x268.jpg 268w\" sizes=\"auto, (max-width: 150px) 100vw, 150px\" \/><\/a>\n\t\t\t<\/div><\/figure>\n\t\t<\/div>\n\n<figure id=\"attachment_719\" aria-describedby=\"caption-attachment-719\" style=\"width: 300px\" class=\"wp-caption alignright\"><img loading=\"lazy\" decoding=\"async\" class=\"size-medium wp-image-719\" src=\"http:\/\/power-and-elegance.de\/wp-content\/uploads\/2014\/12\/IMG_8224-300x200.jpg\" alt=\"Babys 1 day old\" width=\"300\" height=\"200\" srcset=\"https:\/\/power-and-elegance.de\/wp-content\/uploads\/2014\/12\/IMG_8224-300x200.jpg 300w, https:\/\/power-and-elegance.de\/wp-content\/uploads\/2014\/12\/IMG_8224-1024x683.jpg 1024w, https:\/\/power-and-elegance.de\/wp-content\/uploads\/2014\/12\/IMG_8224-700x467.jpg 700w\" sizes=\"auto, (max-width: 300px) 100vw, 300px\" \/><figcaption id=\"caption-attachment-719\" class=\"wp-caption-text\">Babys 1 day old \/ 1 Tag alt<\/figcaption><\/figure>\n<figure id=\"attachment_718\" aria-describedby=\"caption-attachment-718\" style=\"width: 300px\" class=\"wp-caption alignright\"><a href=\"http:\/\/power-and-elegance.de\/wp-content\/uploads\/2014\/12\/IMGP6428.jpg\"><img loading=\"lazy\" decoding=\"async\" class=\"wp-image-718 size-medium\" src=\"http:\/\/power-and-elegance.de\/wp-content\/uploads\/2014\/12\/IMGP6428-300x225.jpg\" alt=\"IMGP6428\" width=\"300\" height=\"225\" srcset=\"https:\/\/power-and-elegance.de\/wp-content\/uploads\/2014\/12\/IMGP6428-300x225.jpg 300w, https:\/\/power-and-elegance.de\/wp-content\/uploads\/2014\/12\/IMGP6428.jpg 1024w, https:\/\/power-and-elegance.de\/wp-content\/uploads\/2014\/12\/IMGP6428-700x525.jpg 700w\" sizes=\"auto, (max-width: 300px) 100vw, 300px\" \/><\/a><figcaption id=\"caption-attachment-718\" class=\"wp-caption-text\">Wilma 1 day before birth \/ 1 Tag vor der Geburt<\/figcaption><\/figure>\n<figure id=\"attachment_766\" aria-describedby=\"caption-attachment-766\" style=\"width: 300px\" class=\"wp-caption alignright\"><a href=\"http:\/\/power-and-elegance.de\/wp-content\/uploads\/2014\/12\/steh-analyse.jpg\"><img loading=\"lazy\" decoding=\"async\" class=\"wp-image-766 size-medium\" src=\"http:\/\/power-and-elegance.de\/wp-content\/uploads\/2014\/12\/steh-analyse-300x212.jpg\" alt=\"steh analyse\" width=\"300\" height=\"212\" srcset=\"https:\/\/power-and-elegance.de\/wp-content\/uploads\/2014\/12\/steh-analyse-300x212.jpg 300w, https:\/\/power-and-elegance.de\/wp-content\/uploads\/2014\/12\/steh-analyse-1024x724.jpg 1024w, https:\/\/power-and-elegance.de\/wp-content\/uploads\/2014\/12\/steh-analyse-700x495.jpg 700w\" sizes=\"auto, (max-width: 300px) 100vw, 300px\" \/><\/a><figcaption id=\"caption-attachment-766\" class=\"wp-caption-text\">13 weeks \/ Wochen<\/figcaption><\/figure>\n<p><figure id=\"attachment_771\" aria-describedby=\"caption-attachment-771\" style=\"width: 300px\" class=\"wp-caption alignright\"><a href=\"http:\/\/power-and-elegance.de\/wp-content\/uploads\/2014\/12\/Pedigree-IW-Wurf.jpg\"><img loading=\"lazy\" decoding=\"async\" class=\"wp-image-771 size-medium\" src=\"http:\/\/power-and-elegance.de\/wp-content\/uploads\/2014\/12\/Pedigree-IW-Wurf-300x198.jpg\" alt=\"Pedigree IW Wurf\" width=\"300\" height=\"198\" srcset=\"https:\/\/power-and-elegance.de\/wp-content\/uploads\/2014\/12\/Pedigree-IW-Wurf-300x198.jpg 300w, https:\/\/power-and-elegance.de\/wp-content\/uploads\/2014\/12\/Pedigree-IW-Wurf-1024x677.jpg 1024w, https:\/\/power-and-elegance.de\/wp-content\/uploads\/2014\/12\/Pedigree-IW-Wurf-700x463.jpg 700w\" sizes=\"auto, (max-width: 300px) 100vw, 300px\" \/><\/a><figcaption id=\"caption-attachment-771\" class=\"wp-caption-text\">Pedigree<\/figcaption><\/figure><\/p>","protected":false},"excerpt":{"rendered":"<p>Unseren n\u00e4chsten IW-Wurf haben wir f\u00fcr Herbst 2017 geplant. Die Verpaarung von Mucha Moor&#8217;s R\u00fcdiger x MCh. Mucha Moor&#8217;s Wilma erfolgte am 27.05.2015 und war erfolgreich. Unsere Irish Wolfhound Sonntagskinder sind am 26. Juli geboren. Mutter und allen 3 R\u00fcden und 4 H\u00fcndinnen geht es gut. Wilma ist eine fantastische &#8230;<\/p>\n","protected":false},"author":1,"featured_media":0,"parent":9,"menu_order":2,"comment_status":"closed","ping_status":"open","template":"","meta":{"ngg_post_thumbnail":0,"footnotes":""},"class_list":["post-23","page","type-page","status-publish","hentry","column","twocol"],"_links":{"self":[{"href":"https:\/\/power-and-elegance.de\/de\/wp-json\/wp\/v2\/pages\/23","targetHints":{"allow":["GET"]}}],"collection":[{"href":"https:\/\/power-and-elegance.de\/de\/wp-json\/wp\/v2\/pages"}],"about":[{"href":"https:\/\/power-and-elegance.de\/de\/wp-json\/wp\/v2\/types\/page"}],"author":[{"embeddable":true,"href":"https:\/\/power-and-elegance.de\/de\/wp-json\/wp\/v2\/users\/1"}],"replies":[{"embeddable":true,"href":"https:\/\/power-and-elegance.de\/de\/wp-json\/wp\/v2\/comments?post=23"}],"version-history":[{"count":25,"href":"https:\/\/power-and-elegance.de\/de\/wp-json\/wp\/v2\/pages\/23\/revisions"}],"predecessor-version":[{"id":1747,"href":"https:\/\/power-and-elegance.de\/de\/wp-json\/wp\/v2\/pages\/23\/revisions\/1747"}],"up":[{"embeddable":true,"href":"https:\/\/power-and-elegance.de\/de\/wp-json\/wp\/v2\/pages\/9"}],"wp:attachment":[{"href":"https:\/\/power-and-elegance.de\/de\/wp-json\/wp\/v2\/media?parent=23"}],"curies":[{"name":"wp","href":"https:\/\/api.w.org\/{rel}","templated":true}]}}