{"id":2496,"date":"2020-12-13T16:32:51","date_gmt":"2020-12-13T15:32:51","guid":{"rendered":"http:\/\/power-and-elegance.de\/?page_id=2496"},"modified":"2023-09-29T09:39:39","modified_gmt":"2023-09-29T07:39:39","slug":"litter-plan","status":"publish","type":"page","link":"https:\/\/power-and-elegance.de\/de\/litter-plan\/","title":{"rendered":"IW F-Wurf"},"content":{"rendered":"<p><a href=\"http:\/\/power-and-elegance.de\/wp-content\/uploads\/2021\/02\/Collage-F-Wurf.jpg\"><img loading=\"lazy\" decoding=\"async\" class=\"alignright size-large wp-image-2547\" src=\"http:\/\/power-and-elegance.de\/wp-content\/uploads\/2021\/02\/Collage-F-Wurf-1024x622.jpg\" alt=\"\" width=\"660\" height=\"401\" srcset=\"https:\/\/power-and-elegance.de\/wp-content\/uploads\/2021\/02\/Collage-F-Wurf-1024x622.jpg 1024w, https:\/\/power-and-elegance.de\/wp-content\/uploads\/2021\/02\/Collage-F-Wurf-300x182.jpg 300w, https:\/\/power-and-elegance.de\/wp-content\/uploads\/2021\/02\/Collage-F-Wurf-768x466.jpg 768w, https:\/\/power-and-elegance.de\/wp-content\/uploads\/2021\/02\/Collage-F-Wurf-268x164.jpg 268w, https:\/\/power-and-elegance.de\/wp-content\/uploads\/2021\/02\/Collage-F-Wurf-700x425.jpg 700w, https:\/\/power-and-elegance.de\/wp-content\/uploads\/2021\/02\/Collage-F-Wurf.jpg 1418w\" sizes=\"auto, (max-width: 660px) 100vw, 660px\" \/><\/a> Unser Sch\u00f6nheits- und Leistungs- Irish Wolfhound F-Wurf (2 H\u00fcndinnen) wurde am 12. M\u00e4rz 2021 geboren.<\/p>\n<p>Die Mama ist unsere Blizz alias&nbsp; <a href=\"http:\/\/power-and-elegance.de\/irish-wolfhounds\/female\/power-elegance-blizzard-butterfly\/\">&#8222;JCh. Power &amp; Elegance Blizzard Butterfly&#8220;<\/a><\/p>\n<p><a href=\"https:\/\/iwdb.org\/cD0xMDAwMDI2NzA3Jmc9NQ%3D%3D.html\" target=\"_blank\" rel=\"noopener\">Stammbaum unseres F-Wurfes<\/a><\/p>\n<p><a href=\"https:\/\/www.facebook.com\/media\/set\/?set=a.1519195131602323&amp;type=3\" target=\"_blank\" rel=\"noopener\">Fotos <\/a><a href=\"https:\/\/www.facebook.com\/media\/set\/?set=a.1519195131602323&amp;type=3\" target=\"_blank\" rel=\"noopener\">&#8211; link folgen und Feed-Ansicht w\u00e4hlen<\/a><\/p>","protected":false},"excerpt":{"rendered":"<p>Unser Sch\u00f6nheits- und Leistungs- Irish Wolfhound F-Wurf (2 H\u00fcndinnen) wurde am 12. M\u00e4rz 2021 geboren. Die Mama ist unsere Blizz alias&nbsp; &#8222;JCh. Power &amp; Elegance Blizzard Butterfly&#8220; Stammbaum unseres F-Wurfes Fotos &#8211; link folgen und Feed-Ansicht w\u00e4hlen<\/p>\n","protected":false},"author":2,"featured_media":0,"parent":0,"menu_order":0,"comment_status":"closed","ping_status":"closed","template":"","meta":{"ngg_post_thumbnail":0,"footnotes":""},"class_list":["post-2496","page","type-page","status-publish","hentry","column","twocol"],"_links":{"self":[{"href":"https:\/\/power-and-elegance.de\/de\/wp-json\/wp\/v2\/pages\/2496","targetHints":{"allow":["GET"]}}],"collection":[{"href":"https:\/\/power-and-elegance.de\/de\/wp-json\/wp\/v2\/pages"}],"about":[{"href":"https:\/\/power-and-elegance.de\/de\/wp-json\/wp\/v2\/types\/page"}],"author":[{"embeddable":true,"href":"https:\/\/power-and-elegance.de\/de\/wp-json\/wp\/v2\/users\/2"}],"replies":[{"embeddable":true,"href":"https:\/\/power-and-elegance.de\/de\/wp-json\/wp\/v2\/comments?post=2496"}],"version-history":[{"count":20,"href":"https:\/\/power-and-elegance.de\/de\/wp-json\/wp\/v2\/pages\/2496\/revisions"}],"predecessor-version":[{"id":2649,"href":"https:\/\/power-and-elegance.de\/de\/wp-json\/wp\/v2\/pages\/2496\/revisions\/2649"}],"wp:attachment":[{"href":"https:\/\/power-and-elegance.de\/de\/wp-json\/wp\/v2\/media?parent=2496"}],"curies":[{"name":"wp","href":"https:\/\/api.w.org\/{rel}","templated":true}]}}