{"id":2527,"date":"2021-01-18T16:21:26","date_gmt":"2021-01-18T15:21:26","guid":{"rendered":"http:\/\/power-and-elegance.de\/?page_id=2527"},"modified":"2023-10-13T13:34:50","modified_gmt":"2023-10-13T11:34:50","slug":"litter-plan-borzoi","status":"publish","type":"page","link":"https:\/\/power-and-elegance.de\/de\/litter-plan-borzoi\/","title":{"rendered":"Wurfplanung Barsoi"},"content":{"rendered":"<p>Den n\u00e4chsten Barsoi-Wurf mit einer unserer Sch\u00f6nheits- und Leistungs-H\u00fcndinnen planen wir in Kooperation bei einem befreundeten Sch\u00f6nheits- und Leistungs-Barsoi-Z\u00fcchter<\/p>\n<ul>\n<li>Barsoi Wurf f\u00fcr Sch\u00f6nheit und Leistung<\/li>\n<li>Wenn Sie an einem Welpen aus diesem Wurf interessiert sind, sind Sie herzlich willkommen, uns zu kontaktieren.<\/li>\n<\/ul>\n<p><\/p>","protected":false},"excerpt":{"rendered":"<p>Den n\u00e4chsten Barsoi-Wurf mit einer unserer Sch\u00f6nheits- und Leistungs-H\u00fcndinnen planen wir in Kooperation bei einem befreundeten Sch\u00f6nheits- und Leistungs-Barsoi-Z\u00fcchter Barsoi Wurf f\u00fcr Sch\u00f6nheit und Leistung Wenn Sie an einem Welpen aus diesem Wurf interessiert sind, sind Sie herzlich willkommen, uns zu kontaktieren.<\/p>\n","protected":false},"author":2,"featured_media":0,"parent":0,"menu_order":0,"comment_status":"closed","ping_status":"closed","template":"","meta":{"ngg_post_thumbnail":0,"footnotes":""},"class_list":["post-2527","page","type-page","status-publish","hentry","column","twocol"],"_links":{"self":[{"href":"https:\/\/power-and-elegance.de\/de\/wp-json\/wp\/v2\/pages\/2527","targetHints":{"allow":["GET"]}}],"collection":[{"href":"https:\/\/power-and-elegance.de\/de\/wp-json\/wp\/v2\/pages"}],"about":[{"href":"https:\/\/power-and-elegance.de\/de\/wp-json\/wp\/v2\/types\/page"}],"author":[{"embeddable":true,"href":"https:\/\/power-and-elegance.de\/de\/wp-json\/wp\/v2\/users\/2"}],"replies":[{"embeddable":true,"href":"https:\/\/power-and-elegance.de\/de\/wp-json\/wp\/v2\/comments?post=2527"}],"version-history":[{"count":9,"href":"https:\/\/power-and-elegance.de\/de\/wp-json\/wp\/v2\/pages\/2527\/revisions"}],"predecessor-version":[{"id":2882,"href":"https:\/\/power-and-elegance.de\/de\/wp-json\/wp\/v2\/pages\/2527\/revisions\/2882"}],"wp:attachment":[{"href":"https:\/\/power-and-elegance.de\/de\/wp-json\/wp\/v2\/media?parent=2527"}],"curies":[{"name":"wp","href":"https:\/\/api.w.org\/{rel}","templated":true}]}}