{"id":2748,"date":"2022-11-22T17:34:47","date_gmt":"2022-11-22T16:34:47","guid":{"rendered":"http:\/\/power-and-elegance.de\/?page_id=2748"},"modified":"2023-01-13T21:56:37","modified_gmt":"2023-01-13T20:56:37","slug":"c-i-c-nitroshka-tolstayevna-von-ochotnikov","status":"publish","type":"page","link":"https:\/\/power-and-elegance.de\/de\/borzois\/female\/c-i-c-nitroshka-tolstayevna-von-ochotnikov\/","title":{"rendered":"C.I.C. Nitroshka Tolstayevna von Ochotnikov"},"content":{"rendered":"<p><figure id=\"attachment_2752\" aria-describedby=\"caption-attachment-2752\" style=\"width: 660px\" class=\"wp-caption alignright\"><a href=\"http:\/\/power-and-elegance.de\/wp-content\/uploads\/2022\/11\/b-01.jpg\"><img loading=\"lazy\" decoding=\"async\" class=\"wp-image-2752 size-large\" src=\"http:\/\/power-and-elegance.de\/wp-content\/uploads\/2022\/11\/b-01-1024x590.jpg\" alt=\"\" width=\"660\" height=\"380\" srcset=\"https:\/\/power-and-elegance.de\/wp-content\/uploads\/2022\/11\/b-01-1024x590.jpg 1024w, https:\/\/power-and-elegance.de\/wp-content\/uploads\/2022\/11\/b-01-300x173.jpg 300w, https:\/\/power-and-elegance.de\/wp-content\/uploads\/2022\/11\/b-01-768x443.jpg 768w, https:\/\/power-and-elegance.de\/wp-content\/uploads\/2022\/11\/b-01-1536x886.jpg 1536w, https:\/\/power-and-elegance.de\/wp-content\/uploads\/2022\/11\/b-01-700x404.jpg 700w, https:\/\/power-and-elegance.de\/wp-content\/uploads\/2022\/11\/b-01.jpg 1899w\" sizes=\"auto, (max-width: 660px) 100vw, 660px\" \/><\/a><figcaption id=\"caption-attachment-2752\" class=\"wp-caption-text\">NITRO<\/figcaption><\/figure><\/p>\n<p>geb: 28.10.2017<br \/>\nFarbe: sand mit schwarzem \u00dcberflug<br \/>\nRufname: &#8222;NITRO&#8220;<br \/>\nZ\u00fcchter: Franz Ehrler (Frankreich)<\/p>\n<p><a href=\"https:\/\/borzoi.breedarchive.com\/animal\/view\/nitroshka-tolstayevna-von-ochotnikov-cbb14816-054c-40dc-814c-125b3231a62e\">pedigree von Nitro<\/a><\/p>\n<p>Ausstellungs- und <span style=\"color: #800000;\">Kombinations<\/span>-Titel:<\/p>\n<ul>\n<li>Landes-Jugend-Sieger Hessen\/Th\u00fcringen &#8217;19<\/li>\n<li>Alpen-Jugend-Sieger AT &#8217;19<\/li>\n<li><span style=\"color: #800000;\">Pr\u00e4dikatsk\u00f6rung f\u00fcr Sch\u00f6nheit und Leistung<\/span><\/li>\n<li><span style=\"color: #800000;\">DWZRV-Sieger f\u00fcr Sch\u00f6nheit und Leistung &#8217;21<\/span><\/li>\n<\/ul>\n<figure id=\"attachment_2762\" aria-describedby=\"caption-attachment-2762\" style=\"width: 660px\" class=\"wp-caption alignright\"><a href=\"http:\/\/power-and-elegance.de\/wp-content\/uploads\/2022\/11\/BS-06.jpg\"><img loading=\"lazy\" decoding=\"async\" class=\"size-large wp-image-2762\" src=\"http:\/\/power-and-elegance.de\/wp-content\/uploads\/2022\/11\/BS-06-1024x683.jpg\" alt=\"\" width=\"660\" height=\"440\" srcset=\"https:\/\/power-and-elegance.de\/wp-content\/uploads\/2022\/11\/BS-06-1024x683.jpg 1024w, https:\/\/power-and-elegance.de\/wp-content\/uploads\/2022\/11\/BS-06-300x200.jpg 300w, https:\/\/power-and-elegance.de\/wp-content\/uploads\/2022\/11\/BS-06-768x512.jpg 768w, https:\/\/power-and-elegance.de\/wp-content\/uploads\/2022\/11\/BS-06-1536x1024.jpg 1536w, https:\/\/power-and-elegance.de\/wp-content\/uploads\/2022\/11\/BS-06-700x467.jpg 700w, https:\/\/power-and-elegance.de\/wp-content\/uploads\/2022\/11\/BS-06.jpg 1944w\" sizes=\"auto, (max-width: 660px) 100vw, 660px\" \/><\/a><figcaption id=\"caption-attachment-2762\" class=\"wp-caption-text\">FCI European Racing Champion 2019<\/figcaption><\/figure>\n<p><span style=\"color: #ff0000;\">Renn-Sieger-Titel:<\/span><\/p>\n<ul>\n<li><span style=\"color: #ff0000;\">FCI Europa-Meister &#8217;19<\/span><\/li>\n<li><span style=\"color: #ff0000;\">Deutscher Kurzstrecken Meister &#8217;19<\/span><\/li>\n<li><span style=\"color: #ff0000;\">Bundes-Renn-Sieger &#8217;19<\/span><\/li>\n<li><span style=\"color: #ff0000;\">Verbands-Renn-Sieger &#8217;19<\/span><\/li>\n<li><span style=\"color: #ff0000;\">Deutscher Derby Sieger \u201919<\/span><\/li>\n<li><span style=\"color: #ff0000;\">Landes-Renn-Sieger Baden Kurpfalz \u201919<\/span><\/li>\n<li><span style=\"color: #ff0000;\">Deutscher Kurzstrecken Meister &#8217;21<\/span><\/li>\n<li><span style=\"color: #ff0000;\">Internationaler Derby-Sieger &#8217;21<\/span><\/li>\n<li><span style=\"color: #ff0000;\">Landes-Renn-Sieger Niedersachsen\/Sachsen-Anhalt &#8217;21<\/span><\/li>\n<\/ul>\n<p><span style=\"color: #ff0000;\">weitere Renn-Leistungs-Titel:<\/span><\/p>\n<ul>\n<li><span style=\"color: #ff0000;\">Renn-Lizenz<\/span><\/li>\n<li><span style=\"color: #ff0000;\">CACIL-Pr\u00fcfung<\/span><\/li>\n<li><span style=\"color: #ff0000;\">Leistungs-Urkunde Rennen (=RLU)<\/span><\/li>\n<li><span style=\"color: #ff0000;\">Deutscher Renn-Champion (DWZRV)<\/span><\/li>\n<li><span style=\"color: #ff0000;\">Belgischer Renn-Champion<br \/>\n<\/span><\/li>\n<li><span style=\"color: #ff0000;\">FCI Internationaler Renn-Champion (=C.I.C.) (Best\u00e4tigung ausstehend)<\/span><\/li>\n<\/ul>\n<p><a href=\"http:\/\/power-and-elegance.de\/wp-content\/uploads\/2022\/11\/Nitro-rCACIB-verschonert.jpg\"><img loading=\"lazy\" decoding=\"async\" class=\"alignright size-large wp-image-2765\" src=\"http:\/\/power-and-elegance.de\/wp-content\/uploads\/2022\/11\/Nitro-rCACIB-verschonert-1024x1001.jpg\" alt=\"\" width=\"660\" height=\"645\" srcset=\"https:\/\/power-and-elegance.de\/wp-content\/uploads\/2022\/11\/Nitro-rCACIB-verschonert-1024x1001.jpg 1024w, https:\/\/power-and-elegance.de\/wp-content\/uploads\/2022\/11\/Nitro-rCACIB-verschonert-300x293.jpg 300w, https:\/\/power-and-elegance.de\/wp-content\/uploads\/2022\/11\/Nitro-rCACIB-verschonert-768x751.jpg 768w, https:\/\/power-and-elegance.de\/wp-content\/uploads\/2022\/11\/Nitro-rCACIB-verschonert-1536x1502.jpg 1536w, https:\/\/power-and-elegance.de\/wp-content\/uploads\/2022\/11\/Nitro-rCACIB-verschonert-2048x2002.jpg 2048w, https:\/\/power-and-elegance.de\/wp-content\/uploads\/2022\/11\/Nitro-rCACIB-verschonert-700x684.jpg 700w\" sizes=\"auto, (max-width: 660px) 100vw, 660px\" \/><\/a><\/p>\n<p><span style=\"color: #ff0000;\">Coursing-Leistungs-Titel:<\/span><\/p>\n<ul>\n<li><span style=\"color: #ff0000;\">Coursing-Lizenz<\/span><\/li>\n<li><span style=\"color: #ff0000;\">Landes-Coursing-Sieger Nordrhein-Westfalen &#8217;21<\/span><\/li>\n<li><span style=\"color: #ff0000;\">Verbands-Coursing-Sieger &#8217;21<\/span><\/li>\n<li><span style=\"color: #ff0000;\">Deutscher Coursing-Sieger &#8217;22<\/span><\/li>\n<li><span style=\"color: #ff0000;\">Belgischer Coursing-Champion (Best\u00e4tigung ausstehend)<br \/>\n<\/span><\/li>\n<\/ul>\n<p>Begonnene Titel:<\/p>\n<ul>\n<li><span style=\"color: #800000;\">Deutscher Champion f\u00fcr Sch\u00f6nheit und Leistung<\/span><\/li>\n<li><span style=\"color: #ff0000;\">Coursing-Leistungs-Urkunde<\/span><\/li>\n<li><span style=\"color: #ff0000;\">Deutscher Coursing-Champion<\/span><\/li>\n<li><span style=\"color: #ff0000;\">Deutscher Leistungs-Champion VDH<\/span><\/li>\n<\/ul>\n<p><\/p>","protected":false},"excerpt":{"rendered":"<p>geb: 28.10.2017 Farbe: sand mit schwarzem \u00dcberflug Rufname: &#8222;NITRO&#8220; Z\u00fcchter: Franz Ehrler (Frankreich) pedigree von Nitro Ausstellungs- und Kombinations-Titel: Landes-Jugend-Sieger Hessen\/Th\u00fcringen &#8217;19 Alpen-Jugend-Sieger AT &#8217;19 Pr\u00e4dikatsk\u00f6rung f\u00fcr Sch\u00f6nheit und Leistung DWZRV-Sieger f\u00fcr Sch\u00f6nheit und Leistung &#8217;21 Renn-Sieger-Titel: FCI Europa-Meister &#8217;19 Deutscher Kurzstrecken Meister &#8217;19 Bundes-Renn-Sieger &#8217;19 Verbands-Renn-Sieger &#8217;19 Deutscher Derby &#8230;<\/p>\n","protected":false},"author":2,"featured_media":0,"parent":27,"menu_order":0,"comment_status":"closed","ping_status":"closed","template":"","meta":{"ngg_post_thumbnail":0,"footnotes":""},"class_list":["post-2748","page","type-page","status-publish","hentry","column","twocol"],"_links":{"self":[{"href":"https:\/\/power-and-elegance.de\/de\/wp-json\/wp\/v2\/pages\/2748","targetHints":{"allow":["GET"]}}],"collection":[{"href":"https:\/\/power-and-elegance.de\/de\/wp-json\/wp\/v2\/pages"}],"about":[{"href":"https:\/\/power-and-elegance.de\/de\/wp-json\/wp\/v2\/types\/page"}],"author":[{"embeddable":true,"href":"https:\/\/power-and-elegance.de\/de\/wp-json\/wp\/v2\/users\/2"}],"replies":[{"embeddable":true,"href":"https:\/\/power-and-elegance.de\/de\/wp-json\/wp\/v2\/comments?post=2748"}],"version-history":[{"count":13,"href":"https:\/\/power-and-elegance.de\/de\/wp-json\/wp\/v2\/pages\/2748\/revisions"}],"predecessor-version":[{"id":2804,"href":"https:\/\/power-and-elegance.de\/de\/wp-json\/wp\/v2\/pages\/2748\/revisions\/2804"}],"up":[{"embeddable":true,"href":"https:\/\/power-and-elegance.de\/de\/wp-json\/wp\/v2\/pages\/27"}],"wp:attachment":[{"href":"https:\/\/power-and-elegance.de\/de\/wp-json\/wp\/v2\/media?parent=2748"}],"curies":[{"name":"wp","href":"https:\/\/api.w.org\/{rel}","templated":true}]}}