{"id":2808,"date":"2023-01-22T14:17:33","date_gmt":"2023-01-22T13:17:33","guid":{"rendered":"http:\/\/power-and-elegance.de\/?page_id=2808"},"modified":"2023-07-18T15:01:00","modified_gmt":"2023-07-18T13:01:00","slug":"c-i-b-djch-mch-power-elegance-delorean","status":"publish","type":"page","link":"https:\/\/power-and-elegance.de\/de\/c-i-b-djch-mch-power-elegance-delorean\/","title":{"rendered":"C.I.B. DJCh.MCh. Power &#038; Elegance DeLorean"},"content":{"rendered":"<p><a href=\"http:\/\/power-and-elegance.de\/wp-content\/uploads\/2023\/01\/Lori-43y-scaled.jpg\"><img loading=\"lazy\" decoding=\"async\" class=\"alignright size-large wp-image-2812\" src=\"http:\/\/power-and-elegance.de\/wp-content\/uploads\/2023\/01\/Lori-43y-1024x734.jpg\" alt=\"\" width=\"660\" height=\"473\" srcset=\"https:\/\/power-and-elegance.de\/wp-content\/uploads\/2023\/01\/Lori-43y-1024x734.jpg 1024w, https:\/\/power-and-elegance.de\/wp-content\/uploads\/2023\/01\/Lori-43y-300x215.jpg 300w, https:\/\/power-and-elegance.de\/wp-content\/uploads\/2023\/01\/Lori-43y-768x551.jpg 768w, https:\/\/power-and-elegance.de\/wp-content\/uploads\/2023\/01\/Lori-43y-1536x1101.jpg 1536w, https:\/\/power-and-elegance.de\/wp-content\/uploads\/2023\/01\/Lori-43y-2048x1468.jpg 2048w, https:\/\/power-and-elegance.de\/wp-content\/uploads\/2023\/01\/Lori-43y-700x502.jpg 700w\" sizes=\"auto, (max-width: 660px) 100vw, 660px\" \/><\/a>Vater: C.I.B. MCh. Jamiroquai Roan Inish<br \/>\nMutter: <a href=\"http:\/\/power-and-elegance.de\/irish-wolfhounds\/female\/power-elegance-bugatti-famosa-lancia\/\">MJCh.MCh. Power &amp; Elegance Bugatti Famosa Lancia<\/a><\/p>\n<p><a href=\"https:\/\/www.iwdb.org\/cD0xMzcxMjYmZz01.html\" target=\"_blank\" rel=\"noopener\">Stammbaum<\/a><\/p>\n<p>geb.: 20.12.2017<br \/>\nFarbe: sandfarben gestromt<br \/>\nRufname: LORI<\/p>\n<p>Gesundheit und Zucht:<\/p>\n<ul>\n<li>Herzuntersuchung in 08\/2022: ohne Befund, 0 Punkte<\/li>\n<li>Mutter des Neuschwanstein IW&amp;D&#8217;s J-Wurfes, geb. 21.04.2023 (1\/2)<\/li>\n<\/ul>\n<figure id=\"attachment_2818\" aria-describedby=\"caption-attachment-2818\" style=\"width: 660px\" class=\"wp-caption alignright\"><a href=\"http:\/\/power-and-elegance.de\/wp-content\/uploads\/2023\/01\/Lori-movement.jpg\"><img loading=\"lazy\" decoding=\"async\" class=\"size-large wp-image-2818\" src=\"http:\/\/power-and-elegance.de\/wp-content\/uploads\/2023\/01\/Lori-movement-1024x768.jpg\" alt=\"\" width=\"660\" height=\"495\" srcset=\"https:\/\/power-and-elegance.de\/wp-content\/uploads\/2023\/01\/Lori-movement-1024x768.jpg 1024w, https:\/\/power-and-elegance.de\/wp-content\/uploads\/2023\/01\/Lori-movement-300x225.jpg 300w, https:\/\/power-and-elegance.de\/wp-content\/uploads\/2023\/01\/Lori-movement-768x576.jpg 768w, https:\/\/power-and-elegance.de\/wp-content\/uploads\/2023\/01\/Lori-movement-1536x1152.jpg 1536w, https:\/\/power-and-elegance.de\/wp-content\/uploads\/2023\/01\/Lori-movement-700x525.jpg 700w, https:\/\/power-and-elegance.de\/wp-content\/uploads\/2023\/01\/Lori-movement.jpg 2016w\" sizes=\"auto, (max-width: 660px) 100vw, 660px\" \/><\/a><figcaption id=\"caption-attachment-2818\" class=\"wp-caption-text\">Gangwerk mit 19 Mon<\/figcaption><\/figure>\n<p>Jugend-Titel Ausstellung :<\/p>\n<ul>\n<li>Deutscher Jugend-Champion (DWZRV)<\/li>\n<li>Deutscher Jugend-Champion (VDH)<\/li>\n<li>Landes-Jugend-Sieger Hessen\/Th\u00fcringen &#8217;19<\/li>\n<\/ul>\n<p>Erwachsenen-Titel Ausstellung :<\/p>\n<ul>\n<li>Alpen-Sieger CH &#8217;19<\/li>\n<li>Annual Trophy Winner &#8217;19<\/li>\n<li>Deutscher Champion (DWZRV)<\/li>\n<li>Deutscher Champion (VDH)<\/li>\n<li>Schweizer Ausstellungs-Champion<\/li>\n<li>Schweizer Sch\u00f6nheits-Champion<\/li>\n<li>Verbands-Sieger &#8217;22<\/li>\n<li>C.I.B. (=FCI Internationaler Sch\u00f6nheits-Champion) (Best\u00e4tigung ausstehend)<\/li>\n<\/ul>\n<figure id=\"attachment_2824\" aria-describedby=\"caption-attachment-2824\" style=\"width: 660px\" class=\"wp-caption alignright\"><a href=\"http:\/\/power-and-elegance.de\/wp-content\/uploads\/2023\/01\/19-Rijssen-Lori-Foto-Cees-van-Arkel.jpg\"><img loading=\"lazy\" decoding=\"async\" class=\"size-large wp-image-2824\" src=\"http:\/\/power-and-elegance.de\/wp-content\/uploads\/2023\/01\/19-Rijssen-Lori-Foto-Cees-van-Arkel-1024x390.jpg\" alt=\"\" width=\"660\" height=\"251\" srcset=\"https:\/\/power-and-elegance.de\/wp-content\/uploads\/2023\/01\/19-Rijssen-Lori-Foto-Cees-van-Arkel-1024x390.jpg 1024w, https:\/\/power-and-elegance.de\/wp-content\/uploads\/2023\/01\/19-Rijssen-Lori-Foto-Cees-van-Arkel-300x114.jpg 300w, https:\/\/power-and-elegance.de\/wp-content\/uploads\/2023\/01\/19-Rijssen-Lori-Foto-Cees-van-Arkel-768x292.jpg 768w, https:\/\/power-and-elegance.de\/wp-content\/uploads\/2023\/01\/19-Rijssen-Lori-Foto-Cees-van-Arkel-1536x585.jpg 1536w, https:\/\/power-and-elegance.de\/wp-content\/uploads\/2023\/01\/19-Rijssen-Lori-Foto-Cees-van-Arkel-700x267.jpg 700w, https:\/\/power-and-elegance.de\/wp-content\/uploads\/2023\/01\/19-Rijssen-Lori-Foto-Cees-van-Arkel.jpg 1820w\" sizes=\"auto, (max-width: 660px) 100vw, 660px\" \/><\/a><figcaption id=\"caption-attachment-2824\" class=\"wp-caption-text\">racing \/ auf der Rennbahn (Foto by Cees van Arkel)<\/figcaption><\/figure>\n<p><span style=\"color: #800000;\">Titel f\u00fcr Sch\u00f6nheit und Leistung:<\/span><\/p>\n<ul>\n<li><span style=\"color: #800000;\">Pr\u00e4dikats-K\u00f6rung f\u00fcr Sch\u00f6nheit und Leistung<\/span><\/li>\n<li><span style=\"color: #ff0000;\">Renn-Lizenz<\/span><\/li>\n<li><span style=\"color: #ff0000;\">Coursing-LIzenz<\/span><\/li>\n<li><span style=\"color: #ff0000;\">Renn-Leistungs-Urkunde (RLU)<br \/>\n<\/span><\/li>\n<li><span style=\"color: #ff0000;\">Belgischer Renn-Champion (Best\u00e4tigung ausstehend)<\/span><\/li>\n<\/ul>\n<p>Erfolge:<\/p>\n<ul>\n<li>Multi BOB\/BOS<\/li>\n<li>CRUFT&#8217;s Qualifikation f\u00fcr 2020 und 2023<\/li>\n<li><span style=\"color: #ff0000;\">Nr.1 in Deutschland und Europa (von 16 IW H\u00fcndinnen im Ranking) in der Coursing-Saison 2022<\/span><\/li>\n<\/ul>\n<p>begonnene Titel:<\/p>\n<ul>\n<li>Niederl\u00e4ndischer Champion<\/li>\n<li><span style=\"color: #800000;\">Deutscher Champion f\u00fcr Sch\u00f6nheit und Leistung<\/span><\/li>\n<li><span style=\"color: #800000;\">C.I.B.P. (FCI Internationaler Champion f\u00fcr Sch\u00f6nheit und Leistung)<\/span><\/li>\n<li><span style=\"color: #ff0000;\">Gebrauchshunde-Zertifikat<\/span><\/li>\n<li><span style=\"color: #ff0000;\">Coursing-Leistungs-Urkunde (CLU)<\/span><\/li>\n<\/ul>\n<div id='gallery-2' class='gallery galleryid-2808 gallery-columns-3 gallery-size-medium'><figure class='gallery-item'>\n\t\t\t<div class='gallery-icon landscape'>\n\t\t\t\t<a rel='attachment' href='https:\/\/power-and-elegance.de\/wp-content\/uploads\/2023\/01\/PE-DeLorean-coursing-ranking-2022-season.jpg'><img loading=\"lazy\" decoding=\"async\" width=\"300\" height=\"196\" src=\"https:\/\/power-and-elegance.de\/wp-content\/uploads\/2023\/01\/PE-DeLorean-coursing-ranking-2022-season-300x196.jpg\" class=\"attachment-medium size-medium\" alt=\"\" aria-describedby=\"gallery-2-2840\" srcset=\"https:\/\/power-and-elegance.de\/wp-content\/uploads\/2023\/01\/PE-DeLorean-coursing-ranking-2022-season-300x196.jpg 300w, https:\/\/power-and-elegance.de\/wp-content\/uploads\/2023\/01\/PE-DeLorean-coursing-ranking-2022-season-1024x668.jpg 1024w, https:\/\/power-and-elegance.de\/wp-content\/uploads\/2023\/01\/PE-DeLorean-coursing-ranking-2022-season-768x501.jpg 768w, https:\/\/power-and-elegance.de\/wp-content\/uploads\/2023\/01\/PE-DeLorean-coursing-ranking-2022-season-700x457.jpg 700w, https:\/\/power-and-elegance.de\/wp-content\/uploads\/2023\/01\/PE-DeLorean-coursing-ranking-2022-season.jpg 1410w\" sizes=\"auto, (max-width: 300px) 100vw, 300px\" \/><\/a>\n\t\t\t<\/div>\n\t\t\t\t<figcaption class='wp-caption-text gallery-caption' id='gallery-2-2840'>\n\t\t\t\tLori ranking 2022 coursing season\n\t\t\t\t<\/figcaption><\/figure><figure class='gallery-item'>\n\t\t\t<div class='gallery-icon portrait'>\n\t\t\t\t<a rel='attachment' href='https:\/\/power-and-elegance.de\/wp-content\/uploads\/2023\/01\/Screenshot-2023-01-23-at-22-13-19-list-coursing.eu_.png'><img loading=\"lazy\" decoding=\"async\" width=\"196\" height=\"300\" src=\"https:\/\/power-and-elegance.de\/wp-content\/uploads\/2023\/01\/Screenshot-2023-01-23-at-22-13-19-list-coursing.eu_-196x300.png\" class=\"attachment-medium size-medium\" alt=\"\" aria-describedby=\"gallery-2-2841\" srcset=\"https:\/\/power-and-elegance.de\/wp-content\/uploads\/2023\/01\/Screenshot-2023-01-23-at-22-13-19-list-coursing.eu_-196x300.png 196w, https:\/\/power-and-elegance.de\/wp-content\/uploads\/2023\/01\/Screenshot-2023-01-23-at-22-13-19-list-coursing.eu_-670x1024.png 670w, https:\/\/power-and-elegance.de\/wp-content\/uploads\/2023\/01\/Screenshot-2023-01-23-at-22-13-19-list-coursing.eu_-700x1069.png 700w, https:\/\/power-and-elegance.de\/wp-content\/uploads\/2023\/01\/Screenshot-2023-01-23-at-22-13-19-list-coursing.eu_.png 753w\" sizes=\"auto, (max-width: 196px) 100vw, 196px\" \/><\/a>\n\t\t\t<\/div>\n\t\t\t\t<figcaption class='wp-caption-text gallery-caption' id='gallery-2-2841'>\n\t\t\t\tranking 2022 coursing season\n\t\t\t\t<\/figcaption><\/figure><figure class='gallery-item'>\n\t\t\t<div class='gallery-icon landscape'>\n\t\t\t\t<a rel='attachment' href='https:\/\/power-and-elegance.de\/wp-content\/uploads\/2023\/01\/Screenshot_2019-07-23-Unsere-Windhunde.png'><img loading=\"lazy\" decoding=\"async\" width=\"300\" height=\"160\" src=\"https:\/\/power-and-elegance.de\/wp-content\/uploads\/2023\/01\/Screenshot_2019-07-23-Unsere-Windhunde-300x160.png\" class=\"attachment-medium size-medium\" alt=\"\" aria-describedby=\"gallery-2-2842\" srcset=\"https:\/\/power-and-elegance.de\/wp-content\/uploads\/2023\/01\/Screenshot_2019-07-23-Unsere-Windhunde-300x160.png 300w, https:\/\/power-and-elegance.de\/wp-content\/uploads\/2023\/01\/Screenshot_2019-07-23-Unsere-Windhunde-1024x545.png 1024w, https:\/\/power-and-elegance.de\/wp-content\/uploads\/2023\/01\/Screenshot_2019-07-23-Unsere-Windhunde-768x409.png 768w, https:\/\/power-and-elegance.de\/wp-content\/uploads\/2023\/01\/Screenshot_2019-07-23-Unsere-Windhunde-700x373.png 700w, https:\/\/power-and-elegance.de\/wp-content\/uploads\/2023\/01\/Screenshot_2019-07-23-Unsere-Windhunde.png 1104w\" sizes=\"auto, (max-width: 300px) 100vw, 300px\" \/><\/a>\n\t\t\t<\/div>\n\t\t\t\t<figcaption class='wp-caption-text gallery-caption' id='gallery-2-2842'>\n\t\t\t\tLori on the cover of a FB group\n\t\t\t\t<\/figcaption><\/figure>\n\t\t<\/div>\n\n<p>&nbsp;<\/p>\n<p>Hinweis: Details \u00fcber LORI&#8217;s Aktivit\u00e4ten finden Sie in ihrem <a href=\"https:\/\/www.facebook.com\/media\/set\/?set=a.754992501355927&amp;type=3\" target=\"_blank\" rel=\"noopener\">FB-Album<\/a> (dort bitte &#8222;Feed-Ansicht&#8220; w\u00e4hlen) sowie unter ihrem <a href=\"https:\/\/www.facebook.com\/hashtag\/power_and_elegance_delorean\" target=\"_blank\" rel=\"noopener\">FB-hashtag<\/a><\/p>","protected":false},"excerpt":{"rendered":"<p>Vater: C.I.B. MCh. Jamiroquai Roan Inish Mutter: MJCh.MCh. Power &amp; Elegance Bugatti Famosa Lancia Stammbaum geb.: 20.12.2017 Farbe: sandfarben gestromt Rufname: LORI Gesundheit und Zucht: Herzuntersuchung in 08\/2022: ohne Befund, 0 Punkte Mutter des Neuschwanstein IW&amp;D&#8217;s J-Wurfes, geb. 21.04.2023 (1\/2) Jugend-Titel Ausstellung : Deutscher Jugend-Champion (DWZRV) Deutscher Jugend-Champion (VDH) Landes-Jugend-Sieger &#8230;<\/p>\n","protected":false},"author":2,"featured_media":0,"parent":0,"menu_order":0,"comment_status":"closed","ping_status":"closed","template":"","meta":{"ngg_post_thumbnail":0,"footnotes":""},"class_list":["post-2808","page","type-page","status-publish","hentry","column","twocol"],"_links":{"self":[{"href":"https:\/\/power-and-elegance.de\/de\/wp-json\/wp\/v2\/pages\/2808","targetHints":{"allow":["GET"]}}],"collection":[{"href":"https:\/\/power-and-elegance.de\/de\/wp-json\/wp\/v2\/pages"}],"about":[{"href":"https:\/\/power-and-elegance.de\/de\/wp-json\/wp\/v2\/types\/page"}],"author":[{"embeddable":true,"href":"https:\/\/power-and-elegance.de\/de\/wp-json\/wp\/v2\/users\/2"}],"replies":[{"embeddable":true,"href":"https:\/\/power-and-elegance.de\/de\/wp-json\/wp\/v2\/comments?post=2808"}],"version-history":[{"count":30,"href":"https:\/\/power-and-elegance.de\/de\/wp-json\/wp\/v2\/pages\/2808\/revisions"}],"predecessor-version":[{"id":2876,"href":"https:\/\/power-and-elegance.de\/de\/wp-json\/wp\/v2\/pages\/2808\/revisions\/2876"}],"wp:attachment":[{"href":"https:\/\/power-and-elegance.de\/de\/wp-json\/wp\/v2\/media?parent=2808"}],"curies":[{"name":"wp","href":"https:\/\/api.w.org\/{rel}","templated":true}]}}