{"id":2884,"date":"2023-11-19T23:48:14","date_gmt":"2023-11-19T22:48:14","guid":{"rendered":"http:\/\/power-and-elegance.de\/?page_id=2884"},"modified":"2023-12-04T20:18:05","modified_gmt":"2023-12-04T19:18:05","slug":"jww-21-djch-mch-power-elegance-espada-lamborghini","status":"publish","type":"page","link":"https:\/\/power-and-elegance.de\/de\/jww-21-djch-mch-power-elegance-espada-lamborghini\/","title":{"rendered":"JWW-21 DJCh.MCh. Power &#038; Elegance Espada Lamborghini"},"content":{"rendered":"<p><figure id=\"attachment_2885\" aria-describedby=\"caption-attachment-2885\" style=\"width: 550px\" class=\"wp-caption alignright\"><a href=\"http:\/\/power-and-elegance.de\/wp-content\/uploads\/2023\/11\/Espada-JWW-21-scaled.jpg\"><img loading=\"lazy\" decoding=\"async\" class=\"wp-image-2885\" src=\"http:\/\/power-and-elegance.de\/wp-content\/uploads\/2023\/11\/Espada-JWW-21-768x1024.jpg\" alt=\"\" width=\"550\" height=\"733\" srcset=\"https:\/\/power-and-elegance.de\/wp-content\/uploads\/2023\/11\/Espada-JWW-21-768x1024.jpg 768w, https:\/\/power-and-elegance.de\/wp-content\/uploads\/2023\/11\/Espada-JWW-21-225x300.jpg 225w, https:\/\/power-and-elegance.de\/wp-content\/uploads\/2023\/11\/Espada-JWW-21-1152x1536.jpg 1152w, https:\/\/power-and-elegance.de\/wp-content\/uploads\/2023\/11\/Espada-JWW-21-1536x2048.jpg 1536w, https:\/\/power-and-elegance.de\/wp-content\/uploads\/2023\/11\/Espada-JWW-21-700x933.jpg 700w, https:\/\/power-and-elegance.de\/wp-content\/uploads\/2023\/11\/Espada-JWW-21-scaled.jpg 1920w\" sizes=\"auto, (max-width: 550px) 100vw, 550px\" \/><\/a><figcaption id=\"caption-attachment-2885\" class=\"wp-caption-text\">Espada Junior World Winner \/ Jugend Welt-Sieger 2021<\/figcaption><\/figure><\/p>\n<p>Vater: C.I.B. JCh.MCh. Pitlochry&#8217;s Knight Ryder<br \/>\nMutter:<a href=\"http:\/\/power-and-elegance.de\/irish-wolfhounds\/female\/power-elegance-beautiful-mind-belfast\/\"> C.I.B. MJCh.MCh. Power &amp; Elegance Beautiful Mind Belfast<\/a><\/p>\n<p><a href=\"https:\/\/iwdb.org\/cD0xMzkwNjYmZz01.html\" target=\"_blank\" rel=\"noopener\">Stammbaum<\/a><\/p>\n<p>Gesundheit und Zucht:<\/p>\n<ul>\n<li>ED 0 = frei<\/li>\n<li>Herzuntersuchung in 05\/2023: ohne Befund, 0 Punkte<\/li>\n<li>Mutter von Welpen, geboren am 02. Dezember 2023 &#8211; <a href=\"https:\/\/iwdb.org\/cD0xMDAwMDYwNTQwJmc9NQ%3D%3D.html\" target=\"_blank\" rel=\"noopener\">Welpenstammbaum<\/a><\/li>\n<\/ul>\n<p>Show-Titel:<\/p>\n<ul>\n<li>Jugend-Welt-Sieger -21<\/li>\n<li>Alpen-Jugend-Sieger DE -21<\/li>\n<li>Deutscher Jugend-Champion (DWZRV) (Best\u00e4tigung ausstehend)<\/li>\n<li>Deutscher Jugend-Champion (VDH) (Best\u00e4tigung ausstehend)<\/li>\n<li>Deutscher Champion (DWZRV) (Best\u00e4tigung ausstehend)<\/li>\n<li>Deutscher Champion (VDH) (Best\u00e4tigung ausstehend)<\/li>\n<li>Schweizer Show Champion<\/li>\n<li>VDH Europa-Sieger -22<\/li>\n<li>Landes-Sieger NRW -22<\/li>\n<li>Alpen-Sieger CH -23<\/li>\n<\/ul>\n<p><span style=\"color: #800000;\">Titel f\u00fcr Sch\u00f6nheit und Leistung:<\/span><\/p>\n<ul>\n<li><span style=\"color: #800000;\">Pr\u00e4dikatsk\u00f6rung f\u00fcr Sch\u00f6nheit &amp; Leistung<\/span><\/li>\n<li><span style=\"color: #800000;\">Verbandssieger f\u00fcr Sch\u00f6nheit &amp; Renn-Leistung 2023<\/span><\/li>\n<li><span style=\"color: #800000;\">DWZRV-Sieger 2022 (mit Renn-Leistung)<\/span><\/li>\n<li><span style=\"color: #800000;\">DWZRV-Sieger 2023 (mit Renn-Leistung)<\/span><\/li>\n<li><span style=\"color: #800000;\">Deutscher Champion f\u00fcr Sch\u00f6nheit &amp; Leistung (Best\u00e4tigung ausstehend)<\/span><\/li>\n<\/ul>\n<figure id=\"attachment_2908\" aria-describedby=\"caption-attachment-2908\" style=\"width: 600px\" class=\"wp-caption alignright\"><a href=\"http:\/\/power-and-elegance.de\/wp-content\/uploads\/2023\/11\/LotusEspada-fur-web-Landstuhl-22.jpg\"><img loading=\"lazy\" decoding=\"async\" class=\"wp-image-2908\" src=\"http:\/\/power-and-elegance.de\/wp-content\/uploads\/2023\/11\/LotusEspada-fur-web-Landstuhl-22-300x214.jpg\" alt=\"\" width=\"600\" height=\"428\" srcset=\"https:\/\/power-and-elegance.de\/wp-content\/uploads\/2023\/11\/LotusEspada-fur-web-Landstuhl-22-300x214.jpg 300w, https:\/\/power-and-elegance.de\/wp-content\/uploads\/2023\/11\/LotusEspada-fur-web-Landstuhl-22-768x548.jpg 768w, https:\/\/power-and-elegance.de\/wp-content\/uploads\/2023\/11\/LotusEspada-fur-web-Landstuhl-22-700x500.jpg 700w, https:\/\/power-and-elegance.de\/wp-content\/uploads\/2023\/11\/LotusEspada-fur-web-Landstuhl-22.jpg 1024w\" sizes=\"auto, (max-width: 600px) 100vw, 600px\" \/><\/a><figcaption id=\"caption-attachment-2908\" class=\"wp-caption-text\">Espada (in red\/ rot) on the racetrack\/ auf der Rennbahn<\/figcaption><\/figure>\n<p><span style=\"color: #ff0000;\">Leistungs-Sieger-Titel:<\/span><\/p>\n<ul>\n<li><span style=\"color: #ff0000;\">Bundes-Renn-Sieger -22<\/span><\/li>\n<li><span style=\"color: #ff0000;\">Landes-Renn-Sieger Niedersachsen -22<\/span><\/li>\n<li><span style=\"color: #ff0000;\">Internationaler Derby-Sieger -22<\/span><\/li>\n<li><span style=\"color: #ff0000;\">Verbands-Renn-Sieger -22<\/span><\/li>\n<li><span style=\"color: #ff0000;\">Verbands-Renn-Sieger -23<\/span><\/li>\n<li><span style=\"color: #ff0000;\">Verbands-Coursing-Sieger -23<\/span><\/li>\n<li><span style=\"color: #ff0000;\">Gro\u00dfer Preis der Niederlande Renn-Sieger -23<\/span><\/li>\n<li><span style=\"color: #ff0000;\">Landes-Renn-Sieger Rheinland -23<\/span><\/li>\n<\/ul>\n<p><span style=\"color: #ff0000;\">weitere Leistungs-Titel:<\/span><\/p>\n<ul>\n<li><span style=\"color: #ff0000;\">Renn-Lizenz<\/span><\/li>\n<li><span style=\"color: #ff0000;\">Coursing-Lizenz<\/span><\/li>\n<li><span style=\"color: #ff0000;\">Renn-Leistungs-Urkunde (Best\u00e4tigung ausstehend)<\/span><\/li>\n<li><span style=\"color: #ff0000;\">Deutscher Renn-Champion DWZRV (Best\u00e4tigung ausstehend)<\/span><\/li>\n<\/ul>\n<p>Begonnene Titel:<\/p>\n<ul>\n<li>Schweizer Sch\u00f6nheits-Champion<\/li>\n<li>C.I.B.<\/li>\n<li><span style=\"color: #800000;\">C.I.B.P.<\/span><\/li>\n<li><span style=\"color: #ff0000;\">C.I.C.<\/span><\/li>\n<li><span style=\"color: #ff0000;\">CACIL-Pr\u00fcfung<\/span><\/li>\n<li><span style=\"color: #ff0000;\">Coursing-Leistungs-Urkunde<\/span><\/li>\n<li><span style=\"color: #ff0000;\">Deutscher Coursing-Champion<\/span><\/li>\n<li><span style=\"color: #ff0000;\">Belgischer Renn-Champion<\/span><\/li>\n<li><span style=\"color: #ff0000;\">Belgischer Coursing-Champion<\/span><\/li>\n<\/ul>\n<p>Hinweis: Details \u00fcber ESPADA&#8217;s Aktivit\u00e4ten finden Sie unter ihrem <a href=\"https:\/\/www.facebook.com\/hashtag\/power_and_elegance_espada_lamborghini\" target=\"_blank\" rel=\"noopener\">FB-hashtag<\/a> sowie in ihrem <a href=\"https:\/\/www.facebook.com\/media\/set\/?set=a.1668917233296778&amp;type=3\" target=\"_blank\" rel=\"noopener\">FB-Album<\/a> (dort bitte &#8222;Feed-Ansicht&#8220; w\u00e4hlen)<\/p>\n<p>Diese Seite befindet sich im Aufbau. Bitte schauen Sie von Zeit zu Zeit vorbei, um den Fortschritt zu sehen.<\/p>","protected":false},"excerpt":{"rendered":"<p>Vater: C.I.B. JCh.MCh. Pitlochry&#8217;s Knight Ryder Mutter: C.I.B. MJCh.MCh. Power &amp; Elegance Beautiful Mind Belfast Stammbaum Gesundheit und Zucht: ED 0 = frei Herzuntersuchung in 05\/2023: ohne Befund, 0 Punkte Mutter von Welpen, geboren am 02. Dezember 2023 &#8211; Welpenstammbaum Show-Titel: Jugend-Welt-Sieger -21 Alpen-Jugend-Sieger DE -21 Deutscher Jugend-Champion (DWZRV) (Best\u00e4tigung &#8230;<\/p>\n","protected":false},"author":2,"featured_media":0,"parent":0,"menu_order":0,"comment_status":"closed","ping_status":"closed","template":"","meta":{"ngg_post_thumbnail":0,"footnotes":""},"class_list":["post-2884","page","type-page","status-publish","hentry","column","twocol"],"_links":{"self":[{"href":"https:\/\/power-and-elegance.de\/de\/wp-json\/wp\/v2\/pages\/2884","targetHints":{"allow":["GET"]}}],"collection":[{"href":"https:\/\/power-and-elegance.de\/de\/wp-json\/wp\/v2\/pages"}],"about":[{"href":"https:\/\/power-and-elegance.de\/de\/wp-json\/wp\/v2\/types\/page"}],"author":[{"embeddable":true,"href":"https:\/\/power-and-elegance.de\/de\/wp-json\/wp\/v2\/users\/2"}],"replies":[{"embeddable":true,"href":"https:\/\/power-and-elegance.de\/de\/wp-json\/wp\/v2\/comments?post=2884"}],"version-history":[{"count":36,"href":"https:\/\/power-and-elegance.de\/de\/wp-json\/wp\/v2\/pages\/2884\/revisions"}],"predecessor-version":[{"id":2932,"href":"https:\/\/power-and-elegance.de\/de\/wp-json\/wp\/v2\/pages\/2884\/revisions\/2932"}],"wp:attachment":[{"href":"https:\/\/power-and-elegance.de\/de\/wp-json\/wp\/v2\/media?parent=2884"}],"curies":[{"name":"wp","href":"https:\/\/api.w.org\/{rel}","templated":true}]}}