{"id":29,"date":"2014-12-26T20:22:55","date_gmt":"2014-12-26T19:22:55","guid":{"rendered":"http:\/\/power-and-elegance.de\/?page_id=29"},"modified":"2023-09-29T12:00:58","modified_gmt":"2023-09-29T10:00:58","slug":"litter","status":"publish","type":"page","link":"https:\/\/power-and-elegance.de\/de\/borzois\/litter\/","title":{"rendered":"Barsoi C-Wurf"},"content":{"rendered":"<p><figure id=\"attachment_1161\" aria-describedby=\"caption-attachment-1161\" style=\"width: 300px\" class=\"wp-caption alignright\"><a href=\"http:\/\/power-and-elegance.de\/wp-content\/uploads\/2014\/12\/cowboy-snowman.jpg\"><img loading=\"lazy\" decoding=\"async\" class=\"wp-image-1161 size-medium\" src=\"http:\/\/power-and-elegance.de\/wp-content\/uploads\/2014\/12\/cowboy-snowman-300x200.jpg\" alt=\"cowboy-snowman\" width=\"300\" height=\"200\" srcset=\"https:\/\/power-and-elegance.de\/wp-content\/uploads\/2014\/12\/cowboy-snowman-300x200.jpg 300w, https:\/\/power-and-elegance.de\/wp-content\/uploads\/2014\/12\/cowboy-snowman-768x512.jpg 768w, https:\/\/power-and-elegance.de\/wp-content\/uploads\/2014\/12\/cowboy-snowman-1024x682.jpg 1024w, https:\/\/power-and-elegance.de\/wp-content\/uploads\/2014\/12\/cowboy-snowman-700x467.jpg 700w, https:\/\/power-and-elegance.de\/wp-content\/uploads\/2014\/12\/cowboy-snowman.jpg 2000w\" sizes=\"auto, (max-width: 300px) 100vw, 300px\" \/><\/a><figcaption id=\"caption-attachment-1161\" class=\"wp-caption-text\">Cowboy + Snowman<\/figcaption><\/figure><\/p>\n<p><a href=\"http:\/\/power-and-elegance.de\/wp-content\/uploads\/2014\/12\/cowboy-snowman-1.jpg\"><img loading=\"lazy\" decoding=\"async\" class=\"alignright wp-image-1211 size-medium\" src=\"http:\/\/power-and-elegance.de\/wp-content\/uploads\/2014\/12\/cowboy-snowman-1-255x300.jpg\" alt=\"cowboy-snowman\" width=\"255\" height=\"300\" srcset=\"https:\/\/power-and-elegance.de\/wp-content\/uploads\/2014\/12\/cowboy-snowman-1-255x300.jpg 255w, https:\/\/power-and-elegance.de\/wp-content\/uploads\/2014\/12\/cowboy-snowman-1-768x902.jpg 768w, https:\/\/power-and-elegance.de\/wp-content\/uploads\/2014\/12\/cowboy-snowman-1-872x1024.jpg 872w, https:\/\/power-and-elegance.de\/wp-content\/uploads\/2014\/12\/cowboy-snowman-1-700x822.jpg 700w, https:\/\/power-and-elegance.de\/wp-content\/uploads\/2014\/12\/cowboy-snowman-1.jpg 1696w\" sizes=\"auto, (max-width: 255px) 100vw, 255px\" \/><\/a><\/p>\n<figure id=\"attachment_1257\" aria-describedby=\"caption-attachment-1257\" style=\"width: 300px\" class=\"wp-caption alignright\"><a href=\"http:\/\/power-and-elegance.de\/wp-content\/uploads\/2014\/12\/cowboy2.jpg\"><img loading=\"lazy\" decoding=\"async\" class=\"wp-image-1257 size-medium\" src=\"http:\/\/power-and-elegance.de\/wp-content\/uploads\/2014\/12\/cowboy2-300x228.jpg\" alt=\"Cowboy @ 6 mon\" width=\"300\" height=\"228\" srcset=\"https:\/\/power-and-elegance.de\/wp-content\/uploads\/2014\/12\/cowboy2-300x228.jpg 300w, https:\/\/power-and-elegance.de\/wp-content\/uploads\/2014\/12\/cowboy2-768x585.jpg 768w, https:\/\/power-and-elegance.de\/wp-content\/uploads\/2014\/12\/cowboy2-1024x779.jpg 1024w, https:\/\/power-and-elegance.de\/wp-content\/uploads\/2014\/12\/cowboy2-700x533.jpg 700w, https:\/\/power-and-elegance.de\/wp-content\/uploads\/2014\/12\/cowboy2.jpg 1541w\" sizes=\"auto, (max-width: 300px) 100vw, 300px\" \/><\/a><figcaption id=\"caption-attachment-1257\" class=\"wp-caption-text\">Cowboy @ 6 mon<\/figcaption><\/figure>\n<figure id=\"attachment_1259\" aria-describedby=\"caption-attachment-1259\" style=\"width: 300px\" class=\"wp-caption alignright\"><a href=\"http:\/\/power-and-elegance.de\/wp-content\/uploads\/2014\/12\/cowboy-head-4.jpg\"><img loading=\"lazy\" decoding=\"async\" class=\"wp-image-1259 size-medium\" src=\"http:\/\/power-and-elegance.de\/wp-content\/uploads\/2014\/12\/cowboy-head-4-300x228.jpg\" alt=\"Cowboy head @ 6 mon\" width=\"300\" height=\"228\" srcset=\"https:\/\/power-and-elegance.de\/wp-content\/uploads\/2014\/12\/cowboy-head-4-300x228.jpg 300w, https:\/\/power-and-elegance.de\/wp-content\/uploads\/2014\/12\/cowboy-head-4-768x582.jpg 768w, https:\/\/power-and-elegance.de\/wp-content\/uploads\/2014\/12\/cowboy-head-4-1024x777.jpg 1024w, https:\/\/power-and-elegance.de\/wp-content\/uploads\/2014\/12\/cowboy-head-4-700x531.jpg 700w, https:\/\/power-and-elegance.de\/wp-content\/uploads\/2014\/12\/cowboy-head-4.jpg 1800w\" sizes=\"auto, (max-width: 300px) 100vw, 300px\" \/><\/a><figcaption id=\"caption-attachment-1259\" class=\"wp-caption-text\">Cowboy head @ 6 mon<\/figcaption><\/figure>\n<p>&nbsp;<\/p>\n<p>&nbsp;<\/p>\n<p>&nbsp;<\/p>\n<p>Unsere Welpen, 4 R\u00fcden und 3 H\u00fcndinnen, sind am 14. Juni 2016 geboren.<\/p>\n<p>Bilder der Welpen:<\/p>\n<p><a href=\"https:\/\/www.facebook.com\/media\/set\/?set=a.503144159874097.1073741836.100005355529197&amp;type=1&amp;l=7d645cc476\" target=\"_blank\" rel=\"noopener noreferrer\">1+2 Wochen alt<\/a><\/p>\n<p><a href=\"https:\/\/www.facebook.com\/media\/set\/?set=a.508296322692214.1073741838.100005355529197&amp;type=1&amp;l=fa27dd7157\" target=\"_blank\" rel=\"noopener noreferrer\">3+4 Wochen alt<\/a><\/p>\n<p><a href=\"https:\/\/www.facebook.com\/media\/set\/?set=a.515092985345881.1073741839.100005355529197&amp;type=1&amp;l=7dffd5d1a5\" target=\"_blank\" rel=\"noopener noreferrer\">6 Wochen alt<\/a><\/p>\n<p>Barsoi Wurf<\/p>\n<ul>\n<li>f\u00fcr Sch\u00f6nheit und Leistung<\/li>\n<li>Am 13. und 14. April fand die Hochzeit von Ch. Ischyma Saphir und Ch. <a href=\"http:\/\/www.theborzoifiles.net\/details.php?id=67833\">Mariza aus dem Zarenreich <\/a> statt<\/li>\n<li>Stammbaum des <a href=\"http:\/\/www.theborzoifiles.net\/testmating.php?dam=67833&amp;sire=79913\">Wurfes<\/a><\/li>\n<\/ul>\n<div id='gallery-2' class='gallery galleryid-29 gallery-columns-2 gallery-size-medium'><figure class='gallery-item'>\n\t\t\t<div class='gallery-icon landscape'>\n\t\t\t\t<a rel='attachment' href='https:\/\/power-and-elegance.de\/de\/borzois\/litter\/mariza-steht\/'><img loading=\"lazy\" decoding=\"async\" width=\"300\" height=\"251\" src=\"https:\/\/power-and-elegance.de\/wp-content\/uploads\/2014\/12\/Mariza-steht-300x251.jpg\" class=\"attachment-medium size-medium\" alt=\"\" aria-describedby=\"gallery-2-785\" srcset=\"https:\/\/power-and-elegance.de\/wp-content\/uploads\/2014\/12\/Mariza-steht-300x251.jpg 300w, https:\/\/power-and-elegance.de\/wp-content\/uploads\/2014\/12\/Mariza-steht.jpg 700w\" sizes=\"auto, (max-width: 300px) 100vw, 300px\" \/><\/a>\n\t\t\t<\/div>\n\t\t\t\t<figcaption class='wp-caption-text gallery-caption' id='gallery-2-785'>\n\t\t\t\tMariza &#8211; Beauty \/ Sch\u00f6nheit\n\t\t\t\t<\/figcaption><\/figure><figure class='gallery-item'>\n\t\t\t<div class='gallery-icon landscape'>\n\t\t\t\t<a rel='attachment' href='https:\/\/power-and-elegance.de\/de\/borzois\/litter\/mariza-rennt\/'><img loading=\"lazy\" decoding=\"async\" width=\"300\" height=\"205\" src=\"https:\/\/power-and-elegance.de\/wp-content\/uploads\/2014\/12\/Mariza-rennt-e1461612598627-300x205.jpg\" class=\"attachment-medium size-medium\" alt=\"\" aria-describedby=\"gallery-2-786\" srcset=\"https:\/\/power-and-elegance.de\/wp-content\/uploads\/2014\/12\/Mariza-rennt-e1461612598627-300x205.jpg 300w, https:\/\/power-and-elegance.de\/wp-content\/uploads\/2014\/12\/Mariza-rennt-e1461612598627.jpg 700w\" sizes=\"auto, (max-width: 300px) 100vw, 300px\" \/><\/a>\n\t\t\t<\/div>\n\t\t\t\t<figcaption class='wp-caption-text gallery-caption' id='gallery-2-786'>\n\t\t\t\tMariza &#8211; Performance \/ Leistung\n\t\t\t\t<\/figcaption><\/figure><figure class='gallery-item'>\n\t\t\t<div class='gallery-icon landscape'>\n\t\t\t\t<a rel='attachment' href='https:\/\/power-and-elegance.de\/de\/borzois\/litter\/2016-04-14-18-29-27\/'><img loading=\"lazy\" decoding=\"async\" width=\"300\" height=\"169\" src=\"https:\/\/power-and-elegance.de\/wp-content\/uploads\/2014\/12\/2016-04-14-18.29.27-300x169.jpg\" class=\"attachment-medium size-medium\" alt=\"\" aria-describedby=\"gallery-2-949\" srcset=\"https:\/\/power-and-elegance.de\/wp-content\/uploads\/2014\/12\/2016-04-14-18.29.27-300x169.jpg 300w, https:\/\/power-and-elegance.de\/wp-content\/uploads\/2014\/12\/2016-04-14-18.29.27-768x432.jpg 768w, https:\/\/power-and-elegance.de\/wp-content\/uploads\/2014\/12\/2016-04-14-18.29.27-1024x576.jpg 1024w, https:\/\/power-and-elegance.de\/wp-content\/uploads\/2014\/12\/2016-04-14-18.29.27-700x393.jpg 700w\" sizes=\"auto, (max-width: 300px) 100vw, 300px\" \/><\/a>\n\t\t\t<\/div>\n\t\t\t\t<figcaption class='wp-caption-text gallery-caption' id='gallery-2-949'>\n\t\t\t\tMariza and Saphir\n\t\t\t\t<\/figcaption><\/figure><figure class='gallery-item'>\n\t\t\t<div class='gallery-icon landscape'>\n\t\t\t\t<a rel='attachment' href='https:\/\/power-and-elegance.de\/de\/borzois\/litter\/2016-04-14-18-29-23\/'><img loading=\"lazy\" decoding=\"async\" width=\"300\" height=\"169\" src=\"https:\/\/power-and-elegance.de\/wp-content\/uploads\/2014\/12\/2016-04-14-18.29.23-300x169.jpg\" class=\"attachment-medium size-medium\" alt=\"\" aria-describedby=\"gallery-2-948\" srcset=\"https:\/\/power-and-elegance.de\/wp-content\/uploads\/2014\/12\/2016-04-14-18.29.23-300x169.jpg 300w, https:\/\/power-and-elegance.de\/wp-content\/uploads\/2014\/12\/2016-04-14-18.29.23-768x432.jpg 768w, https:\/\/power-and-elegance.de\/wp-content\/uploads\/2014\/12\/2016-04-14-18.29.23-1024x576.jpg 1024w, https:\/\/power-and-elegance.de\/wp-content\/uploads\/2014\/12\/2016-04-14-18.29.23-700x393.jpg 700w\" sizes=\"auto, (max-width: 300px) 100vw, 300px\" \/><\/a>\n\t\t\t<\/div>\n\t\t\t\t<figcaption class='wp-caption-text gallery-caption' id='gallery-2-948'>\n\t\t\t\tMariza and Saphir\n\t\t\t\t<\/figcaption><\/figure><figure class='gallery-item'>\n\t\t\t<div class='gallery-icon portrait'>\n\t\t\t\t<a rel='attachment' href='https:\/\/power-and-elegance.de\/de\/borzois\/litter\/2016-04-14-18-29-18\/'><img loading=\"lazy\" decoding=\"async\" width=\"169\" height=\"300\" src=\"https:\/\/power-and-elegance.de\/wp-content\/uploads\/2014\/12\/2016-04-14-18.29.18-169x300.jpg\" class=\"attachment-medium size-medium\" alt=\"\" aria-describedby=\"gallery-2-947\" srcset=\"https:\/\/power-and-elegance.de\/wp-content\/uploads\/2014\/12\/2016-04-14-18.29.18-169x300.jpg 169w, https:\/\/power-and-elegance.de\/wp-content\/uploads\/2014\/12\/2016-04-14-18.29.18-768x1365.jpg 768w, https:\/\/power-and-elegance.de\/wp-content\/uploads\/2014\/12\/2016-04-14-18.29.18-576x1024.jpg 576w, https:\/\/power-and-elegance.de\/wp-content\/uploads\/2014\/12\/2016-04-14-18.29.18-700x1244.jpg 700w\" sizes=\"auto, (max-width: 169px) 100vw, 169px\" \/><\/a>\n\t\t\t<\/div>\n\t\t\t\t<figcaption class='wp-caption-text gallery-caption' id='gallery-2-947'>\n\t\t\t\tMariza and Saphir\n\t\t\t\t<\/figcaption><\/figure>\n\t\t<\/div>\n\n<p>&nbsp;<\/p>","protected":false},"excerpt":{"rendered":"<p>&nbsp; &nbsp; &nbsp; Unsere Welpen, 4 R\u00fcden und 3 H\u00fcndinnen, sind am 14. Juni 2016 geboren. Bilder der Welpen: 1+2 Wochen alt 3+4 Wochen alt 6 Wochen alt Barsoi Wurf f\u00fcr Sch\u00f6nheit und Leistung Am 13. und 14. April fand die Hochzeit von Ch. Ischyma Saphir und Ch. Mariza aus &#8230;<\/p>\n","protected":false},"author":1,"featured_media":0,"parent":11,"menu_order":2,"comment_status":"closed","ping_status":"open","template":"","meta":{"ngg_post_thumbnail":0,"footnotes":""},"class_list":["post-29","page","type-page","status-publish","hentry","column","twocol"],"_links":{"self":[{"href":"https:\/\/power-and-elegance.de\/de\/wp-json\/wp\/v2\/pages\/29","targetHints":{"allow":["GET"]}}],"collection":[{"href":"https:\/\/power-and-elegance.de\/de\/wp-json\/wp\/v2\/pages"}],"about":[{"href":"https:\/\/power-and-elegance.de\/de\/wp-json\/wp\/v2\/types\/page"}],"author":[{"embeddable":true,"href":"https:\/\/power-and-elegance.de\/de\/wp-json\/wp\/v2\/users\/1"}],"replies":[{"embeddable":true,"href":"https:\/\/power-and-elegance.de\/de\/wp-json\/wp\/v2\/comments?post=29"}],"version-history":[{"count":60,"href":"https:\/\/power-and-elegance.de\/de\/wp-json\/wp\/v2\/pages\/29\/revisions"}],"predecessor-version":[{"id":2881,"href":"https:\/\/power-and-elegance.de\/de\/wp-json\/wp\/v2\/pages\/29\/revisions\/2881"}],"up":[{"embeddable":true,"href":"https:\/\/power-and-elegance.de\/de\/wp-json\/wp\/v2\/pages\/11"}],"wp:attachment":[{"href":"https:\/\/power-and-elegance.de\/de\/wp-json\/wp\/v2\/media?parent=29"}],"curies":[{"name":"wp","href":"https:\/\/api.w.org\/{rel}","templated":true}]}}