{"id":917,"date":"2016-03-02T15:52:02","date_gmt":"2016-03-02T14:52:02","guid":{"rendered":"http:\/\/power-and-elegance.de\/?page_id=917"},"modified":"2022-03-17T21:09:48","modified_gmt":"2022-03-17T20:09:48","slug":"power-elegance-bram-beamer","status":"publish","type":"page","link":"https:\/\/power-and-elegance.de\/de\/irish-wolfhounds\/male\/power-elegance-bram-beamer\/","title":{"rendered":"C.I.B. MJCh.MCh. Power &#038; Elegance Bram Beamer"},"content":{"rendered":"<p><figure id=\"attachment_1530\" aria-describedby=\"caption-attachment-1530\" style=\"width: 660px\" class=\"wp-caption alignright\"><a href=\"http:\/\/power-and-elegance.de\/wp-content\/uploads\/2016\/03\/Bram_cr.jpg\"><img loading=\"lazy\" decoding=\"async\" class=\"size-large wp-image-1530\" src=\"http:\/\/power-and-elegance.de\/wp-content\/uploads\/2016\/03\/Bram_cr-1024x763.jpg\" alt=\"\" width=\"660\" height=\"492\" srcset=\"https:\/\/power-and-elegance.de\/wp-content\/uploads\/2016\/03\/Bram_cr-1024x763.jpg 1024w, https:\/\/power-and-elegance.de\/wp-content\/uploads\/2016\/03\/Bram_cr-300x223.jpg 300w, https:\/\/power-and-elegance.de\/wp-content\/uploads\/2016\/03\/Bram_cr-768x572.jpg 768w, https:\/\/power-and-elegance.de\/wp-content\/uploads\/2016\/03\/Bram_cr-700x521.jpg 700w\" sizes=\"auto, (max-width: 660px) 100vw, 660px\" \/><\/a><figcaption id=\"caption-attachment-1530\" class=\"wp-caption-text\">Bram @ 2 years<\/figcaption><\/figure><\/p>\n<p>Vater: Ch. MVCh. <a href=\"http:\/\/power-and-elegance.de\/irish-wolfhounds\/male\/mucha-moors-rudiger\/\">Mucha Moor&#8217;s R\u00fcdiger<\/a><br \/>\nMutter: IMCh. <a href=\"http:\/\/power-and-elegance.de\/irish-wolfhounds\/female\/mucha-moors-wilma\/\">Mucha Moor&#8217;s Wilma<\/a><br \/>\n<a href=\"https:\/\/www.iwdb.org\/cD0yMTcyMTkmZz0mZz01.html\" target=\"_blank\" rel=\"noopener noreferrer\">Stammbaum<\/a><\/p>\n<p>geb.: 26.07.2015<br \/>\nFarbe: sandfarben gestromt<br \/>\nSteht als<strong> Deckr\u00fcde<\/strong> zur Verf\u00fcgung<\/p>\n<p>Gesundheit und Zucht:<\/p>\n<ul>\n<li>auch Gefriersperma ist verf\u00fcgbar<\/li>\n<li>Herzuntersuchung in 09\/17,&nbsp;12\/19 und 01\/21 &#8211; ohne Befund, 0 Punkte<\/li>\n<li>Vater des &#8222;Ballroth Hills&#8220; E-Wurfes (6\/5), geb. 12. August 2020<\/li>\n<\/ul>\n<p>Jugend-Titel:<\/p>\n<ul>\n<li>Deutscher Jugendchampion (DWZRV)<\/li>\n<li>Deutscher Jugendchampion (VDH)<\/li>\n<li>Niederl\u00e4ndischer Jugendchampion<\/li>\n<li>Junior Winner Amsterdam &#8217;16<\/li>\n<\/ul>\n<figure id=\"attachment_1532\" aria-describedby=\"caption-attachment-1532\" style=\"width: 660px\" class=\"wp-caption alignright\"><a href=\"http:\/\/power-and-elegance.de\/wp-content\/uploads\/2016\/03\/Bram-movement.jpg\"><img loading=\"lazy\" decoding=\"async\" class=\"wp-image-1532 size-large\" src=\"http:\/\/power-and-elegance.de\/wp-content\/uploads\/2016\/03\/Bram-movement-1024x683.jpg\" alt=\"\" width=\"660\" height=\"440\" srcset=\"https:\/\/power-and-elegance.de\/wp-content\/uploads\/2016\/03\/Bram-movement-1024x683.jpg 1024w, https:\/\/power-and-elegance.de\/wp-content\/uploads\/2016\/03\/Bram-movement-300x200.jpg 300w, https:\/\/power-and-elegance.de\/wp-content\/uploads\/2016\/03\/Bram-movement-768x512.jpg 768w, https:\/\/power-and-elegance.de\/wp-content\/uploads\/2016\/03\/Bram-movement-700x467.jpg 700w, https:\/\/power-and-elegance.de\/wp-content\/uploads\/2016\/03\/Bram-movement.jpg 1500w\" sizes=\"auto, (max-width: 660px) 100vw, 660px\" \/><\/a><figcaption id=\"caption-attachment-1532\" class=\"wp-caption-text\">Crufts 2017<\/figcaption><\/figure>\n<p>Erwachsenen-Ausstellungs-Titel:<\/p>\n<ul>\n<li>DWZRV Jubil\u00e4ums-Sieger<\/li>\n<li>German Winner &#8217;17<\/li>\n<li>Niederl\u00e4ndischer Champion (seit 2017)<\/li>\n<li>Deutscher Champion (VDH) (seit 2018)<\/li>\n<li>Deutscher Champion (DWZRV) (seit 2018)<\/li>\n<li>Schweizer Ausstellungs-Champion (seit 2018)<\/li>\n<li>Verbandssieger &#8217;18<\/li>\n<li>C.I.B. = Internationaler Sch\u00f6nheits-Champion (seit 2019)<\/li>\n<\/ul>\n<p><span style=\"color: #800000;\">Kombi-Titel:<\/span><\/p>\n<ul>\n<li><span style=\"color: #800000;\">Pr\u00e4dikatsk\u00f6rung f\u00fcr Sch\u00f6nheit &amp; Leistung<\/span><\/li>\n<li><span style=\"color: #800000;\">DWZRV Jubil\u00e4ums-Sieger f\u00fcr Sch\u00f6nheit &amp; Leistung<\/span><\/li>\n<li><span style=\"color: #800000;\">DWZRV-Sieger 2017 (mit Renn-Leistung)<br \/>\n<\/span><\/li>\n<li><span style=\"color: #800000;\">Deutscher Champion f\u00fcr Sch\u00f6nheit und Leistung (seit 2018)<\/span><\/li>\n<\/ul>\n<figure id=\"attachment_1388\" aria-describedby=\"caption-attachment-1388\" style=\"width: 660px\" class=\"wp-caption alignright\"><a href=\"http:\/\/power-and-elegance.de\/wp-content\/uploads\/2016\/03\/18921063_1768272356816881_3588833159232659549_o.jpg\"><img loading=\"lazy\" decoding=\"async\" class=\"wp-image-1388 size-large\" src=\"http:\/\/power-and-elegance.de\/wp-content\/uploads\/2016\/03\/18921063_1768272356816881_3588833159232659549_o-1024x576.jpg\" alt=\"\" width=\"660\" height=\"371\" srcset=\"https:\/\/power-and-elegance.de\/wp-content\/uploads\/2016\/03\/18921063_1768272356816881_3588833159232659549_o-1024x576.jpg 1024w, https:\/\/power-and-elegance.de\/wp-content\/uploads\/2016\/03\/18921063_1768272356816881_3588833159232659549_o-300x169.jpg 300w, https:\/\/power-and-elegance.de\/wp-content\/uploads\/2016\/03\/18921063_1768272356816881_3588833159232659549_o-768x432.jpg 768w, https:\/\/power-and-elegance.de\/wp-content\/uploads\/2016\/03\/18921063_1768272356816881_3588833159232659549_o-700x393.jpg 700w, https:\/\/power-and-elegance.de\/wp-content\/uploads\/2016\/03\/18921063_1768272356816881_3588833159232659549_o.jpg 2048w\" sizes=\"auto, (max-width: 660px) 100vw, 660px\" \/><\/a><figcaption id=\"caption-attachment-1388\" class=\"wp-caption-text\">Bram under red @ anniversary racing \/ Jubil\u00e4umssieger-Rennen<\/figcaption><\/figure>\n<p><span style=\"color: #ff0000;\">Leistungs-Titel:<\/span><\/p>\n<ul>\n<li><span style=\"color: #ff0000;\">Renn-Lizenz<\/span><\/li>\n<li><span style=\"color: #ff0000;\">Coursing-Lizenz<\/span><\/li>\n<li><span style=\"color: #ff0000;\">Jahres-Sport-Sieger &#8217;17<\/span><\/li>\n<li><span style=\"color: #ff0000;\">DWZRV Jubil\u00e4ums-Renn-Sieger<\/span><\/li>\n<li><span style=\"color: #ff0000;\">Leistungs-Urkunde Rennen (seit 2018)<\/span><\/li>\n<li><span style=\"color: #ff0000;\">Leistungs-Urkunde Coursing (seit 2020)<\/span><\/li>\n<li><span style=\"color: #ff0000;\">Belgischer Coursing-Champion (seit 2021)<\/span><\/li>\n<\/ul>\n<figure id=\"attachment_2130\" aria-describedby=\"caption-attachment-2130\" style=\"width: 660px\" class=\"wp-caption alignright\"><a href=\"http:\/\/power-and-elegance.de\/wp-content\/uploads\/2020\/01\/1-01-Bram.jpg\"><img loading=\"lazy\" decoding=\"async\" class=\"size-large wp-image-2130\" src=\"http:\/\/power-and-elegance.de\/wp-content\/uploads\/2020\/01\/1-01-Bram-1024x576.jpg\" alt=\"\" width=\"660\" height=\"371\" srcset=\"https:\/\/power-and-elegance.de\/wp-content\/uploads\/2020\/01\/1-01-Bram-1024x576.jpg 1024w, https:\/\/power-and-elegance.de\/wp-content\/uploads\/2020\/01\/1-01-Bram-300x169.jpg 300w, https:\/\/power-and-elegance.de\/wp-content\/uploads\/2020\/01\/1-01-Bram-768x432.jpg 768w, https:\/\/power-and-elegance.de\/wp-content\/uploads\/2020\/01\/1-01-Bram-700x393.jpg 700w, https:\/\/power-and-elegance.de\/wp-content\/uploads\/2020\/01\/1-01-Bram.jpg 1280w\" sizes=\"auto, (max-width: 660px) 100vw, 660px\" \/><\/a><figcaption id=\"caption-attachment-2130\" class=\"wp-caption-text\">Bram coursing @ 4y<\/figcaption><\/figure>\n<p>Ausstellungs-Erfolge:<\/p>\n<ul>\n<li>Baby BOB<\/li>\n<li>3 x J\u00fcngsten BOB (1 x im Finale der besten 10 von mehr als 40 J\u00fcngsten BOB&#8217;s im Ehrenring)<\/li>\n<li>Saarland Jugendsieger &#8217;16<\/li>\n<li>Jugendsieger Saarbr\u00fccken &#8217;16<\/li>\n<li>Jugend BISS (mit 12 Monaten)<\/li>\n<li>5 x BOB (von 10, 11, 18, 5, 4&nbsp; &#8211; mit 15,&nbsp; 23, 24, 26 Monaten)<\/li>\n<li>6 x BOS (mit 10, 21, 27,&nbsp; 28 Monaten und 3 Jahren)<\/li>\n<li>Crufts Qualifikation f\u00fcr 2017 (mit 16 Monaten)<\/li>\n<li>3. Platz (von 6) in der Yearling Klasse auf der CRUFTs 2017<\/li>\n<li>2 x Crufts Qualifikation f\u00fcr 2018 (mit 19 und 24 Monaten)<\/li>\n<li>4. Platz (von 8) in der Post Graduate Klasse auf der CRUFTs 2018<\/li>\n<li>Top 6 IW 2016 in NL (von 30)<\/li>\n<li>Top 3 IW 2017 in NL (von 27)<\/li>\n<li>7 x CACIB (+2x CACIB aufger\u00fcckt vom resCACIB)<\/li>\n<li>Landessieger Th\u00fcringen &#8217;17<\/li>\n<li>Sieger Baden-W\u00fcrttemberg &#8217;17<\/li>\n<li>Vize VDH Europasieger &#8217;17<\/li>\n<li>Vize Winner Amsterdam &#8217;17<\/li>\n<li>Alpen-Sieger CH &#8217;17<\/li>\n<li>Alpen-Sieger DE &#8217;17<\/li>\n<\/ul>\n<p><span style=\"color: #ff0000;\">Leistungs-Erfolge:<\/span><\/p>\n<ul>\n<li><span style=\"color: #800000;\">Schweizer Sieger f\u00fcr Sch\u00f6nheit und Leistung &#8217;17<\/span><\/li>\n<li><span style=\"color: #800000;\">Vize DWZRV Sieger &#8217;19 (mit Coursing-Leistung)<\/span><\/li>\n<li><span style=\"color: #ff0000;\">Vize Deutscher Derby Sieger &#8217;17<\/span><\/li>\n<li><span style=\"color: #ff0000;\">Vize Kurzstreckenmeister &#8217;17 (Schweiz)<br \/>\n<\/span><\/li>\n<li><span style=\"color: #ff0000;\">2 x Bahnrekord<\/span><\/li>\n<\/ul>\n<p>begonnene Titel:<\/p>\n<ul>\n<li>\u00d6sterreichischer Champion<\/li>\n<li>Schweizer Sch\u00f6nheits-Champion<\/li>\n<li>Alpenchampion<\/li>\n<li><span style=\"color: #ff0000;\">Schweizer Renn-Champion<\/span><\/li>\n<li><span style=\"color: #ff0000;\">Deutscher Coursing-Champion<\/span><\/li>\n<li><span style=\"color: #ff0000;\">Deutscher Leistungs-Champion<\/span><\/li>\n<\/ul>\n<p><div id='gallery-2' class='gallery galleryid-917 gallery-columns-3 gallery-size-medium'><figure class='gallery-item'>\n\t\t\t<div class='gallery-icon landscape'>\n\t\t\t\t<a rel='attachment' href='https:\/\/power-and-elegance.de\/de\/irish-wolfhounds\/male\/power-elegance-bram-beamer\/bram-vbs-2\/'><img loading=\"lazy\" decoding=\"async\" width=\"300\" height=\"169\" src=\"https:\/\/power-and-elegance.de\/wp-content\/uploads\/2020\/01\/Bram-VBS-300x169.jpg\" class=\"attachment-medium size-medium\" alt=\"\" aria-describedby=\"gallery-2-2128\" srcset=\"https:\/\/power-and-elegance.de\/wp-content\/uploads\/2020\/01\/Bram-VBS-300x169.jpg 300w, https:\/\/power-and-elegance.de\/wp-content\/uploads\/2020\/01\/Bram-VBS-768x432.jpg 768w, https:\/\/power-and-elegance.de\/wp-content\/uploads\/2020\/01\/Bram-VBS-1024x576.jpg 1024w, https:\/\/power-and-elegance.de\/wp-content\/uploads\/2020\/01\/Bram-VBS-700x393.jpg 700w, https:\/\/power-and-elegance.de\/wp-content\/uploads\/2020\/01\/Bram-VBS.jpg 1184w\" sizes=\"auto, (max-width: 300px) 100vw, 300px\" \/><\/a>\n\t\t\t<\/div>\n\t\t\t\t<figcaption class='wp-caption-text gallery-caption' id='gallery-2-2128'>\n\t\t\t\tnearly 3y\n\t\t\t\t<\/figcaption><\/figure><figure class='gallery-item'>\n\t\t\t<div class='gallery-icon portrait'>\n\t\t\t\t<a rel='attachment' href='https:\/\/power-and-elegance.de\/de\/irish-wolfhounds\/male\/power-elegance-bram-beamer\/bram-german-winner-bos\/'><img loading=\"lazy\" decoding=\"async\" width=\"200\" height=\"300\" src=\"https:\/\/power-and-elegance.de\/wp-content\/uploads\/2016\/03\/Bram-German-Winner-BOS-200x300.jpg\" class=\"attachment-medium size-medium\" alt=\"\" aria-describedby=\"gallery-2-1648\" srcset=\"https:\/\/power-and-elegance.de\/wp-content\/uploads\/2016\/03\/Bram-German-Winner-BOS-200x300.jpg 200w, https:\/\/power-and-elegance.de\/wp-content\/uploads\/2016\/03\/Bram-German-Winner-BOS.jpg 532w\" sizes=\"auto, (max-width: 200px) 100vw, 200px\" \/><\/a>\n\t\t\t<\/div>\n\t\t\t\t<figcaption class='wp-caption-text gallery-caption' id='gallery-2-1648'>\n\t\t\t\tBram &#8222;German Winner&#8220; + BOS @ 27 mon\n\t\t\t\t<\/figcaption><\/figure><figure class='gallery-item'>\n\t\t\t<div class='gallery-icon portrait'>\n\t\t\t\t<a rel='attachment' href='https:\/\/power-and-elegance.de\/de\/irish-wolfhounds\/male\/power-elegance-bram-beamer\/bram-cac-cacib-erfurt\/'><img loading=\"lazy\" decoding=\"async\" width=\"249\" height=\"300\" src=\"https:\/\/power-and-elegance.de\/wp-content\/uploads\/2016\/03\/Bram-CAC-CACIB-Erfurt-249x300.jpg\" class=\"attachment-medium size-medium\" alt=\"\" aria-describedby=\"gallery-2-1438\" srcset=\"https:\/\/power-and-elegance.de\/wp-content\/uploads\/2016\/03\/Bram-CAC-CACIB-Erfurt-249x300.jpg 249w, https:\/\/power-and-elegance.de\/wp-content\/uploads\/2016\/03\/Bram-CAC-CACIB-Erfurt-768x926.jpg 768w, https:\/\/power-and-elegance.de\/wp-content\/uploads\/2016\/03\/Bram-CAC-CACIB-Erfurt-849x1024.jpg 849w, https:\/\/power-and-elegance.de\/wp-content\/uploads\/2016\/03\/Bram-CAC-CACIB-Erfurt-700x844.jpg 700w, https:\/\/power-and-elegance.de\/wp-content\/uploads\/2016\/03\/Bram-CAC-CACIB-Erfurt.jpg 1964w\" sizes=\"auto, (max-width: 249px) 100vw, 249px\" \/><\/a>\n\t\t\t<\/div>\n\t\t\t\t<figcaption class='wp-caption-text gallery-caption' id='gallery-2-1438'>\n\t\t\t\tBram CAC CACIB @ 21 mon\n\t\t\t\t<\/figcaption><\/figure><figure class='gallery-item'>\n\t\t\t<div class='gallery-icon portrait'>\n\t\t\t\t<a rel='attachment' href='https:\/\/power-and-elegance.de\/de\/irish-wolfhounds\/male\/power-elegance-bram-beamer\/bram-crufts-2017\/'><img loading=\"lazy\" decoding=\"async\" width=\"256\" height=\"300\" src=\"https:\/\/power-and-elegance.de\/wp-content\/uploads\/2016\/03\/bram-crufts-2017-256x300.jpg\" class=\"attachment-medium size-medium\" alt=\"\" aria-describedby=\"gallery-2-1322\" srcset=\"https:\/\/power-and-elegance.de\/wp-content\/uploads\/2016\/03\/bram-crufts-2017-256x300.jpg 256w, https:\/\/power-and-elegance.de\/wp-content\/uploads\/2016\/03\/bram-crufts-2017-768x899.jpg 768w, https:\/\/power-and-elegance.de\/wp-content\/uploads\/2016\/03\/bram-crufts-2017-875x1024.jpg 875w, https:\/\/power-and-elegance.de\/wp-content\/uploads\/2016\/03\/bram-crufts-2017-700x819.jpg 700w, https:\/\/power-and-elegance.de\/wp-content\/uploads\/2016\/03\/bram-crufts-2017.jpg 2000w\" sizes=\"auto, (max-width: 256px) 100vw, 256px\" \/><\/a>\n\t\t\t<\/div>\n\t\t\t\t<figcaption class='wp-caption-text gallery-caption' id='gallery-2-1322'>\n\t\t\t\tBram 3rd in yearling class @ Crufts 2017 @ 19 mon\n\t\t\t\t<\/figcaption><\/figure><figure class='gallery-item'>\n\t\t\t<div class='gallery-icon landscape'>\n\t\t\t\t<a rel='attachment' href='https:\/\/power-and-elegance.de\/de\/irish-wolfhounds\/male\/power-elegance-bram-beamer\/bram-jw-amsterdam\/'><img loading=\"lazy\" decoding=\"async\" width=\"300\" height=\"173\" src=\"https:\/\/power-and-elegance.de\/wp-content\/uploads\/2016\/03\/bram-jw-amsterdam-300x173.jpg\" class=\"attachment-medium size-medium\" alt=\"\" aria-describedby=\"gallery-2-1242\" srcset=\"https:\/\/power-and-elegance.de\/wp-content\/uploads\/2016\/03\/bram-jw-amsterdam-300x173.jpg 300w, https:\/\/power-and-elegance.de\/wp-content\/uploads\/2016\/03\/bram-jw-amsterdam-768x442.jpg 768w, https:\/\/power-and-elegance.de\/wp-content\/uploads\/2016\/03\/bram-jw-amsterdam-1024x590.jpg 1024w, https:\/\/power-and-elegance.de\/wp-content\/uploads\/2016\/03\/bram-jw-amsterdam-700x403.jpg 700w, https:\/\/power-and-elegance.de\/wp-content\/uploads\/2016\/03\/bram-jw-amsterdam.jpg 1476w\" sizes=\"auto, (max-width: 300px) 100vw, 300px\" \/><\/a>\n\t\t\t<\/div>\n\t\t\t\t<figcaption class='wp-caption-text gallery-caption' id='gallery-2-1242'>\n\t\t\t\tBram Junior Winner Amsterdam + CQ @ 16 mon\n\t\t\t\t<\/figcaption><\/figure><figure class='gallery-item'>\n\t\t\t<div class='gallery-icon landscape'>\n\t\t\t\t<a rel='attachment' href='https:\/\/power-and-elegance.de\/de\/irish-wolfhounds\/male\/power-elegance-bram-beamer\/kynoweb-httpwww-kynoweb-com-photo-by-ernst-von-scheven\/'><img loading=\"lazy\" decoding=\"async\" width=\"300\" height=\"300\" src=\"https:\/\/power-and-elegance.de\/wp-content\/uploads\/2016\/03\/Bram-BOB-300x300.jpg\" class=\"attachment-medium size-medium\" alt=\"\" aria-describedby=\"gallery-2-1213\" srcset=\"https:\/\/power-and-elegance.de\/wp-content\/uploads\/2016\/03\/Bram-BOB-300x300.jpg 300w, https:\/\/power-and-elegance.de\/wp-content\/uploads\/2016\/03\/Bram-BOB-150x150.jpg 150w, https:\/\/power-and-elegance.de\/wp-content\/uploads\/2016\/03\/Bram-BOB-768x768.jpg 768w, https:\/\/power-and-elegance.de\/wp-content\/uploads\/2016\/03\/Bram-BOB-432x432.jpg 432w, https:\/\/power-and-elegance.de\/wp-content\/uploads\/2016\/03\/Bram-BOB-268x268.jpg 268w, https:\/\/power-and-elegance.de\/wp-content\/uploads\/2016\/03\/Bram-BOB-700x700.jpg 700w, https:\/\/power-and-elegance.de\/wp-content\/uploads\/2016\/03\/Bram-BOB.jpg 900w\" sizes=\"auto, (max-width: 300px) 100vw, 300px\" \/><\/a>\n\t\t\t<\/div>\n\t\t\t\t<figcaption class='wp-caption-text gallery-caption' id='gallery-2-1213'>\n\t\t\t\tBOB of 10 @ 15 mon\n\t\t\t\t<\/figcaption><\/figure><figure class='gallery-item'>\n\t\t\t<div class='gallery-icon portrait'>\n\t\t\t\t<a rel='attachment' href='https:\/\/power-and-elegance.de\/de\/irish-wolfhounds\/male\/power-elegance-bram-beamer\/bram-bleiswijk\/'><img loading=\"lazy\" decoding=\"async\" width=\"289\" height=\"300\" src=\"https:\/\/power-and-elegance.de\/wp-content\/uploads\/2016\/03\/Bram-Bleiswijk-289x300.jpg\" class=\"attachment-medium size-medium\" alt=\"\" aria-describedby=\"gallery-2-1216\" srcset=\"https:\/\/power-and-elegance.de\/wp-content\/uploads\/2016\/03\/Bram-Bleiswijk-289x300.jpg 289w, https:\/\/power-and-elegance.de\/wp-content\/uploads\/2016\/03\/Bram-Bleiswijk-768x796.jpg 768w, https:\/\/power-and-elegance.de\/wp-content\/uploads\/2016\/03\/Bram-Bleiswijk-700x726.jpg 700w, https:\/\/power-and-elegance.de\/wp-content\/uploads\/2016\/03\/Bram-Bleiswijk.jpg 836w\" sizes=\"auto, (max-width: 289px) 100vw, 289px\" \/><\/a>\n\t\t\t<\/div>\n\t\t\t\t<figcaption class='wp-caption-text gallery-caption' id='gallery-2-1216'>\n\t\t\t\tBram Best male @ 15 mon\n\t\t\t\t<\/figcaption><\/figure><figure class='gallery-item'>\n\t\t\t<div class='gallery-icon landscape'>\n\t\t\t\t<a rel='attachment' href='https:\/\/power-and-elegance.de\/de\/irish-wolfhounds\/male\/power-elegance-bram-beamer\/bram\/'><img loading=\"lazy\" decoding=\"async\" width=\"300\" height=\"266\" src=\"https:\/\/power-and-elegance.de\/wp-content\/uploads\/2016\/03\/bram-300x266.jpg\" class=\"attachment-medium size-medium\" alt=\"\" aria-describedby=\"gallery-2-1104\" srcset=\"https:\/\/power-and-elegance.de\/wp-content\/uploads\/2016\/03\/bram-300x266.jpg 300w, https:\/\/power-and-elegance.de\/wp-content\/uploads\/2016\/03\/bram-768x681.jpg 768w, https:\/\/power-and-elegance.de\/wp-content\/uploads\/2016\/03\/bram-1024x908.jpg 1024w, https:\/\/power-and-elegance.de\/wp-content\/uploads\/2016\/03\/bram-700x621.jpg 700w, https:\/\/power-and-elegance.de\/wp-content\/uploads\/2016\/03\/bram.jpg 1500w\" sizes=\"auto, (max-width: 300px) 100vw, 300px\" \/><\/a>\n\t\t\t<\/div>\n\t\t\t\t<figcaption class='wp-caption-text gallery-caption' id='gallery-2-1104'>\n\t\t\t\tBram @ 14 mon\n\t\t\t\t<\/figcaption><\/figure><figure class='gallery-item'>\n\t\t\t<div class='gallery-icon landscape'>\n\t\t\t\t<a rel='attachment' href='https:\/\/power-and-elegance.de\/de\/irish-wolfhounds\/male\/power-elegance-bram-beamer\/bram-dinslaken\/'><img loading=\"lazy\" decoding=\"async\" width=\"300\" height=\"167\" src=\"https:\/\/power-and-elegance.de\/wp-content\/uploads\/2016\/03\/bram-dinslaken-300x167.jpg\" class=\"attachment-medium size-medium\" alt=\"\" aria-describedby=\"gallery-2-925\" srcset=\"https:\/\/power-and-elegance.de\/wp-content\/uploads\/2016\/03\/bram-dinslaken-300x167.jpg 300w, https:\/\/power-and-elegance.de\/wp-content\/uploads\/2016\/03\/bram-dinslaken-768x428.jpg 768w, https:\/\/power-and-elegance.de\/wp-content\/uploads\/2016\/03\/bram-dinslaken-1024x571.jpg 1024w, https:\/\/power-and-elegance.de\/wp-content\/uploads\/2016\/03\/bram-dinslaken-700x393.jpg 700w\" sizes=\"auto, (max-width: 300px) 100vw, 300px\" \/><\/a>\n\t\t\t<\/div>\n\t\t\t\t<figcaption class='wp-caption-text gallery-caption' id='gallery-2-925'>\n\t\t\t\tBram as puppy BOB in the ring of honour in Dinslaken&#8217;16\n\t\t\t\t<\/figcaption><\/figure><figure class='gallery-item'>\n\t\t\t<div class='gallery-icon landscape'>\n\t\t\t\t<a rel='attachment' href='https:\/\/power-and-elegance.de\/de\/irish-wolfhounds\/male\/power-elegance-bram-beamer\/bram-ehrenring-eindhoven-2016-beschnitten\/'><img loading=\"lazy\" decoding=\"async\" width=\"300\" height=\"217\" src=\"https:\/\/power-and-elegance.de\/wp-content\/uploads\/2016\/03\/Bram-Ehrenring-Eindhoven-2016-beschnitten-300x217.jpg\" class=\"attachment-medium size-medium\" alt=\"\" aria-describedby=\"gallery-2-924\" srcset=\"https:\/\/power-and-elegance.de\/wp-content\/uploads\/2016\/03\/Bram-Ehrenring-Eindhoven-2016-beschnitten-300x217.jpg 300w, https:\/\/power-and-elegance.de\/wp-content\/uploads\/2016\/03\/Bram-Ehrenring-Eindhoven-2016-beschnitten-768x555.jpg 768w, https:\/\/power-and-elegance.de\/wp-content\/uploads\/2016\/03\/Bram-Ehrenring-Eindhoven-2016-beschnitten-1024x740.jpg 1024w, https:\/\/power-and-elegance.de\/wp-content\/uploads\/2016\/03\/Bram-Ehrenring-Eindhoven-2016-beschnitten-700x506.jpg 700w\" sizes=\"auto, (max-width: 300px) 100vw, 300px\" \/><\/a>\n\t\t\t<\/div>\n\t\t\t\t<figcaption class='wp-caption-text gallery-caption' id='gallery-2-924'>\n\t\t\t\tBram as minor puppy BOB in the mainring in Eindhoven&#8217;16\n\t\t\t\t<\/figcaption><\/figure><figure class='gallery-item'>\n\t\t\t<div class='gallery-icon portrait'>\n\t\t\t\t<a rel='attachment' href='https:\/\/power-and-elegance.de\/de\/irish-wolfhounds\/male\/power-elegance-bram-beamer\/bram-small\/'><img loading=\"lazy\" decoding=\"async\" width=\"200\" height=\"300\" src=\"https:\/\/power-and-elegance.de\/wp-content\/uploads\/2016\/03\/bram-small-200x300.jpg\" class=\"attachment-medium size-medium\" alt=\"\" aria-describedby=\"gallery-2-919\" srcset=\"https:\/\/power-and-elegance.de\/wp-content\/uploads\/2016\/03\/bram-small-200x300.jpg 200w, https:\/\/power-and-elegance.de\/wp-content\/uploads\/2016\/03\/bram-small-768x1152.jpg 768w, https:\/\/power-and-elegance.de\/wp-content\/uploads\/2016\/03\/bram-small-683x1024.jpg 683w, https:\/\/power-and-elegance.de\/wp-content\/uploads\/2016\/03\/bram-small-700x1050.jpg 700w, https:\/\/power-and-elegance.de\/wp-content\/uploads\/2016\/03\/bram-small.jpg 2000w\" sizes=\"auto, (max-width: 200px) 100vw, 200px\" \/><\/a>\n\t\t\t<\/div>\n\t\t\t\t<figcaption class='wp-caption-text gallery-caption' id='gallery-2-919'>\n\t\t\t\tBram @ 5 mon\n\t\t\t\t<\/figcaption><\/figure>\n\t\t<\/div>\n<\/p>","protected":false},"excerpt":{"rendered":"<p>Vater: Ch. MVCh. Mucha Moor&#8217;s R\u00fcdiger Mutter: IMCh. Mucha Moor&#8217;s Wilma Stammbaum geb.: 26.07.2015 Farbe: sandfarben gestromt Steht als Deckr\u00fcde zur Verf\u00fcgung Gesundheit und Zucht: auch Gefriersperma ist verf\u00fcgbar Herzuntersuchung in 09\/17,&nbsp;12\/19 und 01\/21 &#8211; ohne Befund, 0 Punkte Vater des &#8222;Ballroth Hills&#8220; E-Wurfes (6\/5), geb. 12. August 2020 Jugend-Titel: &#8230;<\/p>\n","protected":false},"author":2,"featured_media":0,"parent":19,"menu_order":0,"comment_status":"closed","ping_status":"closed","template":"","meta":{"ngg_post_thumbnail":0,"footnotes":""},"class_list":["post-917","page","type-page","status-publish","hentry","column","twocol"],"_links":{"self":[{"href":"https:\/\/power-and-elegance.de\/de\/wp-json\/wp\/v2\/pages\/917","targetHints":{"allow":["GET"]}}],"collection":[{"href":"https:\/\/power-and-elegance.de\/de\/wp-json\/wp\/v2\/pages"}],"about":[{"href":"https:\/\/power-and-elegance.de\/de\/wp-json\/wp\/v2\/types\/page"}],"author":[{"embeddable":true,"href":"https:\/\/power-and-elegance.de\/de\/wp-json\/wp\/v2\/users\/2"}],"replies":[{"embeddable":true,"href":"https:\/\/power-and-elegance.de\/de\/wp-json\/wp\/v2\/comments?post=917"}],"version-history":[{"count":168,"href":"https:\/\/power-and-elegance.de\/de\/wp-json\/wp\/v2\/pages\/917\/revisions"}],"predecessor-version":[{"id":2701,"href":"https:\/\/power-and-elegance.de\/de\/wp-json\/wp\/v2\/pages\/917\/revisions\/2701"}],"up":[{"embeddable":true,"href":"https:\/\/power-and-elegance.de\/de\/wp-json\/wp\/v2\/pages\/19"}],"wp:attachment":[{"href":"https:\/\/power-and-elegance.de\/de\/wp-json\/wp\/v2\/media?parent=917"}],"curies":[{"name":"wp","href":"https:\/\/api.w.org\/{rel}","templated":true}]}}