{"id":962,"date":"2016-05-02T15:24:31","date_gmt":"2016-05-02T13:24:31","guid":{"rendered":"http:\/\/power-and-elegance.de\/?page_id=962"},"modified":"2021-04-25T15:30:21","modified_gmt":"2021-04-25T13:30:21","slug":"deutsch-power-elegance-be-am-double-u","status":"publish","type":"page","link":"https:\/\/power-and-elegance.de\/de\/irish-wolfhounds\/female\/deutsch-power-elegance-be-am-double-u\/","title":{"rendered":"C.I.B. MJCh.MCh. Power &#038; Elegance Be Am Double U"},"content":{"rendered":"<p><a href=\"http:\/\/power-and-elegance.de\/wp-content\/uploads\/2020\/01\/BeAm-left-side-face.jpg\"><img loading=\"lazy\" decoding=\"async\" class=\"alignright size-large wp-image-2137\" src=\"http:\/\/power-and-elegance.de\/wp-content\/uploads\/2020\/01\/BeAm-left-side-face-1024x682.jpg\" alt=\"\" width=\"660\" height=\"440\" srcset=\"https:\/\/power-and-elegance.de\/wp-content\/uploads\/2020\/01\/BeAm-left-side-face-1024x682.jpg 1024w, https:\/\/power-and-elegance.de\/wp-content\/uploads\/2020\/01\/BeAm-left-side-face-300x200.jpg 300w, https:\/\/power-and-elegance.de\/wp-content\/uploads\/2020\/01\/BeAm-left-side-face-768x512.jpg 768w, https:\/\/power-and-elegance.de\/wp-content\/uploads\/2020\/01\/BeAm-left-side-face-700x467.jpg 700w, https:\/\/power-and-elegance.de\/wp-content\/uploads\/2020\/01\/BeAm-left-side-face.jpg 2000w\" sizes=\"auto, (max-width: 660px) 100vw, 660px\" \/><\/a><br \/>\nGeb. 26.07.2015<br \/>\nFarbe: sand<\/p>\n<p><a href=\"https:\/\/www.iwdb.org\/cD0xMTc1MzUmZz01.html\" target=\"_blank\" rel=\"noopener\">Stammbaum<\/a><\/p>\n<p>Herzuntersuchung in 01\/20 \u2013 ohne Befund, 0 Punkte<\/p>\n<p>Jugend-Titel:<\/p>\n<ul>\n<li>Deutscher Jugend-Champion (DWZRV) (mit 12 Monaten, erf\u00fcllt mit ihrer 4. Ausstellung in der Jugendklasse)<\/li>\n<li>Deutscher Jugend-Champion (VDH) (mit 12 Monaten, erf\u00fcllt mit ihrer 4. Ausstellung in der Jugendklasse)<\/li>\n<li>\u00d6sterreichischer Jugendchampion<\/li>\n<li>\u00d6sterreichischer Bundesjugendsieger<\/li>\n<li>Mittel Ost-Europ\u00e4ischer Jugendsieger<\/li>\n<\/ul>\n<figure id=\"attachment_2138\" aria-describedby=\"caption-attachment-2138\" style=\"width: 660px\" class=\"wp-caption alignright\"><a href=\"http:\/\/power-and-elegance.de\/wp-content\/uploads\/2020\/01\/BeAm-left-side-stand.jpg\"><img loading=\"lazy\" decoding=\"async\" class=\"size-large wp-image-2138\" src=\"http:\/\/power-and-elegance.de\/wp-content\/uploads\/2020\/01\/BeAm-left-side-stand-1024x738.jpg\" alt=\"\" width=\"660\" height=\"476\" srcset=\"https:\/\/power-and-elegance.de\/wp-content\/uploads\/2020\/01\/BeAm-left-side-stand-1024x738.jpg 1024w, https:\/\/power-and-elegance.de\/wp-content\/uploads\/2020\/01\/BeAm-left-side-stand-300x216.jpg 300w, https:\/\/power-and-elegance.de\/wp-content\/uploads\/2020\/01\/BeAm-left-side-stand-768x554.jpg 768w, https:\/\/power-and-elegance.de\/wp-content\/uploads\/2020\/01\/BeAm-left-side-stand-700x505.jpg 700w, https:\/\/power-and-elegance.de\/wp-content\/uploads\/2020\/01\/BeAm-left-side-stand.jpg 2000w\" sizes=\"auto, (max-width: 660px) 100vw, 660px\" \/><\/a><figcaption id=\"caption-attachment-2138\" class=\"wp-caption-text\">4y<\/figcaption><\/figure>\n<p>Erwachsenen-Titel:<\/p>\n<ul>\n<li>German Winner &#8217;17<\/li>\n<li>Deutscher Champion (VDH) (seit 2017)<\/li>\n<li>Deutscher Champion (DWZRV) (seit 2018)<\/li>\n<li>Alpen-Champion (seit 2019)<\/li>\n<li>\u00d6sterreichischer Champion (seit 2019)<\/li>\n<li>Internationaler Sch\u00f6nheits-Champion (seit 2019)<\/li>\n<\/ul>\n<figure id=\"attachment_1658\" aria-describedby=\"caption-attachment-1658\" style=\"width: 660px\" class=\"wp-caption alignright\"><a href=\"http:\/\/power-and-elegance.de\/wp-content\/uploads\/2016\/05\/BM-im-Ehrenring.jpg\"><img loading=\"lazy\" decoding=\"async\" class=\"wp-image-1658 size-large\" src=\"http:\/\/power-and-elegance.de\/wp-content\/uploads\/2016\/05\/BM-im-Ehrenring-1024x683.jpg\" alt=\"\" width=\"660\" height=\"440\" srcset=\"https:\/\/power-and-elegance.de\/wp-content\/uploads\/2016\/05\/BM-im-Ehrenring-1024x683.jpg 1024w, https:\/\/power-and-elegance.de\/wp-content\/uploads\/2016\/05\/BM-im-Ehrenring-300x200.jpg 300w, https:\/\/power-and-elegance.de\/wp-content\/uploads\/2016\/05\/BM-im-Ehrenring-768x512.jpg 768w, https:\/\/power-and-elegance.de\/wp-content\/uploads\/2016\/05\/BM-im-Ehrenring-700x467.jpg 700w, https:\/\/power-and-elegance.de\/wp-content\/uploads\/2016\/05\/BM-im-Ehrenring.jpg 2048w\" sizes=\"auto, (max-width: 660px) 100vw, 660px\" \/><\/a><figcaption id=\"caption-attachment-1658\" class=\"wp-caption-text\">ring of honour @ German winner show<\/figcaption><\/figure>\n<p><span style=\"color: #ff0000;\">Leistung:<\/span><\/p>\n<ul>\n<li><span style=\"color: #ff0000;\">Renn-Lizenz<\/span><\/li>\n<li><span style=\"color: #ff0000;\">Coursing-Lizenz<\/span><\/li>\n<\/ul>\n<figure id=\"attachment_1635\" aria-describedby=\"caption-attachment-1635\" style=\"width: 660px\" class=\"wp-caption alignright\"><a href=\"http:\/\/power-and-elegance.de\/wp-content\/uploads\/2016\/05\/BM-4.jpg\"><img loading=\"lazy\" decoding=\"async\" class=\"wp-image-1635 size-large\" src=\"http:\/\/power-and-elegance.de\/wp-content\/uploads\/2016\/05\/BM-4-1024x682.jpg\" alt=\"\" width=\"660\" height=\"440\" srcset=\"https:\/\/power-and-elegance.de\/wp-content\/uploads\/2016\/05\/BM-4-1024x682.jpg 1024w, https:\/\/power-and-elegance.de\/wp-content\/uploads\/2016\/05\/BM-4-300x200.jpg 300w, https:\/\/power-and-elegance.de\/wp-content\/uploads\/2016\/05\/BM-4-768x511.jpg 768w, https:\/\/power-and-elegance.de\/wp-content\/uploads\/2016\/05\/BM-4-700x466.jpg 700w, https:\/\/power-and-elegance.de\/wp-content\/uploads\/2016\/05\/BM-4.jpg 2048w\" sizes=\"auto, (max-width: 660px) 100vw, 660px\" \/><\/a><figcaption id=\"caption-attachment-1635\" class=\"wp-caption-text\">BM @ the sand track<\/figcaption><\/figure>\n<p>Erfolge:<\/p>\n<ul>\n<li>J\u00fcngsten BOB<\/li>\n<li>Jugend BOB<\/li>\n<li>Jugendsieger Rheinland-Pfalz &#8217;16<\/li>\n<li>3 x BOB<\/li>\n<li>4 x BOS (das 1.mal von 9 H\u00fcndinnen, mit 14 Monaten)<\/li>\n<li>6 x CACIB<\/li>\n<li>CRUFTs Qualifikation f\u00fcr 2017 (mit 14 Monaten)<\/li>\n<li>3. Platz (von 11) in der post graduate Klasse @ CRUFTs 2017 (@ 19 Monaten)<\/li>\n<li>CRUFTs Qualifikation f\u00fcr 2018 (@ 19 Monaten)<\/li>\n<li>Sieger Schleswig-Holstein &#8217;17<\/li>\n<li>Sieger Baden-W\u00fcrttemberg &#8217;17<\/li>\n<li>Vize VDH Europasieger &#8217;17<\/li>\n<li>Vorz\u00fcglich 1 (von 16) in der Offenen Klasse @ WDS 2017 (@ 27 Monaten)<\/li>\n<li>CRUFTs Qualifikation f\u00fcr 2019 (@ 3 Jahren)<\/li>\n<li>Alpensieger DE&#8217;17<\/li>\n<li>Alpensieger CH&#8217;18<\/li>\n<li>Alpensieger AT&#8217;19<\/li>\n<li>Winner Bodensee &#8217;18<\/li>\n<\/ul>\n<p>begonnene Titel:<\/p>\n<ul>\n<li>Schweizer Champion<\/li>\n<\/ul>\n<p>&nbsp;<\/p>\n<p><div id='gallery-2' class='gallery galleryid-962 gallery-columns-3 gallery-size-medium'><figure class='gallery-item'>\n\t\t\t<div class='gallery-icon landscape'>\n\t\t\t\t<a rel='attachment' href='https:\/\/power-and-elegance.de\/de\/irish-wolfhounds\/female\/deutsch-power-elegance-be-am-double-u\/dsc_8749\/'><img loading=\"lazy\" decoding=\"async\" width=\"300\" height=\"200\" src=\"https:\/\/power-and-elegance.de\/wp-content\/uploads\/2019\/04\/DSC_8749-300x200.jpg\" class=\"attachment-medium size-medium\" alt=\"\" aria-describedby=\"gallery-2-1957\" srcset=\"https:\/\/power-and-elegance.de\/wp-content\/uploads\/2019\/04\/DSC_8749-300x200.jpg 300w, https:\/\/power-and-elegance.de\/wp-content\/uploads\/2019\/04\/DSC_8749-768x512.jpg 768w, https:\/\/power-and-elegance.de\/wp-content\/uploads\/2019\/04\/DSC_8749-1024x682.jpg 1024w, https:\/\/power-and-elegance.de\/wp-content\/uploads\/2019\/04\/DSC_8749-700x466.jpg 700w, https:\/\/power-and-elegance.de\/wp-content\/uploads\/2019\/04\/DSC_8749.jpg 1388w\" sizes=\"auto, (max-width: 300px) 100vw, 300px\" \/><\/a>\n\t\t\t<\/div>\n\t\t\t\t<figcaption class='wp-caption-text gallery-caption' id='gallery-2-1957'>\n\t\t\t\ttraining on the sand track @ 3,5y\n\t\t\t\t<\/figcaption><\/figure><figure class='gallery-item'>\n\t\t\t<div class='gallery-icon landscape'>\n\t\t\t\t<a rel='attachment' href='https:\/\/power-and-elegance.de\/de\/irish-wolfhounds\/female\/deutsch-power-elegance-be-am-double-u\/be-am-wds-2017\/'><img loading=\"lazy\" decoding=\"async\" width=\"300\" height=\"249\" src=\"https:\/\/power-and-elegance.de\/wp-content\/uploads\/2016\/05\/Be-Am-wds-2017-300x249.jpg\" class=\"attachment-medium size-medium\" alt=\"\" aria-describedby=\"gallery-2-1707\" srcset=\"https:\/\/power-and-elegance.de\/wp-content\/uploads\/2016\/05\/Be-Am-wds-2017-300x249.jpg 300w, https:\/\/power-and-elegance.de\/wp-content\/uploads\/2016\/05\/Be-Am-wds-2017-768x638.jpg 768w, https:\/\/power-and-elegance.de\/wp-content\/uploads\/2016\/05\/Be-Am-wds-2017-700x582.jpg 700w, https:\/\/power-and-elegance.de\/wp-content\/uploads\/2016\/05\/Be-Am-wds-2017.jpg 851w\" sizes=\"auto, (max-width: 300px) 100vw, 300px\" \/><\/a>\n\t\t\t<\/div>\n\t\t\t\t<figcaption class='wp-caption-text gallery-caption' id='gallery-2-1707'>\n\t\t\t\t1 exc (\/16) in open class @ WDS 2017 @ 27 mon\n\t\t\t\t<\/figcaption><\/figure><figure class='gallery-item'>\n\t\t\t<div class='gallery-icon portrait'>\n\t\t\t\t<a rel='attachment' href='https:\/\/power-and-elegance.de\/de\/irish-wolfhounds\/female\/deutsch-power-elegance-be-am-double-u\/bm-german-winner-bob\/'><img loading=\"lazy\" decoding=\"async\" width=\"200\" height=\"300\" src=\"https:\/\/power-and-elegance.de\/wp-content\/uploads\/2016\/05\/BM-German-Winner-BOB-200x300.jpg\" class=\"attachment-medium size-medium\" alt=\"\" aria-describedby=\"gallery-2-1653\" srcset=\"https:\/\/power-and-elegance.de\/wp-content\/uploads\/2016\/05\/BM-German-Winner-BOB-200x300.jpg 200w, https:\/\/power-and-elegance.de\/wp-content\/uploads\/2016\/05\/BM-German-Winner-BOB.jpg 532w\" sizes=\"auto, (max-width: 200px) 100vw, 200px\" \/><\/a>\n\t\t\t<\/div>\n\t\t\t\t<figcaption class='wp-caption-text gallery-caption' id='gallery-2-1653'>\n\t\t\t\tBM German Winner + BOB @ 27 mon\n\t\t\t\t<\/figcaption><\/figure><figure class='gallery-item'>\n\t\t\t<div class='gallery-icon landscape'>\n\t\t\t\t<a rel='attachment' href='https:\/\/power-and-elegance.de\/de\/irish-wolfhounds\/female\/deutsch-power-elegance-be-am-double-u\/22766320_2069839459905921_2029139487_o\/'><img loading=\"lazy\" decoding=\"async\" width=\"300\" height=\"225\" src=\"https:\/\/power-and-elegance.de\/wp-content\/uploads\/2016\/05\/22766320_2069839459905921_2029139487_o-300x225.jpg\" class=\"attachment-medium size-medium\" alt=\"\" aria-describedby=\"gallery-2-1589\" srcset=\"https:\/\/power-and-elegance.de\/wp-content\/uploads\/2016\/05\/22766320_2069839459905921_2029139487_o-300x225.jpg 300w, https:\/\/power-and-elegance.de\/wp-content\/uploads\/2016\/05\/22766320_2069839459905921_2029139487_o-768x576.jpg 768w, https:\/\/power-and-elegance.de\/wp-content\/uploads\/2016\/05\/22766320_2069839459905921_2029139487_o-1024x768.jpg 1024w, https:\/\/power-and-elegance.de\/wp-content\/uploads\/2016\/05\/22766320_2069839459905921_2029139487_o-700x525.jpg 700w, https:\/\/power-and-elegance.de\/wp-content\/uploads\/2016\/05\/22766320_2069839459905921_2029139487_o.jpg 2048w\" sizes=\"auto, (max-width: 300px) 100vw, 300px\" \/><\/a>\n\t\t\t<\/div>\n\t\t\t\t<figcaption class='wp-caption-text gallery-caption' id='gallery-2-1589'>\n\t\t\t\t@ the racetrack \/ auf der Rennbahn\n\t\t\t\t<\/figcaption><\/figure><figure class='gallery-item'>\n\t\t\t<div class='gallery-icon portrait'>\n\t\t\t\t<a rel='attachment' href='https:\/\/power-and-elegance.de\/de\/irish-wolfhounds\/female\/deutsch-power-elegance-be-am-double-u\/bm-cacib-bos-neumunster\/'><img loading=\"lazy\" decoding=\"async\" width=\"259\" height=\"300\" src=\"https:\/\/power-and-elegance.de\/wp-content\/uploads\/2016\/05\/BM-CACIB-BOS-Neum\u00fcnster-259x300.jpg\" class=\"attachment-medium size-medium\" alt=\"\" aria-describedby=\"gallery-2-1440\" srcset=\"https:\/\/power-and-elegance.de\/wp-content\/uploads\/2016\/05\/BM-CACIB-BOS-Neum\u00fcnster-259x300.jpg 259w, https:\/\/power-and-elegance.de\/wp-content\/uploads\/2016\/05\/BM-CACIB-BOS-Neum\u00fcnster.jpg 415w\" sizes=\"auto, (max-width: 259px) 100vw, 259px\" \/><\/a>\n\t\t\t<\/div>\n\t\t\t\t<figcaption class='wp-caption-text gallery-caption' id='gallery-2-1440'>\n\t\t\t\tBM CAC CACIB BOS @ 21 mon\nphoto by Inger Nikolajsen\n\t\t\t\t<\/figcaption><\/figure><figure class='gallery-item'>\n\t\t\t<div class='gallery-icon portrait'>\n\t\t\t\t<a rel='attachment' href='https:\/\/power-and-elegance.de\/de\/irish-wolfhounds\/female\/deutsch-power-elegance-be-am-double-u\/be-am-double-u-crufts17\/'><img loading=\"lazy\" decoding=\"async\" width=\"271\" height=\"300\" src=\"https:\/\/power-and-elegance.de\/wp-content\/uploads\/2016\/05\/Be-Am-Double-U-crufts17-271x300.jpg\" class=\"attachment-medium size-medium\" alt=\"\" aria-describedby=\"gallery-2-1351\" srcset=\"https:\/\/power-and-elegance.de\/wp-content\/uploads\/2016\/05\/Be-Am-Double-U-crufts17-271x300.jpg 271w, https:\/\/power-and-elegance.de\/wp-content\/uploads\/2016\/05\/Be-Am-Double-U-crufts17-768x851.jpg 768w, https:\/\/power-and-elegance.de\/wp-content\/uploads\/2016\/05\/Be-Am-Double-U-crufts17-925x1024.jpg 925w, https:\/\/power-and-elegance.de\/wp-content\/uploads\/2016\/05\/Be-Am-Double-U-crufts17-700x775.jpg 700w, https:\/\/power-and-elegance.de\/wp-content\/uploads\/2016\/05\/Be-Am-Double-U-crufts17.jpg 2000w\" sizes=\"auto, (max-width: 271px) 100vw, 271px\" \/><\/a>\n\t\t\t<\/div>\n\t\t\t\t<figcaption class='wp-caption-text gallery-caption' id='gallery-2-1351'>\n\t\t\t\tBM 3rd place in post graduate class @ CRUFTs 2017 @ 19 mon\n\t\t\t\t<\/figcaption><\/figure><figure class='gallery-item'>\n\t\t\t<div class='gallery-icon portrait'>\n\t\t\t\t<a rel='attachment' href='https:\/\/power-and-elegance.de\/de\/irish-wolfhounds\/female\/deutsch-power-elegance-be-am-double-u\/bm-tulln\/'><img loading=\"lazy\" decoding=\"async\" width=\"230\" height=\"300\" src=\"https:\/\/power-and-elegance.de\/wp-content\/uploads\/2016\/05\/BM-Tulln-230x300.jpg\" class=\"attachment-medium size-medium\" alt=\"\" aria-describedby=\"gallery-2-1113\" srcset=\"https:\/\/power-and-elegance.de\/wp-content\/uploads\/2016\/05\/BM-Tulln-230x300.jpg 230w, https:\/\/power-and-elegance.de\/wp-content\/uploads\/2016\/05\/BM-Tulln-768x1000.jpg 768w, https:\/\/power-and-elegance.de\/wp-content\/uploads\/2016\/05\/BM-Tulln-786x1024.jpg 786w, https:\/\/power-and-elegance.de\/wp-content\/uploads\/2016\/05\/BM-Tulln-700x912.jpg 700w, https:\/\/power-and-elegance.de\/wp-content\/uploads\/2016\/05\/BM-Tulln.jpg 2005w\" sizes=\"auto, (max-width: 230px) 100vw, 230px\" \/><\/a>\n\t\t\t<\/div>\n\t\t\t\t<figcaption class='wp-caption-text gallery-caption' id='gallery-2-1113'>\n\t\t\t\tAustrian national junior winner @ 14 months\n\t\t\t\t<\/figcaption><\/figure><figure class='gallery-item'>\n\t\t\t<div class='gallery-icon landscape'>\n\t\t\t\t<a rel='attachment' href='https:\/\/power-and-elegance.de\/de\/irish-wolfhounds\/female\/deutsch-power-elegance-be-am-double-u\/bm\/'><img loading=\"lazy\" decoding=\"async\" width=\"300\" height=\"169\" src=\"https:\/\/power-and-elegance.de\/wp-content\/uploads\/2016\/05\/BM-300x169.jpg\" class=\"attachment-medium size-medium\" alt=\"\" aria-describedby=\"gallery-2-963\" srcset=\"https:\/\/power-and-elegance.de\/wp-content\/uploads\/2016\/05\/BM-300x169.jpg 300w, https:\/\/power-and-elegance.de\/wp-content\/uploads\/2016\/05\/BM-768x432.jpg 768w, https:\/\/power-and-elegance.de\/wp-content\/uploads\/2016\/05\/BM-1024x576.jpg 1024w, https:\/\/power-and-elegance.de\/wp-content\/uploads\/2016\/05\/BM-700x393.jpg 700w, https:\/\/power-and-elegance.de\/wp-content\/uploads\/2016\/05\/BM.jpg 2048w\" sizes=\"auto, (max-width: 300px) 100vw, 300px\" \/><\/a>\n\t\t\t<\/div>\n\t\t\t\t<figcaption class='wp-caption-text gallery-caption' id='gallery-2-963'>\n\t\t\t\tpuppy BOB @ 8 mon\n\t\t\t\t<\/figcaption><\/figure><figure class='gallery-item'>\n\t\t\t<div class='gallery-icon landscape'>\n\t\t\t\t<a rel='attachment' href='https:\/\/power-and-elegance.de\/de\/irish-wolfhounds\/litter\/bmw\/'><img loading=\"lazy\" decoding=\"async\" width=\"300\" height=\"215\" src=\"https:\/\/power-and-elegance.de\/wp-content\/uploads\/2014\/12\/bmw-300x215.jpg\" class=\"attachment-medium size-medium\" alt=\"\" aria-describedby=\"gallery-2-807\" srcset=\"https:\/\/power-and-elegance.de\/wp-content\/uploads\/2014\/12\/bmw-300x215.jpg 300w, https:\/\/power-and-elegance.de\/wp-content\/uploads\/2014\/12\/bmw-1024x734.jpg 1024w, https:\/\/power-and-elegance.de\/wp-content\/uploads\/2014\/12\/bmw-700x502.jpg 700w\" sizes=\"auto, (max-width: 300px) 100vw, 300px\" \/><\/a>\n\t\t\t<\/div>\n\t\t\t\t<figcaption class='wp-caption-text gallery-caption' id='gallery-2-807'>\n\t\t\t\tBM @ 4 mon\n\t\t\t\t<\/figcaption><\/figure>\n\t\t<\/div>\n<\/p>","protected":false},"excerpt":{"rendered":"<p>Geb. 26.07.2015 Farbe: sand Stammbaum Herzuntersuchung in 01\/20 \u2013 ohne Befund, 0 Punkte Jugend-Titel: Deutscher Jugend-Champion (DWZRV) (mit 12 Monaten, erf\u00fcllt mit ihrer 4. Ausstellung in der Jugendklasse) Deutscher Jugend-Champion (VDH) (mit 12 Monaten, erf\u00fcllt mit ihrer 4. Ausstellung in der Jugendklasse) \u00d6sterreichischer Jugendchampion \u00d6sterreichischer Bundesjugendsieger Mittel Ost-Europ\u00e4ischer Jugendsieger Erwachsenen-Titel: &#8230;<\/p>\n","protected":false},"author":2,"featured_media":0,"parent":21,"menu_order":0,"comment_status":"closed","ping_status":"closed","template":"","meta":{"ngg_post_thumbnail":0,"footnotes":""},"class_list":["post-962","page","type-page","status-publish","hentry","column","twocol"],"_links":{"self":[{"href":"https:\/\/power-and-elegance.de\/de\/wp-json\/wp\/v2\/pages\/962","targetHints":{"allow":["GET"]}}],"collection":[{"href":"https:\/\/power-and-elegance.de\/de\/wp-json\/wp\/v2\/pages"}],"about":[{"href":"https:\/\/power-and-elegance.de\/de\/wp-json\/wp\/v2\/types\/page"}],"author":[{"embeddable":true,"href":"https:\/\/power-and-elegance.de\/de\/wp-json\/wp\/v2\/users\/2"}],"replies":[{"embeddable":true,"href":"https:\/\/power-and-elegance.de\/de\/wp-json\/wp\/v2\/comments?post=962"}],"version-history":[{"count":82,"href":"https:\/\/power-and-elegance.de\/de\/wp-json\/wp\/v2\/pages\/962\/revisions"}],"predecessor-version":[{"id":2637,"href":"https:\/\/power-and-elegance.de\/de\/wp-json\/wp\/v2\/pages\/962\/revisions\/2637"}],"up":[{"embeddable":true,"href":"https:\/\/power-and-elegance.de\/de\/wp-json\/wp\/v2\/pages\/21"}],"wp:attachment":[{"href":"https:\/\/power-and-elegance.de\/de\/wp-json\/wp\/v2\/media?parent=962"}],"curies":[{"name":"wp","href":"https:\/\/api.w.org\/{rel}","templated":true}]}}