{"id":980,"date":"2016-05-17T15:08:25","date_gmt":"2016-05-17T13:08:25","guid":{"rendered":"http:\/\/power-and-elegance.de\/?page_id=980"},"modified":"2022-05-18T00:22:09","modified_gmt":"2022-05-17T22:22:09","slug":"power-elegance-bugatti-famosa-lancia","status":"publish","type":"page","link":"https:\/\/power-and-elegance.de\/de\/irish-wolfhounds\/female\/power-elegance-bugatti-famosa-lancia\/","title":{"rendered":"MJCh.MCh. Power &#038; Elegance Bugatti Famosa Lancia"},"content":{"rendered":"<p><figure id=\"attachment_1369\" aria-describedby=\"caption-attachment-1369\" style=\"width: 660px\" class=\"wp-caption alignright\"><a href=\"http:\/\/power-and-elegance.de\/wp-content\/uploads\/2016\/05\/lancia-9.5.jpg\"><img loading=\"lazy\" decoding=\"async\" class=\"wp-image-1369 size-large\" src=\"http:\/\/power-and-elegance.de\/wp-content\/uploads\/2016\/05\/lancia-9.5-1024x683.jpg\" alt=\"\" width=\"660\" height=\"440\" srcset=\"https:\/\/power-and-elegance.de\/wp-content\/uploads\/2016\/05\/lancia-9.5-1024x683.jpg 1024w, https:\/\/power-and-elegance.de\/wp-content\/uploads\/2016\/05\/lancia-9.5-300x200.jpg 300w, https:\/\/power-and-elegance.de\/wp-content\/uploads\/2016\/05\/lancia-9.5-768x512.jpg 768w, https:\/\/power-and-elegance.de\/wp-content\/uploads\/2016\/05\/lancia-9.5-700x467.jpg 700w\" sizes=\"auto, (max-width: 660px) 100vw, 660px\" \/><\/a><figcaption id=\"caption-attachment-1369\" class=\"wp-caption-text\">Lancia CAC @ 21 mon<\/figcaption><\/figure><\/p>\n<p>Geb: 26.07.2015<br \/>\nFarbe: sandfarben gestromt<br \/>\nVater: <a href=\"http:\/\/power-and-elegance.de\/irish-wolfhounds\/male\/mucha-moors-rudiger\/\">Ch. MVCh. Mucha Moor&#8217;s R\u00fcdiger<\/a><br \/>\nMutter: <a href=\"http:\/\/power-and-elegance.de\/irish-wolfhounds\/female\/mucha-moors-wilma\/\">IMCh. Mucha Moor&#8217;s Wilma<\/a><br \/>\nH\u00f6he: 84 cm<br \/>\nRufname: &#8222;Lancia&#8220;<br \/>\n<a href=\"https:\/\/www.iwdb.org\/cD0xMTc1MzYmZz0mZz01.html\" target=\"_blank\" rel=\"noopener noreferrer\">Stammbaum von Lancia<\/a><\/p>\n<p>Jugend-Titel:<\/p>\n<ul>\n<li>Landes-Jugend-Sieger &#8222;Hessen-Th\u00fcringen&#8220;&#8217;16<\/li>\n<li>Alpen-Jugend-Sieger CH&#8217;16<\/li>\n<li>Alpen-Jugend-Sieger DE&#8217;16<\/li>\n<li>Alpen-Jugend-Champion<\/li>\n<li>DWZRV Jugend-Champion (mit 11 Monaten)<\/li>\n<li>Deutscher Jugend-Champion (VDH)<\/li>\n<li>Niederl\u00e4ndischer Jugend-Champion<\/li>\n<\/ul>\n<p>Erwachsenen-Ausstellungs-Titel:<\/p>\n<ul>\n<li>Landes-Sieger &#8222;Hessen-Th\u00fcringen&#8220;&#8217;18<\/li>\n<li>Landes-Sieger &#8222;Hessen-Th\u00fcringen&#8220;&#8217;19<\/li>\n<li>Deutscher Champion (DWZRV) (seit 2019)<\/li>\n<li>Deutscher Champion (VDH) (Best\u00e4tigung ausstehend)<\/li>\n<li>Luxemburger Champion (Best\u00e4tigung ausstehend)<\/li>\n<\/ul>\n<figure id=\"attachment_1626\" aria-describedby=\"caption-attachment-1626\" style=\"width: 660px\" class=\"wp-caption alignright\"><a href=\"http:\/\/power-and-elegance.de\/wp-content\/uploads\/2016\/05\/21684224_1475518489200392_1663343675_o.jpg\"><img loading=\"lazy\" decoding=\"async\" class=\"wp-image-1626 size-large\" src=\"http:\/\/power-and-elegance.de\/wp-content\/uploads\/2016\/05\/21684224_1475518489200392_1663343675_o-833x1024.jpg\" alt=\"\" width=\"660\" height=\"811\" srcset=\"https:\/\/power-and-elegance.de\/wp-content\/uploads\/2016\/05\/21684224_1475518489200392_1663343675_o-833x1024.jpg 833w, https:\/\/power-and-elegance.de\/wp-content\/uploads\/2016\/05\/21684224_1475518489200392_1663343675_o-244x300.jpg 244w, https:\/\/power-and-elegance.de\/wp-content\/uploads\/2016\/05\/21684224_1475518489200392_1663343675_o-768x944.jpg 768w, https:\/\/power-and-elegance.de\/wp-content\/uploads\/2016\/05\/21684224_1475518489200392_1663343675_o-700x860.jpg 700w, https:\/\/power-and-elegance.de\/wp-content\/uploads\/2016\/05\/21684224_1475518489200392_1663343675_o.jpg 1600w\" sizes=\"auto, (max-width: 660px) 100vw, 660px\" \/><\/a><figcaption id=\"caption-attachment-1626\" class=\"wp-caption-text\">Lancia @ 2 years<\/figcaption><\/figure>\n<p><span style=\"color: #800000;\">Kombi-Titel:<\/span><\/p>\n<ul>\n<li><span style=\"color: #800000;\">Pr\u00e4dikatsk\u00f6rung f\u00fcr<\/span> <span style=\"color: #800000;\">Sch\u00f6nheit &amp; Leistung (seit 2017)<\/span><\/li>\n<li><span style=\"color: #800000;\">Verbandssieger f\u00fcr Sch\u00f6nheit &amp; Leistung 2017<\/span><\/li>\n<li><span style=\"color: #800000;\">DWZRV-Sieger 2017 (mit Renn-Leistung)<\/span><\/li>\n<li><span style=\"color: #800000;\">Deutscher Champion f\u00fcr Sch\u00f6nheit &amp; Leistung (seit 2018)<\/span><\/li>\n<li><span style=\"color: #800000;\">DWZRV-Sieger 2019 (mit Coursing-Leistung)<\/span><\/li>\n<li><span style=\"color: #800000;\">Niederl\u00e4ndischer Champion f\u00fcr Sch\u00f6nheit und Leistung (seit 2021)<br \/>\n<\/span><\/li>\n<\/ul>\n<figure id=\"attachment_1457\" aria-describedby=\"caption-attachment-1457\" style=\"width: 660px\" class=\"wp-caption alignright\"><a href=\"http:\/\/power-and-elegance.de\/wp-content\/uploads\/2016\/05\/Lancia-2.jpg\"><img loading=\"lazy\" decoding=\"async\" class=\"size-large wp-image-1457\" src=\"http:\/\/power-and-elegance.de\/wp-content\/uploads\/2016\/05\/Lancia-2-1024x599.jpg\" alt=\"\" width=\"660\" height=\"386\" srcset=\"https:\/\/power-and-elegance.de\/wp-content\/uploads\/2016\/05\/Lancia-2-1024x599.jpg 1024w, https:\/\/power-and-elegance.de\/wp-content\/uploads\/2016\/05\/Lancia-2-300x175.jpg 300w, https:\/\/power-and-elegance.de\/wp-content\/uploads\/2016\/05\/Lancia-2-768x449.jpg 768w, https:\/\/power-and-elegance.de\/wp-content\/uploads\/2016\/05\/Lancia-2-700x409.jpg 700w, https:\/\/power-and-elegance.de\/wp-content\/uploads\/2016\/05\/Lancia-2.jpg 2048w\" sizes=\"auto, (max-width: 660px) 100vw, 660px\" \/><\/a><figcaption id=\"caption-attachment-1457\" class=\"wp-caption-text\">Lancia under blue<\/figcaption><\/figure>\n<p><span style=\"color: #ff0000;\">Leistungs-Titel:<\/span><\/p>\n<ul>\n<li><span style=\"color: #ff0000;\">Renn-Lizenz<\/span><\/li>\n<li><span style=\"color: #ff0000;\">Coursing-Lizenz<\/span><\/li>\n<li><span style=\"color: #ff0000;\">Verbands-Renn-Sieger 2017<\/span><\/li>\n<li><span style=\"color: #ff0000;\">Deutscher Derby Sieger 2017<\/span><\/li>\n<li><span style=\"color: #ff0000;\">Landes-Renn-Sieger &#8222;Niedersachsen\/Sachsen-Anhalt&#8220; 2017<\/span><\/li>\n<li><span style=\"color: #ff0000;\">Landes-Renn-Sieger &#8222;Nord&#8220; 2018<\/span><\/li>\n<li><span style=\"color: #ff0000;\">Leistungsurkunde Rennen (RLU) (seit 2018)<\/span><\/li>\n<li><span style=\"color: #ff0000;\">Deutscher Renn-Champion&nbsp;&nbsp; &nbsp; &nbsp; &nbsp; &nbsp;(seit 2018)<\/span><\/li>\n<li><span style=\"color: #ff0000;\">Leistungs-Urkunde Coursing (Best\u00e4tigung ausstehend)<\/span><\/li>\n<li><span style=\"color: #ff0000;\">Belgischer Coursing-Champion (Best\u00e4tigung ausstehend)<\/span><\/li>\n<\/ul>\n<p>Erfolge:<\/p>\n<ul>\n<li>2 x J\u00fcngsten-BOB<\/li>\n<li>J\u00fcnsten-SBIS-2<\/li>\n<li>3 x Jugend-BOB<\/li>\n<li>Saarland Jugendsieger &#8217;16<\/li>\n<li>Jugendsieger Baden-W\u00fcrtemberg &#8217;16<\/li>\n<li>CRUFTS-Qualifikation f\u00fcr 2017 (mit 9 Monaten)<\/li>\n<li>9 x ausgestellt in der Jugendklasse, davon 7x v1 und 2x v2<\/li>\n<li>Best of DWZRV-Sieger 2021<\/li>\n<li>Belgischer Coursing Cup Sieger 2021<\/li>\n<li><span style=\"color: #800000;\">4 x Sieger f\u00fcr Sch\u00f6nheit und Leistung<\/span><\/li>\n<li><span style=\"color: #ff0000;\">Vize Jubil\u00e4ums-Renn-Sieger<\/span><\/li>\n<li><span style=\"color: #ff0000;\">1 x Bahnrekord<\/span><\/li>\n<li><span style=\"color: #ff0000;\">nominiert f\u00fcr die FCI Europa Coursing Meisterschaft 2021<br \/>\n<\/span><\/li>\n<\/ul>\n<figure id=\"attachment_1510\" aria-describedby=\"caption-attachment-1510\" style=\"width: 660px\" class=\"wp-caption alignright\"><a href=\"http:\/\/power-and-elegance.de\/wp-content\/uploads\/2016\/05\/Lancia-B08.jpg\"><img loading=\"lazy\" decoding=\"async\" class=\"size-large wp-image-1510\" src=\"http:\/\/power-and-elegance.de\/wp-content\/uploads\/2016\/05\/Lancia-B08-1024x576.jpg\" alt=\"\" width=\"660\" height=\"371\" srcset=\"https:\/\/power-and-elegance.de\/wp-content\/uploads\/2016\/05\/Lancia-B08-1024x576.jpg 1024w, https:\/\/power-and-elegance.de\/wp-content\/uploads\/2016\/05\/Lancia-B08-300x169.jpg 300w, https:\/\/power-and-elegance.de\/wp-content\/uploads\/2016\/05\/Lancia-B08-768x432.jpg 768w, https:\/\/power-and-elegance.de\/wp-content\/uploads\/2016\/05\/Lancia-B08-700x393.jpg 700w, https:\/\/power-and-elegance.de\/wp-content\/uploads\/2016\/05\/Lancia-B08.jpg 2048w\" sizes=\"auto, (max-width: 660px) 100vw, 660px\" \/><\/a><figcaption id=\"caption-attachment-1510\" class=\"wp-caption-text\">@ the race track \/ auf der Rennbahn<\/figcaption><\/figure>\n<p>begonnene Titel:<\/p>\n<ul>\n<li>Niederl\u00e4ndischer Champion<\/li>\n<li>Internationaler Sch\u00f6nheits-Champion (CIB)<\/li>\n<li><span style=\"color: #ff0000;\">Deutscher Coursing-Champion<\/span><\/li>\n<\/ul>\n<p>Sonstiges:<\/p>\n<ul>\n<li>Herzuntersuchung in 09\/2017: ohne Befund, 0 Punkte<\/li>\n<li>Mutter unseres Power &amp; Elegance D-Wurfes, geboren am 20.12.2017<\/li>\n<\/ul>\n<p><div id='gallery-2' class='gallery galleryid-980 gallery-columns-3 gallery-size-medium'><figure class='gallery-item'>\n\t\t\t<div class='gallery-icon landscape'>\n\t\t\t\t<a rel='attachment' href='https:\/\/power-and-elegance.de\/de\/irish-wolfhounds\/female\/power-elegance-bugatti-famosa-lancia\/21684283_1475518469200394_1390651967_o\/'><img loading=\"lazy\" decoding=\"async\" width=\"300\" height=\"196\" src=\"https:\/\/power-and-elegance.de\/wp-content\/uploads\/2016\/05\/21684283_1475518469200394_1390651967_o-300x196.jpg\" class=\"attachment-medium size-medium\" alt=\"\" aria-describedby=\"gallery-2-1625\" srcset=\"https:\/\/power-and-elegance.de\/wp-content\/uploads\/2016\/05\/21684283_1475518469200394_1390651967_o-300x196.jpg 300w, https:\/\/power-and-elegance.de\/wp-content\/uploads\/2016\/05\/21684283_1475518469200394_1390651967_o-768x502.jpg 768w, https:\/\/power-and-elegance.de\/wp-content\/uploads\/2016\/05\/21684283_1475518469200394_1390651967_o-1024x669.jpg 1024w, https:\/\/power-and-elegance.de\/wp-content\/uploads\/2016\/05\/21684283_1475518469200394_1390651967_o-700x457.jpg 700w, https:\/\/power-and-elegance.de\/wp-content\/uploads\/2016\/05\/21684283_1475518469200394_1390651967_o.jpg 1837w\" sizes=\"auto, (max-width: 300px) 100vw, 300px\" \/><\/a>\n\t\t\t<\/div>\n\t\t\t\t<figcaption class='wp-caption-text gallery-caption' id='gallery-2-1625'>\n\t\t\t\tLancia county racing winner + BaP \/ Landesrennsieger + SuL\n\t\t\t\t<\/figcaption><\/figure><figure class='gallery-item'>\n\t\t\t<div class='gallery-icon landscape'>\n\t\t\t\t<a rel='attachment' href='https:\/\/power-and-elegance.de\/de\/irish-wolfhounds\/female\/power-elegance-bugatti-famosa-lancia\/siegerpodest-dd-iw\/'><img loading=\"lazy\" decoding=\"async\" width=\"300\" height=\"200\" src=\"https:\/\/power-and-elegance.de\/wp-content\/uploads\/2016\/05\/Siegerpodest-DD-IW-300x200.jpg\" class=\"attachment-medium size-medium\" alt=\"\" aria-describedby=\"gallery-2-1624\" srcset=\"https:\/\/power-and-elegance.de\/wp-content\/uploads\/2016\/05\/Siegerpodest-DD-IW-300x200.jpg 300w, https:\/\/power-and-elegance.de\/wp-content\/uploads\/2016\/05\/Siegerpodest-DD-IW-768x512.jpg 768w, https:\/\/power-and-elegance.de\/wp-content\/uploads\/2016\/05\/Siegerpodest-DD-IW-1024x683.jpg 1024w, https:\/\/power-and-elegance.de\/wp-content\/uploads\/2016\/05\/Siegerpodest-DD-IW-700x467.jpg 700w, https:\/\/power-and-elegance.de\/wp-content\/uploads\/2016\/05\/Siegerpodest-DD-IW.jpg 1296w\" sizes=\"auto, (max-width: 300px) 100vw, 300px\" \/><\/a>\n\t\t\t<\/div>\n\t\t\t\t<figcaption class='wp-caption-text gallery-caption' id='gallery-2-1624'>\n\t\t\t\tLancia German derby winner \/ Deutscher Derby Sieger\n\t\t\t\t<\/figcaption><\/figure><figure class='gallery-item'>\n\t\t\t<div class='gallery-icon landscape'>\n\t\t\t\t<a rel='attachment' href='https:\/\/power-and-elegance.de\/de\/irish-wolfhounds\/female\/power-elegance-bugatti-famosa-lancia\/lancia-vbs-sul\/'><img loading=\"lazy\" decoding=\"async\" width=\"300\" height=\"198\" src=\"https:\/\/power-and-elegance.de\/wp-content\/uploads\/2016\/05\/Lancia-VBS-SuL-300x198.jpg\" class=\"attachment-medium size-medium\" alt=\"\" aria-describedby=\"gallery-2-1623\" srcset=\"https:\/\/power-and-elegance.de\/wp-content\/uploads\/2016\/05\/Lancia-VBS-SuL-300x198.jpg 300w, https:\/\/power-and-elegance.de\/wp-content\/uploads\/2016\/05\/Lancia-VBS-SuL-768x506.jpg 768w, https:\/\/power-and-elegance.de\/wp-content\/uploads\/2016\/05\/Lancia-VBS-SuL-1024x675.jpg 1024w, https:\/\/power-and-elegance.de\/wp-content\/uploads\/2016\/05\/Lancia-VBS-SuL-700x462.jpg 700w, https:\/\/power-and-elegance.de\/wp-content\/uploads\/2016\/05\/Lancia-VBS-SuL.jpg 1808w\" sizes=\"auto, (max-width: 300px) 100vw, 300px\" \/><\/a>\n\t\t\t<\/div>\n\t\t\t\t<figcaption class='wp-caption-text gallery-caption' id='gallery-2-1623'>\n\t\t\t\tLancia association racing winner + BaP \/ Verbandsrennsieger + SuL\n\t\t\t\t<\/figcaption><\/figure><figure class='gallery-item'>\n\t\t\t<div class='gallery-icon landscape'>\n\t\t\t\t<a rel='attachment' href='https:\/\/power-and-elegance.de\/de\/irish-wolfhounds\/female\/power-elegance-bugatti-famosa-lancia\/lancia-01\/'><img loading=\"lazy\" decoding=\"async\" width=\"300\" height=\"200\" src=\"https:\/\/power-and-elegance.de\/wp-content\/uploads\/2016\/05\/Lancia-01-300x200.jpg\" class=\"attachment-medium size-medium\" alt=\"\" aria-describedby=\"gallery-2-1555\" srcset=\"https:\/\/power-and-elegance.de\/wp-content\/uploads\/2016\/05\/Lancia-01-300x200.jpg 300w, https:\/\/power-and-elegance.de\/wp-content\/uploads\/2016\/05\/Lancia-01-768x511.jpg 768w, https:\/\/power-and-elegance.de\/wp-content\/uploads\/2016\/05\/Lancia-01-1024x682.jpg 1024w, https:\/\/power-and-elegance.de\/wp-content\/uploads\/2016\/05\/Lancia-01-700x466.jpg 700w, https:\/\/power-and-elegance.de\/wp-content\/uploads\/2016\/05\/Lancia-01.jpg 1200w\" sizes=\"auto, (max-width: 300px) 100vw, 300px\" \/><\/a>\n\t\t\t<\/div>\n\t\t\t\t<figcaption class='wp-caption-text gallery-caption' id='gallery-2-1555'>\n\t\t\t\t@ the racetrack \/ auf der Rennbahn\n(Foto von Norbert Savelsberg)\n\t\t\t\t<\/figcaption><\/figure><figure class='gallery-item'>\n\t\t\t<div class='gallery-icon landscape'>\n\t\t\t\t<a rel='attachment' href='https:\/\/power-and-elegance.de\/de\/irish-wolfhounds\/female\/power-elegance-bugatti-famosa-lancia\/lancia-3\/'><img loading=\"lazy\" decoding=\"async\" width=\"300\" height=\"200\" src=\"https:\/\/power-and-elegance.de\/wp-content\/uploads\/2016\/05\/Lancia-1-300x200.jpg\" class=\"attachment-medium size-medium\" alt=\"\" aria-describedby=\"gallery-2-1371\" srcset=\"https:\/\/power-and-elegance.de\/wp-content\/uploads\/2016\/05\/Lancia-1-300x200.jpg 300w, https:\/\/power-and-elegance.de\/wp-content\/uploads\/2016\/05\/Lancia-1-768x512.jpg 768w, https:\/\/power-and-elegance.de\/wp-content\/uploads\/2016\/05\/Lancia-1-1024x683.jpg 1024w, https:\/\/power-and-elegance.de\/wp-content\/uploads\/2016\/05\/Lancia-1-700x467.jpg 700w, https:\/\/power-and-elegance.de\/wp-content\/uploads\/2016\/05\/Lancia-1.jpg 2000w\" sizes=\"auto, (max-width: 300px) 100vw, 300px\" \/><\/a>\n\t\t\t<\/div>\n\t\t\t\t<figcaption class='wp-caption-text gallery-caption' id='gallery-2-1371'>\n\t\t\t\tLancia license run\n\t\t\t\t<\/figcaption><\/figure><figure class='gallery-item'>\n\t\t\t<div class='gallery-icon portrait'>\n\t\t\t\t<a rel='attachment' href='https:\/\/power-and-elegance.de\/de\/irish-wolfhounds\/female\/power-elegance-bugatti-famosa-lancia\/lancia-2\/'><img loading=\"lazy\" decoding=\"async\" width=\"277\" height=\"300\" src=\"https:\/\/power-and-elegance.de\/wp-content\/uploads\/2016\/05\/Lancia-277x300.jpg\" class=\"attachment-medium size-medium\" alt=\"\" aria-describedby=\"gallery-2-1170\" srcset=\"https:\/\/power-and-elegance.de\/wp-content\/uploads\/2016\/05\/Lancia-277x300.jpg 277w, https:\/\/power-and-elegance.de\/wp-content\/uploads\/2016\/05\/Lancia-768x832.jpg 768w, https:\/\/power-and-elegance.de\/wp-content\/uploads\/2016\/05\/Lancia-700x758.jpg 700w, https:\/\/power-and-elegance.de\/wp-content\/uploads\/2016\/05\/Lancia.jpg 886w\" sizes=\"auto, (max-width: 277px) 100vw, 277px\" \/><\/a>\n\t\t\t<\/div>\n\t\t\t\t<figcaption class='wp-caption-text gallery-caption' id='gallery-2-1170'>\n\t\t\t\tnew Dutch youth champion @ 15 mon (with 3 shows in NL)\n\t\t\t\t<\/figcaption><\/figure><figure class='gallery-item'>\n\t\t\t<div class='gallery-icon portrait'>\n\t\t\t\t<a rel='attachment' href='https:\/\/power-and-elegance.de\/de\/irish-wolfhounds\/female\/power-elegance-bugatti-famosa-lancia\/lancia-jcac\/'><img loading=\"lazy\" decoding=\"async\" width=\"196\" height=\"300\" src=\"https:\/\/power-and-elegance.de\/wp-content\/uploads\/2016\/05\/Lancia-JCAC-196x300.jpg\" class=\"attachment-medium size-medium\" alt=\"\" aria-describedby=\"gallery-2-1306\" srcset=\"https:\/\/power-and-elegance.de\/wp-content\/uploads\/2016\/05\/Lancia-JCAC-196x300.jpg 196w, https:\/\/power-and-elegance.de\/wp-content\/uploads\/2016\/05\/Lancia-JCAC-668x1024.jpg 668w, https:\/\/power-and-elegance.de\/wp-content\/uploads\/2016\/05\/Lancia-JCAC-700x1074.jpg 700w, https:\/\/power-and-elegance.de\/wp-content\/uploads\/2016\/05\/Lancia-JCAC.jpg 710w\" sizes=\"auto, (max-width: 196px) 100vw, 196px\" \/><\/a>\n\t\t\t<\/div>\n\t\t\t\t<figcaption class='wp-caption-text gallery-caption' id='gallery-2-1306'>\n\t\t\t\tLancia (r) JCAC @ 15 mon\n\t\t\t\t<\/figcaption><\/figure><figure class='gallery-item'>\n\t\t\t<div class='gallery-icon landscape'>\n\t\t\t\t<a rel='attachment' href='https:\/\/power-and-elegance.de\/de\/irish-wolfhounds\/female\/power-elegance-bugatti-famosa-lancia\/lancia-lux\/'><img loading=\"lazy\" decoding=\"async\" width=\"300\" height=\"258\" src=\"https:\/\/power-and-elegance.de\/wp-content\/uploads\/2016\/05\/lancia-lux-300x258.jpg\" class=\"attachment-medium size-medium\" alt=\"\" aria-describedby=\"gallery-2-981\" srcset=\"https:\/\/power-and-elegance.de\/wp-content\/uploads\/2016\/05\/lancia-lux-300x258.jpg 300w, https:\/\/power-and-elegance.de\/wp-content\/uploads\/2016\/05\/lancia-lux-768x660.jpg 768w, https:\/\/power-and-elegance.de\/wp-content\/uploads\/2016\/05\/lancia-lux-1024x880.jpg 1024w, https:\/\/power-and-elegance.de\/wp-content\/uploads\/2016\/05\/lancia-lux-700x601.jpg 700w\" sizes=\"auto, (max-width: 300px) 100vw, 300px\" \/><\/a>\n\t\t\t<\/div>\n\t\t\t\t<figcaption class='wp-caption-text gallery-caption' id='gallery-2-981'>\n\t\t\t\tpuppy BOB @ 8 mon\n\t\t\t\t<\/figcaption><\/figure><figure class='gallery-item'>\n\t\t\t<div class='gallery-icon portrait'>\n\t\t\t\t<a rel='attachment' href='https:\/\/power-and-elegance.de\/de\/irish-wolfhounds\/female\/power-elegance-bugatti-famosa-lancia\/lancia-4-monat\/'><img loading=\"lazy\" decoding=\"async\" width=\"202\" height=\"300\" src=\"https:\/\/power-and-elegance.de\/wp-content\/uploads\/2016\/05\/Lancia-4.-Monat-202x300.jpg\" class=\"attachment-medium size-medium\" alt=\"\" aria-describedby=\"gallery-2-1619\" srcset=\"https:\/\/power-and-elegance.de\/wp-content\/uploads\/2016\/05\/Lancia-4.-Monat-202x300.jpg 202w, https:\/\/power-and-elegance.de\/wp-content\/uploads\/2016\/05\/Lancia-4.-Monat-768x1140.jpg 768w, https:\/\/power-and-elegance.de\/wp-content\/uploads\/2016\/05\/Lancia-4.-Monat-690x1024.jpg 690w, https:\/\/power-and-elegance.de\/wp-content\/uploads\/2016\/05\/Lancia-4.-Monat-700x1039.jpg 700w, https:\/\/power-and-elegance.de\/wp-content\/uploads\/2016\/05\/Lancia-4.-Monat.jpg 2000w\" sizes=\"auto, (max-width: 202px) 100vw, 202px\" \/><\/a>\n\t\t\t<\/div>\n\t\t\t\t<figcaption class='wp-caption-text gallery-caption' id='gallery-2-1619'>\n\t\t\t\tLancia 4th mon\n\t\t\t\t<\/figcaption><\/figure><figure class='gallery-item'>\n\t\t\t<div class='gallery-icon landscape'>\n\t\t\t\t<a rel='attachment' href='https:\/\/power-and-elegance.de\/de\/irish-wolfhounds\/female\/power-elegance-bugatti-famosa-lancia\/lancia-9-woche\/'><img loading=\"lazy\" decoding=\"async\" width=\"300\" height=\"200\" src=\"https:\/\/power-and-elegance.de\/wp-content\/uploads\/2016\/05\/Lancia-9.-Woche-300x200.jpg\" class=\"attachment-medium size-medium\" alt=\"\" aria-describedby=\"gallery-2-1622\" srcset=\"https:\/\/power-and-elegance.de\/wp-content\/uploads\/2016\/05\/Lancia-9.-Woche-300x200.jpg 300w, https:\/\/power-and-elegance.de\/wp-content\/uploads\/2016\/05\/Lancia-9.-Woche-768x512.jpg 768w, https:\/\/power-and-elegance.de\/wp-content\/uploads\/2016\/05\/Lancia-9.-Woche-1024x683.jpg 1024w, https:\/\/power-and-elegance.de\/wp-content\/uploads\/2016\/05\/Lancia-9.-Woche-700x467.jpg 700w, https:\/\/power-and-elegance.de\/wp-content\/uploads\/2016\/05\/Lancia-9.-Woche.jpg 1500w\" sizes=\"auto, (max-width: 300px) 100vw, 300px\" \/><\/a>\n\t\t\t<\/div>\n\t\t\t\t<figcaption class='wp-caption-text gallery-caption' id='gallery-2-1622'>\n\t\t\t\tLancia 9th week\n\t\t\t\t<\/figcaption><\/figure><figure class='gallery-item'>\n\t\t\t<div class='gallery-icon portrait'>\n\t\t\t\t<a rel='attachment' href='https:\/\/power-and-elegance.de\/de\/irish-wolfhounds\/female\/power-elegance-bugatti-famosa-lancia\/lancia-4-woche-2\/'><img loading=\"lazy\" decoding=\"async\" width=\"204\" height=\"300\" src=\"https:\/\/power-and-elegance.de\/wp-content\/uploads\/2016\/05\/Lancia-4.-Woche-2-204x300.jpg\" class=\"attachment-medium size-medium\" alt=\"\" aria-describedby=\"gallery-2-1621\" srcset=\"https:\/\/power-and-elegance.de\/wp-content\/uploads\/2016\/05\/Lancia-4.-Woche-2-204x300.jpg 204w, https:\/\/power-and-elegance.de\/wp-content\/uploads\/2016\/05\/Lancia-4.-Woche-2.jpg 654w\" sizes=\"auto, (max-width: 204px) 100vw, 204px\" \/><\/a>\n\t\t\t<\/div>\n\t\t\t\t<figcaption class='wp-caption-text gallery-caption' id='gallery-2-1621'>\n\t\t\t\tLancia 4th week\n\t\t\t\t<\/figcaption><\/figure><figure class='gallery-item'>\n\t\t\t<div class='gallery-icon portrait'>\n\t\t\t\t<a rel='attachment' href='https:\/\/power-and-elegance.de\/de\/irish-wolfhounds\/female\/power-elegance-bugatti-famosa-lancia\/lancia-4-woche-1\/'><img loading=\"lazy\" decoding=\"async\" width=\"200\" height=\"300\" src=\"https:\/\/power-and-elegance.de\/wp-content\/uploads\/2016\/05\/Lancia-4.-Woche-1-200x300.jpg\" class=\"attachment-medium size-medium\" alt=\"\" aria-describedby=\"gallery-2-1620\" srcset=\"https:\/\/power-and-elegance.de\/wp-content\/uploads\/2016\/05\/Lancia-4.-Woche-1-200x300.jpg 200w, https:\/\/power-and-elegance.de\/wp-content\/uploads\/2016\/05\/Lancia-4.-Woche-1.jpg 640w\" sizes=\"auto, (max-width: 200px) 100vw, 200px\" \/><\/a>\n\t\t\t<\/div>\n\t\t\t\t<figcaption class='wp-caption-text gallery-caption' id='gallery-2-1620'>\n\t\t\t\tLancia 4th week\n\t\t\t\t<\/figcaption><\/figure>\n\t\t<\/div>\n<\/p>","protected":false},"excerpt":{"rendered":"<p>Geb: 26.07.2015 Farbe: sandfarben gestromt Vater: Ch. MVCh. Mucha Moor&#8217;s R\u00fcdiger Mutter: IMCh. Mucha Moor&#8217;s Wilma H\u00f6he: 84 cm Rufname: &#8222;Lancia&#8220; Stammbaum von Lancia Jugend-Titel: Landes-Jugend-Sieger &#8222;Hessen-Th\u00fcringen&#8220;&#8217;16 Alpen-Jugend-Sieger CH&#8217;16 Alpen-Jugend-Sieger DE&#8217;16 Alpen-Jugend-Champion DWZRV Jugend-Champion (mit 11 Monaten) Deutscher Jugend-Champion (VDH) Niederl\u00e4ndischer Jugend-Champion Erwachsenen-Ausstellungs-Titel: Landes-Sieger &#8222;Hessen-Th\u00fcringen&#8220;&#8217;18 Landes-Sieger &#8222;Hessen-Th\u00fcringen&#8220;&#8217;19 Deutscher Champion (DWZRV) &#8230;<\/p>\n","protected":false},"author":2,"featured_media":0,"parent":21,"menu_order":0,"comment_status":"closed","ping_status":"closed","template":"","meta":{"ngg_post_thumbnail":0,"footnotes":""},"class_list":["post-980","page","type-page","status-publish","hentry","column","twocol"],"_links":{"self":[{"href":"https:\/\/power-and-elegance.de\/de\/wp-json\/wp\/v2\/pages\/980","targetHints":{"allow":["GET"]}}],"collection":[{"href":"https:\/\/power-and-elegance.de\/de\/wp-json\/wp\/v2\/pages"}],"about":[{"href":"https:\/\/power-and-elegance.de\/de\/wp-json\/wp\/v2\/types\/page"}],"author":[{"embeddable":true,"href":"https:\/\/power-and-elegance.de\/de\/wp-json\/wp\/v2\/users\/2"}],"replies":[{"embeddable":true,"href":"https:\/\/power-and-elegance.de\/de\/wp-json\/wp\/v2\/comments?post=980"}],"version-history":[{"count":92,"href":"https:\/\/power-and-elegance.de\/de\/wp-json\/wp\/v2\/pages\/980\/revisions"}],"predecessor-version":[{"id":2724,"href":"https:\/\/power-and-elegance.de\/de\/wp-json\/wp\/v2\/pages\/980\/revisions\/2724"}],"up":[{"embeddable":true,"href":"https:\/\/power-and-elegance.de\/de\/wp-json\/wp\/v2\/pages\/21"}],"wp:attachment":[{"href":"https:\/\/power-and-elegance.de\/de\/wp-json\/wp\/v2\/media?parent=980"}],"curies":[{"name":"wp","href":"https:\/\/api.w.org\/{rel}","templated":true}]}}